{"id":909,"date":"2020-10-29T15:54:50","date_gmt":"2020-10-29T18:54:50","guid":{"rendered":"https:\/\/www.appoloviracel.com.uy\/?post_type=product&#038;p=909"},"modified":"2021-12-22T09:50:10","modified_gmt":"2021-12-22T12:50:10","slug":"jbl-flip-5-bluetooth","status":"publish","type":"product","link":"https:\/\/www.appoloviracel.com.uy\/index.php\/product\/jbl-flip-5-bluetooth\/","title":{"rendered":"Parlante JBL \u00abFlip 5\u00bb (Bluetooth)"},"content":{"rendered":"<h4>Caracter\u00edsticas y especificaciones:<\/h4>\n<p>Algo que nos ha llamado poderosamente la atenci\u00f3n es el conector de alimentaci\u00f3n. Primero, por apostar finalmente por el <strong>conector USB-C.<\/strong> Segundo, al no incorporar una tapa sellada para mantenerlo protegido frente al agua. JBL asegura que no es necesario y <strong>no supone ning\u00fan problema de oxidaci\u00f3n<\/strong> gracias al uso de materiales resistentes. Eso s\u00ed, habr\u00e1 que esperar a que est\u00e9 completamente seco antes de ponerlo a cargar. Adem\u00e1s, la arena o el polvo s\u00ed pueden ocasionar alguna molestia servera. Junto a \u00e9l est\u00e1 la barra LED que nos da informaci\u00f3n sobre el<strong> estado de carga<\/strong> de la bater\u00eda.<\/p>\n<p><strong>Nuevo modelo de JBL Flip, m\u00e1s grande, con m\u00e1s potencia y m\u00e1s autonom\u00eda de bater\u00eda que antes.<\/strong><\/p>\n<ul>\n<li>Mejor sonido de bajos que su predecesor<\/li>\n<li>Streaming inal\u00e1mbrico v\u00eda Bluetooth: se conecta inal\u00e1mbricamente a cualquier tel\u00e9fono o tableta<\/li>\n<li>Dimensiones: 181 * 69 * 74 mm<\/li>\n<li>Peso: 545 gramos<\/li>\n<li>Potencia: 20 W RMS, 1 driver y dos radiadores pasivos<\/li>\n<li>Bater\u00eda: 4.800 mAh<\/li>\n<li>Autonom\u00eda: aprox. 12 horas<\/li>\n<li>Tiempo de carga bater\u00eda: aprox. 2,5 horas<\/li>\n<li>Conectividad: Bluetooth 4.2 (A2DP V1.3, AVRCP V1.6)<\/li>\n<\/ul>\n<p>&nbsp;<\/p>\n<h5>*Las im\u00e1genes son a modo ilustrativo.<\/h5>\n","protected":false},"excerpt":{"rendered":"<h3><span style=\"color: #339966;\"><strong>U$S 155<\/strong><\/span><\/h3>\n","protected":false},"featured_media":6824,"comment_status":"open","ping_status":"closed","template":"","meta":[],"_links":{"self":[{"href":"https:\/\/www.appoloviracel.com.uy\/index.php\/wp-json\/wp\/v2\/product\/909"}],"collection":[{"href":"https:\/\/www.appoloviracel.com.uy\/index.php\/wp-json\/wp\/v2\/product"}],"about":[{"href":"https:\/\/www.appoloviracel.com.uy\/index.php\/wp-json\/wp\/v2\/types\/product"}],"replies":[{"embeddable":true,"href":"https:\/\/www.appoloviracel.com.uy\/index.php\/wp-json\/wp\/v2\/comments?post=909"}],"wp:featuredmedia":[{"embeddable":true,"href":"https:\/\/www.appoloviracel.com.uy\/index.php\/wp-json\/wp\/v2\/media\/6824"}],"wp:attachment":[{"href":"https:\/\/www.appoloviracel.com.uy\/index.php\/wp-json\/wp\/v2\/media?parent=909"}],"curies":[{"name":"wp","href":"https:\/\/api.w.org\/{rel}","templated":true}]}}