{"id":902,"date":"2020-10-29T15:51:25","date_gmt":"2020-10-29T18:51:25","guid":{"rendered":"https:\/\/www.appoloviracel.com.uy\/?post_type=product&#038;p=902"},"modified":"2021-12-15T17:48:46","modified_gmt":"2021-12-15T20:48:46","slug":"jbl-charge-4-bluetooth","status":"publish","type":"product","link":"https:\/\/www.appoloviracel.com.uy\/index.php\/product\/jbl-charge-4-bluetooth\/","title":{"rendered":"Parlante JBL \u00abCharge 4\u00bb (Bluetooth)"},"content":{"rendered":"<h4>Caracter\u00edsticas y especificaciones:<\/h4>\n<p>Presentamos el altavoz Bluetooth port\u00e1til JBL Charge 4 con espectro completo, sonido potente y un banco de energ\u00eda incorporado para cargar sus dispositivos. Cuenta con un controlador desarrollado patentado y dos radiadores de graves JBL que intensifican el sonido con graves profundos y fuertes. Su bater\u00eda de iones de litio recargable de alta capacidad de 7500 mAh proporciona hasta 20 horas de reproducci\u00f3n. El altavoz lleva una conveniente carga USB para cargar r\u00e1pidamente sus dispositivos, como su tel\u00e9fono inteligente, para que nunca m\u00e1s se quede sin energ\u00eda. El Charge 4 presenta un dise\u00f1o resistente, exterior con clasificaci\u00f3n de impermeabilidad IPX7 y viene en un conjunto de colores fr\u00edos. Junto con JBL Connect +, puede conectar de forma inal\u00e1mbrica m\u00e1s de 100 altavoces habilitados para JBL Connect + para mejorar su experiencia auditiva.<\/p>\n<ul>\n<li>Tiempo m\u00e1ximo de reproducci\u00f3n de m\u00fasica (horas): 20<\/li>\n<li>Potencia de salida (W): 30<\/li>\n<li>Respuesta de frecuencia: de 60 Hz a 20 kHz<\/li>\n<li>Relaci\u00f3n se\u00f1al-ruido&gt; 80dB<\/li>\n<li>Dimensiones (cm): 22 * 9.5 * 9.3<\/li>\n<li>Dimensiones (pulg): 8,66 * 3,74 * 3,66<\/li>\n<li>Peso (kgs): 0.96<\/li>\n<li>Peso (libras): 2,12<\/li>\n<li>Bluetooth versi\u00f3n: 4.2<\/li>\n<li>Capacidad de la bater\u00eda (mAh): 7.500<\/li>\n<li>Tiempo de carga (horas): 4<\/li>\n<li>Entrada de cable de audio de 3,5 mm: S\u00ed<\/li>\n<li>Apagado autom\u00e1tico: S\u00ed<\/li>\n<li>Bluetooth: S\u00ed<\/li>\n<li>JBL Connect +: S\u00ed<\/li>\n<li>Powerbank: S\u00ed<\/li>\n<li>Altavoz: No<\/li>\n<li>Integraci\u00f3n del asistente de voz: No<\/li>\n<li>Resistente al agua: Si<\/li>\n<\/ul>\n<p>&nbsp;<\/p>\n<h5><strong>*Las im\u00e1genes son a modo ilustrativo.<\/strong><\/h5>\n<p>&nbsp;<\/p>\n","protected":false},"excerpt":{"rendered":"<h3><span style=\"color: #339966;\"><strong>U$S\u00a0 210<\/strong><\/span><\/h3>\n<h3><span style=\"color: #ff0000;\"><strong>\u00a0<\/strong><\/span><\/h3>\n","protected":false},"featured_media":5987,"comment_status":"open","ping_status":"closed","template":"","meta":[],"_links":{"self":[{"href":"https:\/\/www.appoloviracel.com.uy\/index.php\/wp-json\/wp\/v2\/product\/902"}],"collection":[{"href":"https:\/\/www.appoloviracel.com.uy\/index.php\/wp-json\/wp\/v2\/product"}],"about":[{"href":"https:\/\/www.appoloviracel.com.uy\/index.php\/wp-json\/wp\/v2\/types\/product"}],"replies":[{"embeddable":true,"href":"https:\/\/www.appoloviracel.com.uy\/index.php\/wp-json\/wp\/v2\/comments?post=902"}],"wp:featuredmedia":[{"embeddable":true,"href":"https:\/\/www.appoloviracel.com.uy\/index.php\/wp-json\/wp\/v2\/media\/5987"}],"wp:attachment":[{"href":"https:\/\/www.appoloviracel.com.uy\/index.php\/wp-json\/wp\/v2\/media?parent=902"}],"curies":[{"name":"wp","href":"https:\/\/api.w.org\/{rel}","templated":true}]}}