{"id":8798,"date":"2021-12-27T21:12:47","date_gmt":"2021-12-28T00:12:47","guid":{"rendered":"https:\/\/www.appoloviracel.com.uy\/?post_type=product&#038;p=8798"},"modified":"2022-03-17T20:54:27","modified_gmt":"2022-03-17T23:54:27","slug":"parlante-klip-kbs-025-nitro","status":"publish","type":"product","link":"https:\/\/www.appoloviracel.com.uy\/index.php\/product\/parlante-klip-kbs-025-nitro\/","title":{"rendered":"Parlante Klip \u00abKBS-025\u00bb Nitro"},"content":{"rendered":"<h4>Caracter\u00edsticas y especificaciones:<\/h4>\n<p>El Nitro cuenta con la tecnolog\u00eda de radiador pasivo con el que tu m\u00fasica no solo se escucha sino que se siente debido a la respuesta de bajos con la que cuenta, adem\u00e1s de la unidad de 50mm para que tu m\u00fasica est\u00e9\u00a0en otro nivel<\/p>\n<ul>\n<li><strong>Conexi\u00f3n inal\u00e1mbrica: <\/strong><strong>Conecta dos parlantes de forma inal\u00e1mbrica a trav\u00e9s de la tecnolog\u00eda TWS y aumenta el sonido de tu m\u00fasica. Puedes estar a una distancia de hasta 30 metros por su conectividad Bluetooth 5.0<\/strong><\/li>\n<li><strong>Disfruta sin l\u00edmites: <\/strong><strong>La carcasa resistente al agua IPX7 hace que el Nitro sea perfecto para la playa, la piscina o mientras llueve<\/strong><\/li>\n<li><strong>Horas y horas de m\u00fasica: <\/strong><strong>Escucha m\u00fasica todo el d\u00eda de paseo, en el parque, donde sea, con 20 horas de reproducci\u00f3n<\/strong><\/li>\n<li><strong>Manos libres: <\/strong><strong>Gestiona tus llamadas desde la playa, el bosque o la piscina desde el parlante o sin tocar tu celular al emparejarlo con el Nitro<\/strong><\/li>\n<\/ul>\n<p>Disfruta de un sonido inigualable en tu casa, el jard\u00edn, la piscina o cualquier lugar a donde vayas con el parlante inal\u00e1mbrico port\u00e1til KBS-025. Su dise\u00f1o liviano y ultra compacto hace que puedas deslizarlo en un bolsillo o mochila con facilidad, y hasta cargarlo c\u00f3modamente en la palma de la mano. El parlante est\u00e1 equipado con tecnolog\u00eda TWS (con verdadera conexi\u00f3n inal\u00e1mbrica est\u00e9reo) para reproducir m\u00fasica a trav\u00e9s de dos unidades id\u00e9nticas conectadas simult\u00e1neamente, con una potencia total de salida de 6 watts. La bater\u00eda de litio integrada de 2000mAh permite hasta 20 horas de reproducci\u00f3n de m\u00fasica con una sola carga. Su construcci\u00f3n robusta se complementa con la clasificaci\u00f3n IPX7 de resistencia al agua, que permite sumergirlo hasta una profundidad de un metro durante aproximadamente 30 minutos. Al integrar la \u00faltima tecnolog\u00eda inal\u00e1mbrica, este parlante port\u00e1til se empareja f\u00e1cilmente con cualquier dispositivo compatible con Bluetooth\u00ae a una distancia de hasta 30 metros. Disfruta de tus melod\u00edas favoritas con toda la potencia y a todo color, sin importar en donde te encuentres.<\/p>\n<ul>\n<li>Parlante port\u00e1til con tecnolog\u00eda inal\u00e1mbrica Bluetooth\u00ae y de vinculaci\u00f3n TWS, dise\u00f1ado para reproducir audio en forma inal\u00e1mbrica a trav\u00e9s de dos parlantes iguales simult\u00e1neamente, a una distancia de hasta 30 metros**<\/li>\n<li>La bater\u00eda recargable integrada de 2000mAh ofrece 20 horas de reproducci\u00f3n con una sola carga*<\/li>\n<li>Cumple con la clasificaci\u00f3n IPX7 de resistencia al agua, que permite sumergirlo a 1 metro de profundidad durante 30 minutos<\/li>\n<li>Poderoso parlante de 50mm con una potencia de salida excepcional para la gama completa de tonos y calidad de audio superior<\/li>\n<li>Tecnolog\u00eda de radiador pasivo para efectos de graves impresionantes<\/li>\n<li>Micr\u00f3fono incorporado en la unidad para conversaciones con manos libres<\/li>\n<li>Dise\u00f1o compacto complementado por una resistente rejilla met\u00e1lica, revestimiento de goma suave y un pr\u00e1ctico cord\u00f3n para f\u00e1cil transporte<\/li>\n<\/ul>\n<p><strong>\u00a0<\/strong><\/p>\n<h5><strong>*Las im\u00e1genes son a modo ilustrativo.<\/strong><\/h5>\n","protected":false},"excerpt":{"rendered":"<h3><span style=\"color: #339966;\"><strong>$ 1.590<\/strong><\/span><\/h3>\n","protected":false},"featured_media":8799,"comment_status":"open","ping_status":"closed","template":"","meta":[],"_links":{"self":[{"href":"https:\/\/www.appoloviracel.com.uy\/index.php\/wp-json\/wp\/v2\/product\/8798"}],"collection":[{"href":"https:\/\/www.appoloviracel.com.uy\/index.php\/wp-json\/wp\/v2\/product"}],"about":[{"href":"https:\/\/www.appoloviracel.com.uy\/index.php\/wp-json\/wp\/v2\/types\/product"}],"replies":[{"embeddable":true,"href":"https:\/\/www.appoloviracel.com.uy\/index.php\/wp-json\/wp\/v2\/comments?post=8798"}],"wp:featuredmedia":[{"embeddable":true,"href":"https:\/\/www.appoloviracel.com.uy\/index.php\/wp-json\/wp\/v2\/media\/8799"}],"wp:attachment":[{"href":"https:\/\/www.appoloviracel.com.uy\/index.php\/wp-json\/wp\/v2\/media?parent=8798"}],"curies":[{"name":"wp","href":"https:\/\/api.w.org\/{rel}","templated":true}]}}