{"id":8639,"date":"2021-12-24T15:11:45","date_gmt":"2021-12-24T18:11:45","guid":{"rendered":"https:\/\/www.appoloviracel.com.uy\/?post_type=product&#038;p=8639"},"modified":"2024-11-12T14:16:59","modified_gmt":"2024-11-12T17:16:59","slug":"auricular-jbl-ipx7-endurance-peak-ii-bluetooth","status":"publish","type":"product","link":"https:\/\/www.appoloviracel.com.uy\/index.php\/product\/auricular-jbl-ipx7-endurance-peak-ii-bluetooth\/","title":{"rendered":"Auricular JBL \u00abEndurance Peak II &#8211; IPX7 \u00bb (Bluetooth)"},"content":{"rendered":"<h4>Caracter\u00edsticas y especificaciones:<\/h4>\n<p><strong>Aud\u00edfonos deportivos inal\u00e1mbricos impermeables<\/strong><\/p>\n<ul>\n<li>Jbl El sonido de graves puro te da suficientes graves para dar a todo tu cuerpo un impulso y obtener ese empuje extra justo cuando m\u00e1s lo necesitas.<\/li>\n<li>Con 30 horas de reproducci\u00f3n (6 horas en brotes\/24 horas en caso), tienes la inspiraci\u00f3n adicional que necesitas para hacer que vayas m\u00e1s milla.<\/li>\n<li>El dise\u00f1o de gancho de potencia Endurance Peak II te permite ajustar los auriculares a tu tama\u00f1o y nivel de comodidad.<\/li>\n<li>Con doble conexi\u00f3n puedes tomar llamadas, ajustar el volumen o utilizar tu asistente de voz en cualquier o\u00eddo, para que puedas mantenerte flexible y nunca te ensucies con tu impulso.<\/li>\n<li>Las llamadas est\u00e9reo manos libres y el acceso del asistente de voz te permiten mantenerte en contacto con tu gente y mantener el control de tu reproducci\u00f3n sin interrumpir nunca el flujo de tu entrenamiento.<\/li>\n<li>Tecnolog\u00eda de comunicaci\u00f3n inal\u00e1mbrica: Bluetooth<\/li>\n<li>Componentes incluidos: JBL Endurance Peak II, 3 tama\u00f1os de almohadillas de o\u00eddo, mejorador, cable de carga tipo C, funda de carga, garant\u00eda\/advertencia, gu\u00eda de inicio r\u00e1pido\/hoja de seguridad<\/li>\n<\/ul>\n<h5><\/h5>\n<h5><strong>*Las im\u00e1genes son a modo ilustrativo.<\/strong><\/h5>\n","protected":false},"excerpt":{"rendered":"<h3><span style=\"color: #ff0000;\"><strong><span style=\"color: #ff0000;\">ARTICULO AGOTADO<\/span><br \/>\n<\/strong><\/span><\/h3>\n","protected":false},"featured_media":8640,"comment_status":"open","ping_status":"closed","template":"","meta":[],"_links":{"self":[{"href":"https:\/\/www.appoloviracel.com.uy\/index.php\/wp-json\/wp\/v2\/product\/8639"}],"collection":[{"href":"https:\/\/www.appoloviracel.com.uy\/index.php\/wp-json\/wp\/v2\/product"}],"about":[{"href":"https:\/\/www.appoloviracel.com.uy\/index.php\/wp-json\/wp\/v2\/types\/product"}],"replies":[{"embeddable":true,"href":"https:\/\/www.appoloviracel.com.uy\/index.php\/wp-json\/wp\/v2\/comments?post=8639"}],"wp:featuredmedia":[{"embeddable":true,"href":"https:\/\/www.appoloviracel.com.uy\/index.php\/wp-json\/wp\/v2\/media\/8640"}],"wp:attachment":[{"href":"https:\/\/www.appoloviracel.com.uy\/index.php\/wp-json\/wp\/v2\/media?parent=8639"}],"curies":[{"name":"wp","href":"https:\/\/api.w.org\/{rel}","templated":true}]}}