{"id":8522,"date":"2021-12-23T20:16:22","date_gmt":"2021-12-23T23:16:22","guid":{"rendered":"https:\/\/www.appoloviracel.com.uy\/?post_type=product&#038;p=8522"},"modified":"2025-09-16T15:31:00","modified_gmt":"2025-09-16T18:31:00","slug":"auricular-jbl-tune-225-pure-basss-bluetooth","status":"publish","type":"product","link":"https:\/\/www.appoloviracel.com.uy\/index.php\/product\/auricular-jbl-tune-225-pure-basss-bluetooth\/","title":{"rendered":"Auricular JBL \u00abTune 225\u00bb Pure Basss (Bluetooth)"},"content":{"rendered":"<h4>Caracter\u00edsticas y especificaciones:<\/h4>\n<ul>\n<li>JBL Sonido de graves puros: alimentando festivales y conciertos en todo el mundo durante d\u00e9cadas, ahora JBL da vida a tu propio mundo con el incre\u00edble sonido Pure Bass en estos auriculares inal\u00e1mbricos<\/li>\n<li>Inal\u00e1mbrico con estilo: experimenta total libertad sin cables con los auriculares True Wireless JBL Tune 225TWS. Con 6 colores diferentes, podr\u00e1s encontrar el par perfecto de auriculares para que coincida exactamente con qui\u00e9n eres<\/li>\n<li>Bater\u00eda de hasta 25 horas (5 m\u00e1s 20): estos auriculares tienen suficiente bater\u00eda para durar todo el d\u00eda y toda la noche. Mant\u00e9n tu propio concierto privado durante todo el tiempo que puedas mantenerte al d\u00eda<\/li>\n<li>Conexi\u00f3n dual: la potencia de Dual Connect te da la opci\u00f3n de disfrutar sin problemas de m\u00fasica o hacer llamadas con uno o ambos brotes. Y la duraci\u00f3n de la bater\u00eda se mantiene al d\u00eda contigo, ya que puedes mantener un auricular cargando, mientras usas el otro<\/li>\n<li>Elegante funda de carga: la funda de carga para los auriculares inal\u00e1mbricos JBL Tune 225TWS est\u00e1 tan cuidadosamente dise\u00f1ada como los auriculares que sostiene, con una forma inspirada en una piedra de r\u00edo, un cuerpo suave y una tapa curva que se despliega para darte acceso r\u00e1pido a tus auriculares<\/li>\n<li>Tecnolog\u00eda de conectividad: Bluetooth<\/li>\n<li>Tecnolog\u00eda de comunicaci\u00f3n inal\u00e1mbrica: Bluetooth<\/li>\n<li>Componentes incluidos: auriculares JBL TUNE 225TWS, cable de carga USB tipo C, funda de carga<\/li>\n<\/ul>\n<h5><\/h5>\n<h5><strong>*Las im\u00e1genes son a modo ilustrativo.<\/strong><\/h5>\n","protected":false},"excerpt":{"rendered":"<h3><span style=\"color: #ff0000;\"><strong>AGOTADO<\/strong><\/span><\/h3>\n","protected":false},"featured_media":8523,"comment_status":"open","ping_status":"closed","template":"","meta":[],"_links":{"self":[{"href":"https:\/\/www.appoloviracel.com.uy\/index.php\/wp-json\/wp\/v2\/product\/8522"}],"collection":[{"href":"https:\/\/www.appoloviracel.com.uy\/index.php\/wp-json\/wp\/v2\/product"}],"about":[{"href":"https:\/\/www.appoloviracel.com.uy\/index.php\/wp-json\/wp\/v2\/types\/product"}],"replies":[{"embeddable":true,"href":"https:\/\/www.appoloviracel.com.uy\/index.php\/wp-json\/wp\/v2\/comments?post=8522"}],"wp:featuredmedia":[{"embeddable":true,"href":"https:\/\/www.appoloviracel.com.uy\/index.php\/wp-json\/wp\/v2\/media\/8523"}],"wp:attachment":[{"href":"https:\/\/www.appoloviracel.com.uy\/index.php\/wp-json\/wp\/v2\/media?parent=8522"}],"curies":[{"name":"wp","href":"https:\/\/api.w.org\/{rel}","templated":true}]}}