{"id":8445,"date":"2021-12-17T22:44:57","date_gmt":"2021-12-18T01:44:57","guid":{"rendered":"https:\/\/www.appoloviracel.com.uy\/?post_type=product&#038;p=8445"},"modified":"2025-02-06T16:20:47","modified_gmt":"2025-02-06T19:20:47","slug":"celular-xiaomi-poco-x3-gt-5g-128gb-8gb","status":"publish","type":"product","link":"https:\/\/www.appoloviracel.com.uy\/index.php\/product\/celular-xiaomi-poco-x3-gt-5g-128gb-8gb\/","title":{"rendered":"Celular Xiaomi \u00abPoco X3 GT\u00bb 5G (128Gb-8Gb)"},"content":{"rendered":"<h4><strong>Caracter\u00edsticas y especificaciones<\/strong><\/h4>\n<p>POCO X3 GT: lo nuevo de Xiaomi llega con 5G, pantalla Gorilla Glass Victus de 120 Hz y carga r\u00e1pida de 67 W<\/p>\n<ul>\n<li><strong>PANTALLA: LCD de 6,6 pulgadas; Resoluci\u00f3n FullHD+ (2.400 * 1.080 p\u00edxeles); Tasa de refresco: 120 HZ; Corning Gorilla Glass Victus<\/strong><\/li>\n<li><strong>PROCESADOR: Dimensity 1100; <\/strong><\/li>\n<li><strong>RAM: 8 Gb LPDDR4Xb<\/strong><\/li>\n<li><strong>ALMACENAMIENTO INTERNO: 128 Gb UFS 3.1<\/strong><\/li>\n<li><strong>C\u00c1MARA TRASERA: 64 megap\u00edxeles principal; 8 megap\u00edxeles gran angular; 2 megap\u00edxeles c\u00e1mara macro<\/strong><\/li>\n<li><strong>C\u00c1MARA DELANTERA: 16 megap\u00edxeles<\/strong><\/li>\n<li><strong>BATER\u00cdA: 5.000 mAh; Carga r\u00e1pida de 67 W<\/strong><\/li>\n<li><strong>SISTEMA OPERATIVO: Android 11 + MIUI 12.5 for POCO<\/strong><\/li>\n<li><strong>CONECTIVIDAD: Dual SIM 5G + 5G;\u00a0 4G\/LTE;\u00a0 WiFi 6; Bluetooth 5.2; NFC, USB-C<\/strong><\/li>\n<li><strong>OTROS: Refrigeraci\u00f3n Liquid Techonology 2.0; Lector de huellas lateral; Altavoces duales; Dolby Atmos<\/strong><\/li>\n<li><strong>DIMENSIONES: 163,3 * 75,9 * 8,9 mm<\/strong><\/li>\n<li><strong>PESO: 193 grs. <\/strong><\/li>\n<li>Se incluyen los siguientes accesorios: <strong>Cargador y Manual<\/strong><\/li>\n<li><strong>Garant\u00eda:<\/strong> 12 meses contra defecto de fabricaci\u00f3n<\/li>\n<\/ul>\n<h4><\/h4>\n<h4><span style=\"color: #ff0000;\"><strong>Contado efectivo: 10% de Descuento<\/strong><\/span><\/h4>\n<h5><strong>*Las im\u00e1genes son a modo ilustrativo.<\/strong><\/h5>\n<p><strong>\u00a0<\/strong><\/p>\n","protected":false},"excerpt":{"rendered":"<h3><span style=\"color: #ff0000;\"><strong>U$S 465<\/strong><\/span><\/h3>\n","protected":false},"featured_media":8446,"comment_status":"open","ping_status":"closed","template":"","meta":[],"_links":{"self":[{"href":"https:\/\/www.appoloviracel.com.uy\/index.php\/wp-json\/wp\/v2\/product\/8445"}],"collection":[{"href":"https:\/\/www.appoloviracel.com.uy\/index.php\/wp-json\/wp\/v2\/product"}],"about":[{"href":"https:\/\/www.appoloviracel.com.uy\/index.php\/wp-json\/wp\/v2\/types\/product"}],"replies":[{"embeddable":true,"href":"https:\/\/www.appoloviracel.com.uy\/index.php\/wp-json\/wp\/v2\/comments?post=8445"}],"wp:featuredmedia":[{"embeddable":true,"href":"https:\/\/www.appoloviracel.com.uy\/index.php\/wp-json\/wp\/v2\/media\/8446"}],"wp:attachment":[{"href":"https:\/\/www.appoloviracel.com.uy\/index.php\/wp-json\/wp\/v2\/media?parent=8445"}],"curies":[{"name":"wp","href":"https:\/\/api.w.org\/{rel}","templated":true}]}}