{"id":836,"date":"2020-10-24T15:04:25","date_gmt":"2020-10-24T18:04:25","guid":{"rendered":"https:\/\/www.appoloviracel.com.uy\/?post_type=product&#038;p=836"},"modified":"2021-03-29T21:59:43","modified_gmt":"2021-03-30T00:59:43","slug":"havit-hv-h2212u-gaming","status":"publish","type":"product","link":"https:\/\/www.appoloviracel.com.uy\/index.php\/product\/havit-hv-h2212u-gaming\/","title":{"rendered":"Auricular Havit \u00abHV-H2212U\u00bb (Gaming-Vincha)"},"content":{"rendered":"<h4>Caracter\u00edsticas y especificaciones:<\/h4>\n<p>Auriculares\u00a0gaming con puerto USB\u00a0y luz azul HV-H2212U.<\/p>\n<p>Cascos\u00a0profesionales creados para\u00a0gamers, con\u00a0una gran calidad de sonido y anti-ruido. Su conector \u00fanico de puerto USB\u00a0ofrece sonido y transmisi\u00f3n micr\u00f3fono. Posee una\u00a0diadema regulable, que aporta una gran comodidad\u00a0para partidas m\u00e1s largas. Su cable contiene el control volumen, el bot\u00f3n de mute de micr\u00f3fono, y tambi\u00e9n el de encender y apagar su\u00a0luz azul.<\/p>\n<ul>\n<li>N\u00famero de modelo: HV-H2212U<\/li>\n<li>Enchufe: USB 7.1<\/li>\n<li>Peso: 335 \u00b1 5 grs<\/li>\n<li>Dimensiones: 165*160*105 mm<\/li>\n<li>Potencia de entrada clasificada: 20 mW, Max 30 mW<\/li>\n<li>Tipo de interfaz: USB<\/li>\n<li>Altavoz: \u03a6 40 mm<\/li>\n<li>Sensibilidad del altavoz: 112 dB \u00b1 3 dB<\/li>\n<li>Impedancia del altavoz: 32 \u00b1 15 % \u03a9<\/li>\n<li>Especificaciones del micr\u00f3fono: \u00d8 6.0 * 5.0<\/li>\n<li>Sensibilidad del micr\u00f3fono: -48 dB \u00b1 2 dB<\/li>\n<li>Impedancia de micr\u00f3fono: \u2264 2.2 K<\/li>\n<li>Respuesta de frecuencia del micr\u00f3fono: 100 Hz \u2013 20 KHz<\/li>\n<li>Longitud del cable del auricular: 2500 \u00b1 10% mm<\/li>\n<\/ul>\n<p>&nbsp;<\/p>\n<h5><strong>*Las im\u00e1genes son a modo ilustrativo.<\/strong><\/h5>\n","protected":false},"excerpt":{"rendered":"<h3><span style=\"color: #339966;\"><strong>U$S 49<\/strong><\/span><\/h3>\n","protected":false},"featured_media":837,"comment_status":"open","ping_status":"closed","template":"","meta":[],"_links":{"self":[{"href":"https:\/\/www.appoloviracel.com.uy\/index.php\/wp-json\/wp\/v2\/product\/836"}],"collection":[{"href":"https:\/\/www.appoloviracel.com.uy\/index.php\/wp-json\/wp\/v2\/product"}],"about":[{"href":"https:\/\/www.appoloviracel.com.uy\/index.php\/wp-json\/wp\/v2\/types\/product"}],"replies":[{"embeddable":true,"href":"https:\/\/www.appoloviracel.com.uy\/index.php\/wp-json\/wp\/v2\/comments?post=836"}],"wp:featuredmedia":[{"embeddable":true,"href":"https:\/\/www.appoloviracel.com.uy\/index.php\/wp-json\/wp\/v2\/media\/837"}],"wp:attachment":[{"href":"https:\/\/www.appoloviracel.com.uy\/index.php\/wp-json\/wp\/v2\/media?parent=836"}],"curies":[{"name":"wp","href":"https:\/\/api.w.org\/{rel}","templated":true}]}}