{"id":832,"date":"2020-10-24T14:27:46","date_gmt":"2020-10-24T17:27:46","guid":{"rendered":"https:\/\/www.appoloviracel.com.uy\/?post_type=product&#038;p=832"},"modified":"2021-03-29T21:59:08","modified_gmt":"2021-03-30T00:59:08","slug":"havit-hv-h2168d-gamer-con-microfono","status":"publish","type":"product","link":"https:\/\/www.appoloviracel.com.uy\/index.php\/product\/havit-hv-h2168d-gamer-con-microfono\/","title":{"rendered":"Auricular Havit \u00abHV-H2168D\u00bb (Gaming-Vincha)"},"content":{"rendered":"<h4>Caracter\u00edsticas y especificaciones:<\/h4>\n<ul>\n<li>AURICULAR HAVIT CABLEADO CON VINCHA Y MICROFONO, NEGRO Y ROJO<\/li>\n<li>Auriculares Gaming con micr\u00f3fono, luz roja y\u00a0conector 3,5 mm doble jack y puerto USB\u00a0HV-H2168D<\/li>\n<li>Carcasa\u00a0se llena con la\u00a0luz LED, una tecnolog\u00eda que proporciona\u00a0una sensaci\u00f3n de luminiscencia en espacios de oscuridad<\/li>\n<li>Bicolor TPE irregular y construido en doble haz de manganeso el\u00e1stico de apoyo de acero, que ofrecen resistencia ultra-fuerte y el confort del agarre<\/li>\n<li>Cable trenzado anti-envejecimiento, anti-devanado, mucho m\u00e1s duradero<\/li>\n<li>Altavoz de calibre ultra-grande de 5,40 mm, pel\u00edcula ultra-fina, n\u00facleo magn\u00e9tico HP y\u00a0sonido envolvente mega bajo, que aporta una excelente calidad de sonido<\/li>\n<li>Interfaz jack 3,5 mm plateado en oro\u00a0y puerto USB<\/li>\n<li>Micr\u00f3fono de alta sensibilidad, que permite una comunicaci\u00f3n eficaz del equipo<\/li>\n<li>Earlap integrado anti-rotura, anti-gota, y anti-golpes excelente, que lo convierten en un producto dise\u00f1ado para el gamer profesional<\/li>\n<\/ul>\n<p>&nbsp;<\/p>\n<h5><strong>*Las im\u00e1genes son a modo ilustrativo.<\/strong><\/h5>\n","protected":false},"excerpt":{"rendered":"<h3><span style=\"color: #339966;\"><strong>U$S 22<\/strong><\/span><\/h3>\n","protected":false},"featured_media":833,"comment_status":"open","ping_status":"closed","template":"","meta":[],"_links":{"self":[{"href":"https:\/\/www.appoloviracel.com.uy\/index.php\/wp-json\/wp\/v2\/product\/832"}],"collection":[{"href":"https:\/\/www.appoloviracel.com.uy\/index.php\/wp-json\/wp\/v2\/product"}],"about":[{"href":"https:\/\/www.appoloviracel.com.uy\/index.php\/wp-json\/wp\/v2\/types\/product"}],"replies":[{"embeddable":true,"href":"https:\/\/www.appoloviracel.com.uy\/index.php\/wp-json\/wp\/v2\/comments?post=832"}],"wp:featuredmedia":[{"embeddable":true,"href":"https:\/\/www.appoloviracel.com.uy\/index.php\/wp-json\/wp\/v2\/media\/833"}],"wp:attachment":[{"href":"https:\/\/www.appoloviracel.com.uy\/index.php\/wp-json\/wp\/v2\/media?parent=832"}],"curies":[{"name":"wp","href":"https:\/\/api.w.org\/{rel}","templated":true}]}}