{"id":827,"date":"2020-10-24T13:58:57","date_gmt":"2020-10-24T16:58:57","guid":{"rendered":"https:\/\/www.appoloviracel.com.uy\/?post_type=product&#038;p=827"},"modified":"2024-09-03T19:39:22","modified_gmt":"2024-09-03T22:39:22","slug":"one-plus-bts-c6391","status":"publish","type":"product","link":"https:\/\/www.appoloviracel.com.uy\/index.php\/product\/one-plus-bts-c6391\/","title":{"rendered":"Auricular One Plus \u00abBTS-C6391\u00bb (Bluetooth)"},"content":{"rendered":"<h4>Caracter\u00edsticas y especificaciones:<\/h4>\n<p>Los auriculares OnePlus C6391 est\u00e1n equipados con tecnolog\u00eda Bluetooth, lo que garantiza la comunicaci\u00f3n inal\u00e1mbrica con otros dispositivos, como una computadora, tel\u00e9fono inteligente o tableta.<br \/>\nEstos aud\u00edfonos inal\u00e1mbricos son excelentes para comunicarse y conversar, lo que le permite responder o rechazar llamadas sin tener que sostener el tel\u00e9fono en la mano, todo a trav\u00e9s de la tecnolog\u00eda inal\u00e1mbrica. La bater\u00eda incluida proporciona hasta 4 horas de funcionamiento. Adem\u00e1s, los auriculares cuentan con un reproductor microSD para reproducir m\u00fasica grabada en un archivo MP3 sin necesidad de conectarse a un tel\u00e9fono inteligente. Puede cambiar las pistas de m\u00fasica con la ayuda de las teclas de selecci\u00f3n de los auriculares. Tambi\u00e9n est\u00e1 equipado con radio FM, micr\u00f3fono y entrada de audio directa mediante cable Jack de 3,5 mm (cable incluido).<\/p>\n<p><strong>Caracter\u00edsticas:<\/strong><br \/>\n\u2022 Ranura microSD de hasta 32 GB<br \/>\n\u2022 Radio FM 87.5 &#8211; 108MHz<br \/>\n\u2022 Bluetooth (2.401 &#8211; 2.480 Ghz)<br \/>\n\u2022 Micr\u00f3fono integrado<br \/>\n\u2022 Perfecto para llamadas telef\u00f3nicas<br \/>\n\u2022 Rango de frecuencia: 20 Hz &#8211; 20.000 Hz<br \/>\n\u2022 Potencia de salida: 35 mW<br \/>\n\u2022 Relaci\u00f3n ruido \/ se\u00f1al: 88dB<br \/>\n\u2022 Alcance hasta 10 m<br \/>\n\u2022 Tiempo de trabajo hasta 4 horas.<br \/>\n\u2022 Carga USB de 5 V, cable micro USB incluido<br \/>\n\u2022 Tiempo de carga hasta 2 horas.<br \/>\n\u2022 Capacidad de la bater\u00eda incorporada: 150 mAh<br \/>\n\u2022 Cable jack de 3,5 mm incluido<br \/>\n\u2022 Auriculares BTS<br \/>\n\u2022 Color de los auriculares: blanco<\/p>\n<p>Disfruta de la buena m\u00fasica.<br \/>\n<strong><span style=\"color: #ff0000;\">Tenga en cuenta que la m\u00fasica alta puede causar da\u00f1os graves al aud\u00edfono.<\/span><\/strong><\/p>\n<h5><strong>*Las im\u00e1genes son a modo ilustrativo.<\/strong><\/h5>\n","protected":false},"excerpt":{"rendered":"<h3><span style=\"color: #339966;\">$ 650<\/span><\/h3>\n","protected":false},"featured_media":828,"comment_status":"open","ping_status":"closed","template":"","meta":[],"_links":{"self":[{"href":"https:\/\/www.appoloviracel.com.uy\/index.php\/wp-json\/wp\/v2\/product\/827"}],"collection":[{"href":"https:\/\/www.appoloviracel.com.uy\/index.php\/wp-json\/wp\/v2\/product"}],"about":[{"href":"https:\/\/www.appoloviracel.com.uy\/index.php\/wp-json\/wp\/v2\/types\/product"}],"replies":[{"embeddable":true,"href":"https:\/\/www.appoloviracel.com.uy\/index.php\/wp-json\/wp\/v2\/comments?post=827"}],"wp:featuredmedia":[{"embeddable":true,"href":"https:\/\/www.appoloviracel.com.uy\/index.php\/wp-json\/wp\/v2\/media\/828"}],"wp:attachment":[{"href":"https:\/\/www.appoloviracel.com.uy\/index.php\/wp-json\/wp\/v2\/media?parent=827"}],"curies":[{"name":"wp","href":"https:\/\/api.w.org\/{rel}","templated":true}]}}