{"id":821,"date":"2020-10-24T00:02:11","date_gmt":"2020-10-24T03:02:11","guid":{"rendered":"https:\/\/www.appoloviracel.com.uy\/?post_type=product&#038;p=821"},"modified":"2021-03-29T21:10:06","modified_gmt":"2021-03-30T00:10:06","slug":"aiwa-aw-ap6bt","status":"publish","type":"product","link":"https:\/\/www.appoloviracel.com.uy\/index.php\/product\/aiwa-aw-ap6bt\/","title":{"rendered":"Auricular Aiwa \u00abAW-AP6BT\u00bb (Bluetooth)"},"content":{"rendered":"<h4>Caracter\u00edsticas y especificaciones:<\/h4>\n<p>Aud\u00edfonos Inal\u00e1mbricos Deportivos con micr\u00f3fono incorporado<\/p>\n<p>El auricular <strong>Aiwa AW-AP6BT<\/strong> con Bluetooth Aiwa Deportes Micr\u00f3fono AW-AP6BT BK, dise\u00f1ado para producir un sonido n\u00edtido de gran fidelidad. Reproduce m\u00fasica desde dispositivos m\u00f3viles conectados a trav\u00e9s de Bluetooth a distancias de hasta 10 metros durante aproximadamente 4 horas. Adem\u00e1s, permite recibir llamadas con manos libres habilitada con micr\u00f3fono integrado.<\/p>\n<ul>\n<li>Tecnolog\u00eda inal\u00e1mbrica Bluetooth 4.2<\/li>\n<li>Compatibilidad de perfil: HSP, HPF, A2DP, AVRCP<\/li>\n<li>Hasta 4 horas de duraci\u00f3n de la bater\u00eda<\/li>\n<li>Tecnolog\u00eda de carga r\u00e1pida (1.5 horas)<\/li>\n<li>Tiempo en espera: 200h<\/li>\n<li>Tiempo de conversaci\u00f3n: 6h<\/li>\n<li>Tiempo de reproducci\u00f3n de m\u00fasica: 4h<\/li>\n<li>Tiempo de carga: 1.5h<\/li>\n<li>Tensi\u00f3n de carga: CC 5V<\/li>\n<li>Respuesta de frecuencia: 20Hz -20KHz<\/li>\n<li>Gama de frecuencia: 2.402 GHz \u2013 2.480 GHz<\/li>\n<li>Temperatura ambiente: -20\/+60\u00b0C<\/li>\n<li>Distancia de transmisi\u00f3n: 10m<\/li>\n<li>Unidad de controlador: 10mm<\/li>\n<li>Sensibilidad: 90dB +\/- 3dB<\/li>\n<\/ul>\n<h5><\/h5>\n<h5><strong>*Las im\u00e1genes son a modo ilustrativo.<\/strong><\/h5>\n","protected":false},"excerpt":{"rendered":"<h3><span style=\"color: #339966;\"><strong>U$S 35<\/strong><\/span><\/h3>\n","protected":false},"featured_media":822,"comment_status":"open","ping_status":"closed","template":"","meta":[],"_links":{"self":[{"href":"https:\/\/www.appoloviracel.com.uy\/index.php\/wp-json\/wp\/v2\/product\/821"}],"collection":[{"href":"https:\/\/www.appoloviracel.com.uy\/index.php\/wp-json\/wp\/v2\/product"}],"about":[{"href":"https:\/\/www.appoloviracel.com.uy\/index.php\/wp-json\/wp\/v2\/types\/product"}],"replies":[{"embeddable":true,"href":"https:\/\/www.appoloviracel.com.uy\/index.php\/wp-json\/wp\/v2\/comments?post=821"}],"wp:featuredmedia":[{"embeddable":true,"href":"https:\/\/www.appoloviracel.com.uy\/index.php\/wp-json\/wp\/v2\/media\/822"}],"wp:attachment":[{"href":"https:\/\/www.appoloviracel.com.uy\/index.php\/wp-json\/wp\/v2\/media?parent=821"}],"curies":[{"name":"wp","href":"https:\/\/api.w.org\/{rel}","templated":true}]}}