{"id":8158,"date":"2021-12-13T20:59:28","date_gmt":"2021-12-13T23:59:28","guid":{"rendered":"https:\/\/www.appoloviracel.com.uy\/?post_type=product&#038;p=8158"},"modified":"2025-03-10T13:42:43","modified_gmt":"2025-03-10T16:42:43","slug":"smartwatch-gravity-z15","status":"publish","type":"product","link":"https:\/\/www.appoloviracel.com.uy\/index.php\/product\/smartwatch-gravity-z15\/","title":{"rendered":"Smartwatch Gravity \u00abZ15\u00bb"},"content":{"rendered":"<h4>Caracter\u00edsticas y especificaciones:<\/h4>\n<ul>\n<li>Pantalla 1,69&#8243; totalmente t\u00e1ctil IPS HD con esquinas redondeadas de alta definici\u00f3n<\/li>\n<li>Resolucio\u00f3 de 240 * 280px<\/li>\n<li>Botones t\u00e1ctiles y laterales completos<\/li>\n<li>CPU DA14683 64 KB + 512 KB<\/li>\n<li>Memoria 64 Mb<\/li>\n<li>Bluetooth 5.0<\/li>\n<li>Impermeable de IP67 a prueba de agua<\/li>\n<li>Bater\u00eda de Pol\u00edmero de 220 mAh<\/li>\n<li>Carcasa de aleaci\u00f3n de aluminio + vidrio TP endurecido<\/li>\n<li>Material de la correa: gel de s\u00edlice<\/li>\n<li>Sistema compatible: IOS9.0 + android 5.0 o superior<\/li>\n<li>Firmware compatible con el idioma de 8 pa\u00edses<\/li>\n<\/ul>\n<h4><\/h4>\n<h4>Algunas de sus funciones:<\/h4>\n<ul>\n<li>Establecimiento de objetivos de ejercicio<\/li>\n<li>Sensor de aceleraci\u00f3n: SC7A20<\/li>\n<li>Detecci\u00f3n de frecuencia card\u00edaca (frecuencia card\u00edaca continua)<\/li>\n<li>Establecimiento de objetivos de ejercicio<\/li>\n<li>Medidor de movimiento, modo multimovimiento<\/li>\n<li>Monitoreo de la calidad del sue\u00f1o<\/li>\n<li>QQ, WeChat, Facebook, notificaciones y otros<\/li>\n<li>Consumo de energ\u00eda ultrabajo<\/li>\n<li>Garant\u00eda: 3 meses contra defecto de fabricaci\u00f3n<\/li>\n<\/ul>\n<h4><\/h4>\n<h4><span style=\"color: #ff0000;\"><strong>* La garant\u00eda no cubre falla que se pueda dar por un uso intensivo.<\/strong><\/span><\/h4>\n<h5><strong>*Las im\u00e1genes son a modo ilustrativo.<\/strong><\/h5>\n","protected":false},"excerpt":{"rendered":"<h3><span style=\"color: #339966;\"><strong>U$S 39<\/strong><\/span><\/h3>\n","protected":false},"featured_media":8159,"comment_status":"open","ping_status":"closed","template":"","meta":[],"_links":{"self":[{"href":"https:\/\/www.appoloviracel.com.uy\/index.php\/wp-json\/wp\/v2\/product\/8158"}],"collection":[{"href":"https:\/\/www.appoloviracel.com.uy\/index.php\/wp-json\/wp\/v2\/product"}],"about":[{"href":"https:\/\/www.appoloviracel.com.uy\/index.php\/wp-json\/wp\/v2\/types\/product"}],"replies":[{"embeddable":true,"href":"https:\/\/www.appoloviracel.com.uy\/index.php\/wp-json\/wp\/v2\/comments?post=8158"}],"wp:featuredmedia":[{"embeddable":true,"href":"https:\/\/www.appoloviracel.com.uy\/index.php\/wp-json\/wp\/v2\/media\/8159"}],"wp:attachment":[{"href":"https:\/\/www.appoloviracel.com.uy\/index.php\/wp-json\/wp\/v2\/media?parent=8158"}],"curies":[{"name":"wp","href":"https:\/\/api.w.org\/{rel}","templated":true}]}}