{"id":8143,"date":"2021-12-10T22:22:01","date_gmt":"2021-12-11T01:22:01","guid":{"rendered":"https:\/\/www.appoloviracel.com.uy\/?post_type=product&#038;p=8143"},"modified":"2022-02-26T13:07:00","modified_gmt":"2022-02-26T16:07:00","slug":"parlante-toshiba-sonic-dive-2-ty-wsp100","status":"publish","type":"product","link":"https:\/\/www.appoloviracel.com.uy\/index.php\/product\/parlante-toshiba-sonic-dive-2-ty-wsp100\/","title":{"rendered":"Parlante Toshiba \u00abSonic Dive 2\u00bb TY-WSP100"},"content":{"rendered":"<h4>Caracter\u00edsticas y especificaciones:<\/h4>\n<ul>\n<li>Resistente al agua, al polvo y a la arena. Este altavoz port\u00e1til es perfecto si necesitas un producto duradero que resista cualquier situaci\u00f3n.<\/li>\n<li>Alimentado por una bater\u00eda de 2000 mAh, tendr\u00e1 un impresionante tiempo de reproducci\u00f3n de 20 horas.<\/li>\n<li>Al sacar 6 vatios de potencia, obtendr\u00e1s un sonido n\u00edtido y limpio.<\/li>\n<\/ul>\n<h5><\/h5>\n<h5><strong>*Las im\u00e1genes son a modo ilustrativo.<\/strong><\/h5>\n","protected":false},"excerpt":{"rendered":"<h3><span style=\"color: #339966;\"><strong>U$S 59<\/strong><\/span><\/h3>\n","protected":false},"featured_media":8144,"comment_status":"open","ping_status":"closed","template":"","meta":[],"_links":{"self":[{"href":"https:\/\/www.appoloviracel.com.uy\/index.php\/wp-json\/wp\/v2\/product\/8143"}],"collection":[{"href":"https:\/\/www.appoloviracel.com.uy\/index.php\/wp-json\/wp\/v2\/product"}],"about":[{"href":"https:\/\/www.appoloviracel.com.uy\/index.php\/wp-json\/wp\/v2\/types\/product"}],"replies":[{"embeddable":true,"href":"https:\/\/www.appoloviracel.com.uy\/index.php\/wp-json\/wp\/v2\/comments?post=8143"}],"wp:featuredmedia":[{"embeddable":true,"href":"https:\/\/www.appoloviracel.com.uy\/index.php\/wp-json\/wp\/v2\/media\/8144"}],"wp:attachment":[{"href":"https:\/\/www.appoloviracel.com.uy\/index.php\/wp-json\/wp\/v2\/media?parent=8143"}],"curies":[{"name":"wp","href":"https:\/\/api.w.org\/{rel}","templated":true}]}}