{"id":793,"date":"2020-10-23T21:34:34","date_gmt":"2020-10-24T00:34:34","guid":{"rendered":"https:\/\/www.appoloviracel.com.uy\/?post_type=product&#038;p=793"},"modified":"2024-06-27T19:17:58","modified_gmt":"2024-06-27T22:17:58","slug":"meetion-mt-hp020-gamer-con-microfono","status":"publish","type":"product","link":"https:\/\/www.appoloviracel.com.uy\/index.php\/product\/meetion-mt-hp020-gamer-con-microfono\/","title":{"rendered":"Auricular Meetion \u00abMT-HP020\u00bb (Gaming-Vincha)"},"content":{"rendered":"<h4>Caracter\u00edsticas y especificaciones:<\/h4>\n<p>Auriculares Retro iluminados con micr\u00f3fono y reducci\u00f3n de ruido que proporcionan una atm\u00f3sfera de juego m\u00e1s emocionante.<\/p>\n<p>Tecnolog\u00eda de sonido envolvente tridimensional, sonido m\u00e1s realista y puede identificar la direcci\u00f3n del sonido en el juego para identificar claramente la ubicaci\u00f3n.<\/p>\n<p><strong>Especificaciones<\/strong><\/p>\n<p>\u00b7 <strong>Altavoz<\/strong>: \u00f850mm<br \/>\n\u00b7 <strong>Sensibilidad<\/strong>: 120 \u00b1 3db<br \/>\n\u00b7 <strong>Impedancia<\/strong>: 32\u03a9<br \/>\n\u00b7 <strong>Respuesta de frecuencia<\/strong>: 10 ~ 20,000Hz<br \/>\n\u00b7 <strong>Micr\u00f3fono<\/strong>: omnidireccional<br \/>\n\u00b7 <strong>Di\u00e1metro de la unidad de micr\u00f3fono<\/strong>: \u00f86.0 \u00b1 5.0mm<br \/>\n\u00b7 <strong>Sensibilidad de micr\u00f3fono<\/strong>: -56 \u00b1 2db<br \/>\n\u00b7 <strong>Interfaz: <\/strong>jack est\u00e9reo de \u00f83.5mm m\u00e1s USB<br \/>\n\u00b7 <strong>Longitud del cable<\/strong>: 1.8 \u00b1 0.01m<br \/>\n\u00b7 <strong>Peso<\/strong>: 285 \u00b1 5grs.<\/p>\n<h5><strong>*Las im\u00e1genes son a modo ilustrativo.<\/strong><\/h5>\n","protected":false},"excerpt":{"rendered":"<h3><span style=\"color: #339966;\"><strong>$ 1.100<\/strong><\/span><\/h3>\n","protected":false},"featured_media":794,"comment_status":"open","ping_status":"closed","template":"","meta":[],"_links":{"self":[{"href":"https:\/\/www.appoloviracel.com.uy\/index.php\/wp-json\/wp\/v2\/product\/793"}],"collection":[{"href":"https:\/\/www.appoloviracel.com.uy\/index.php\/wp-json\/wp\/v2\/product"}],"about":[{"href":"https:\/\/www.appoloviracel.com.uy\/index.php\/wp-json\/wp\/v2\/types\/product"}],"replies":[{"embeddable":true,"href":"https:\/\/www.appoloviracel.com.uy\/index.php\/wp-json\/wp\/v2\/comments?post=793"}],"wp:featuredmedia":[{"embeddable":true,"href":"https:\/\/www.appoloviracel.com.uy\/index.php\/wp-json\/wp\/v2\/media\/794"}],"wp:attachment":[{"href":"https:\/\/www.appoloviracel.com.uy\/index.php\/wp-json\/wp\/v2\/media?parent=793"}],"curies":[{"name":"wp","href":"https:\/\/api.w.org\/{rel}","templated":true}]}}