{"id":786,"date":"2020-10-23T20:40:45","date_gmt":"2020-10-23T23:40:45","guid":{"rendered":"https:\/\/www.appoloviracel.com.uy\/?post_type=product&#038;p=786"},"modified":"2021-03-29T21:30:10","modified_gmt":"2021-03-30T00:30:10","slug":"genius-hs-g600v-gamer","status":"publish","type":"product","link":"https:\/\/www.appoloviracel.com.uy\/index.php\/product\/genius-hs-g600v-gamer\/","title":{"rendered":"Auricular Genius \u00abHS-G600V\u00bb (Gaming-Vincha)"},"content":{"rendered":"<h4>Caracter\u00edsticas y especificaciones:<\/h4>\n<p>El auricular tiene un control de cable integrado que le permite ajustar el volumen y silenciar o activar el micr\u00f3fono. El cable duradero de 1.8 m est\u00e1 terminado por un conector USB para vibraci\u00f3n y un conector de 2 * 3.5 mm para la conexi\u00f3n a una computadora o computadora port\u00e1til.<\/p>\n<p><strong>REQUISITOS DEL SISTEMA:<\/strong><br \/>\nWindows\u00ae 10, Windows 8.1, Windows 7, Mac\u00ae, Nintendo Switch, PS4, Xbox One, tabletas y dispositivos m\u00f3viles *<br \/>\nPuerto USB para PC o puerto de audio de 3.5 mm para consola \/ m\u00f3vil<br \/>\nAcceso a Internet para Logitech Gaming Software y 7.1 DTS Headphone: instalaci\u00f3n de software<\/p>\n<p><strong>CONTENIDOS DEL PAQUETE:<\/strong><br \/>\nAuriculares para juegos con cable G433<br \/>\nUSB DAC con 3.5 mm, salida de 4 polos<br \/>\nPluma de micr\u00f3fono desmontable con filtro micro pop<br \/>\nCable m\u00f3vil con controles en l\u00ednea y micr\u00f3fono<br \/>\nCable de consola \/ PC con controles en l\u00ednea<br \/>\nDivisor de PC para conectores de micr\u00f3fono y auriculares separados<\/p>\n<ul>\n<li><strong>Formato<\/strong><strong>:<\/strong> Over-ear<\/li>\n<li><strong>Con Bluetooth<\/strong>: No<\/li>\n<li><strong>Es gamer<\/strong>: S\u00ed<\/li>\n<li><strong>Impedancia<\/strong>: 32 Ohmios<\/li>\n<li><strong>Respuesta en frecuencia<\/strong>: 20 Hz a 20 kHz<\/li>\n<li><strong>Sensibilidad<\/strong>: 115 dB<\/li>\n<li><strong>Largo del cable<\/strong>: 1.8 m<\/li>\n<\/ul>\n<p>&nbsp;<\/p>\n<h5><strong>*Las im\u00e1genes son a modo ilustrativo.<\/strong><\/h5>\n","protected":false},"excerpt":{"rendered":"<h3><span style=\"color: #339966;\">$ 1.590<\/span><\/h3>\n","protected":false},"featured_media":787,"comment_status":"open","ping_status":"closed","template":"","meta":[],"_links":{"self":[{"href":"https:\/\/www.appoloviracel.com.uy\/index.php\/wp-json\/wp\/v2\/product\/786"}],"collection":[{"href":"https:\/\/www.appoloviracel.com.uy\/index.php\/wp-json\/wp\/v2\/product"}],"about":[{"href":"https:\/\/www.appoloviracel.com.uy\/index.php\/wp-json\/wp\/v2\/types\/product"}],"replies":[{"embeddable":true,"href":"https:\/\/www.appoloviracel.com.uy\/index.php\/wp-json\/wp\/v2\/comments?post=786"}],"wp:featuredmedia":[{"embeddable":true,"href":"https:\/\/www.appoloviracel.com.uy\/index.php\/wp-json\/wp\/v2\/media\/787"}],"wp:attachment":[{"href":"https:\/\/www.appoloviracel.com.uy\/index.php\/wp-json\/wp\/v2\/media?parent=786"}],"curies":[{"name":"wp","href":"https:\/\/api.w.org\/{rel}","templated":true}]}}