{"id":7841,"date":"2021-12-06T21:28:33","date_gmt":"2021-12-07T00:28:33","guid":{"rendered":"https:\/\/www.appoloviracel.com.uy\/?post_type=product&#038;p=7841"},"modified":"2022-02-22T23:19:26","modified_gmt":"2022-02-23T02:19:26","slug":"auricular-toshiba-silent-lux-rze-bt1200h-bluetooth","status":"publish","type":"product","link":"https:\/\/www.appoloviracel.com.uy\/index.php\/product\/auricular-toshiba-silent-lux-rze-bt1200h-bluetooth\/","title":{"rendered":"Auricular Toshiba \u00abSilent Lux\u00bb RZE-BT1200H (Bluetooth)"},"content":{"rendered":"<h4>Caracter\u00edsticas y especificaciones:<\/h4>\n<ul>\n<li>Rango de trabajo de 32.8\u00a0ft: nuestros auriculares inal\u00e1mbricos Toshiba tienen un fuerte rango de trabajo de 32.8\u00a0ft con tecnolog\u00eda de audio transparente<\/li>\n<li>20 horas de tiempo de reproducci\u00f3n de m\u00fasica con cancelaci\u00f3n de ruido: nuestro auricular Bluetooth permite 20 horas de tiempo de reproducci\u00f3n de m\u00fasica continua con una carga completa<\/li>\n<li>Micr\u00f3fono integrado con 20 horas de tiempo de conversaci\u00f3n. Gracias a nuestra avanzada duraci\u00f3n de la bater\u00eda, nuestros auriculares con micr\u00f3fono permiten 20 horas de tiempo de conversaci\u00f3n con una carga completa<\/li>\n<li>Alta calidad de sonido con tecnolog\u00eda de graves profundos: los auriculares Bluetooth Toshiba RZE-BT1200H (PN) tienen graves profundos de alta potencia y una precisi\u00f3n de sonido inigualable<\/li>\n<\/ul>\n<p><strong>\u00a0<\/strong><\/p>\n<h5><strong>*Las im\u00e1genes son a modo ilustrativo.<\/strong><\/h5>\n","protected":false},"excerpt":{"rendered":"<h3><span style=\"color: #339966;\"><strong>U$S 115<\/strong><\/span><\/h3>\n","protected":false},"featured_media":7842,"comment_status":"open","ping_status":"closed","template":"","meta":[],"_links":{"self":[{"href":"https:\/\/www.appoloviracel.com.uy\/index.php\/wp-json\/wp\/v2\/product\/7841"}],"collection":[{"href":"https:\/\/www.appoloviracel.com.uy\/index.php\/wp-json\/wp\/v2\/product"}],"about":[{"href":"https:\/\/www.appoloviracel.com.uy\/index.php\/wp-json\/wp\/v2\/types\/product"}],"replies":[{"embeddable":true,"href":"https:\/\/www.appoloviracel.com.uy\/index.php\/wp-json\/wp\/v2\/comments?post=7841"}],"wp:featuredmedia":[{"embeddable":true,"href":"https:\/\/www.appoloviracel.com.uy\/index.php\/wp-json\/wp\/v2\/media\/7842"}],"wp:attachment":[{"href":"https:\/\/www.appoloviracel.com.uy\/index.php\/wp-json\/wp\/v2\/media?parent=7841"}],"curies":[{"name":"wp","href":"https:\/\/api.w.org\/{rel}","templated":true}]}}