{"id":780,"date":"2020-10-23T19:20:56","date_gmt":"2020-10-23T22:20:56","guid":{"rendered":"https:\/\/www.appoloviracel.com.uy\/?post_type=product&#038;p=780"},"modified":"2021-03-29T23:09:01","modified_gmt":"2021-03-30T02:09:01","slug":"sony-mdr-as210","status":"publish","type":"product","link":"https:\/\/www.appoloviracel.com.uy\/index.php\/product\/sony-mdr-as210\/","title":{"rendered":"Auricular Sony \u00abMDR-As210\u00bb (Intrauditivo)"},"content":{"rendered":"<h4>Caracter\u00edsticas y especificaciones:<\/h4>\n<ul>\n<li><strong>Consigue un ajuste seguro mientras corres<\/strong><\/li>\n<li>Los ganchos ajustables con forma curvada se fijan de forma segura a tus o\u00eddos para que tu cuerpo pueda seguir movi\u00e9ndose al ritmo de la m\u00fasica<\/li>\n<li><strong>El sonido que marca el ritmo de tus entrenamientos con un diafragma de 13,5 mm<\/strong><\/li>\n<li>Cuando comienzas a sentirte cansado en los \u00faltimos minutos del entrenamiento, solo el sonido m\u00e1s puro y energ\u00e9tico puede ayudarte a resistir hasta el final<\/li>\n<li><strong>Escucha cada detalle con nitidez y claridad<\/strong><\/li>\n<li>Con una sensibilidad de 104 dB\/mW y un rango de frecuencia de 17 a 22.000\u00a0Hz, podr\u00e1s subir el volumen y escuchar cada detalle<\/li>\n<li><strong>Listo para la lluvia, el sudor y las salpicaduras<\/strong><\/li>\n<li>Cuando la lluvia est\u00e9 presente, estos auriculares a prueba de salpicaduras te proporcionar\u00e1n el ritmo que necesitas hasta el final del entrenamiento<\/li>\n<li><strong>Disfruta de una mayor flexibilidad con un cable de 1,2 m<\/strong><\/li>\n<li>Libera tus movimientos con un cable que es lo suficientemente largo para el gimnasio o la calle<\/li>\n<li><strong>La ac\u00fastica m\u00e1s natural con un dise\u00f1o abierto<\/strong><\/li>\n<li>El sonido fluye a trav\u00e9s de la parte trasera de los cascos para obtener un sonido m\u00e1s natural<\/li>\n<li><strong>Rendimiento superior, aspecto inmejorable<\/strong><\/li>\n<li>Su elegante dise\u00f1o est\u00e1 disponible en varios colores<\/li>\n<\/ul>\n<p>&nbsp;<\/p>\n<h5><strong>*Las im\u00e1genes son a modo ilustrativo.<\/strong><\/h5>\n","protected":false},"excerpt":{"rendered":"<h3><span style=\"color: #339966;\">$ 1.490<\/span><\/h3>\n","protected":false},"featured_media":781,"comment_status":"open","ping_status":"closed","template":"","meta":[],"_links":{"self":[{"href":"https:\/\/www.appoloviracel.com.uy\/index.php\/wp-json\/wp\/v2\/product\/780"}],"collection":[{"href":"https:\/\/www.appoloviracel.com.uy\/index.php\/wp-json\/wp\/v2\/product"}],"about":[{"href":"https:\/\/www.appoloviracel.com.uy\/index.php\/wp-json\/wp\/v2\/types\/product"}],"replies":[{"embeddable":true,"href":"https:\/\/www.appoloviracel.com.uy\/index.php\/wp-json\/wp\/v2\/comments?post=780"}],"wp:featuredmedia":[{"embeddable":true,"href":"https:\/\/www.appoloviracel.com.uy\/index.php\/wp-json\/wp\/v2\/media\/781"}],"wp:attachment":[{"href":"https:\/\/www.appoloviracel.com.uy\/index.php\/wp-json\/wp\/v2\/media?parent=780"}],"curies":[{"name":"wp","href":"https:\/\/api.w.org\/{rel}","templated":true}]}}