{"id":7559,"date":"2021-11-26T19:14:46","date_gmt":"2021-11-26T22:14:46","guid":{"rendered":"https:\/\/www.appoloviracel.com.uy\/?post_type=product&#038;p=7559"},"modified":"2022-02-09T22:48:39","modified_gmt":"2022-02-10T01:48:39","slug":"parlante-toshiba-ty-sbx1020-barra-de-sonido-bluetooth","status":"publish","type":"product","link":"https:\/\/www.appoloviracel.com.uy\/index.php\/product\/parlante-toshiba-ty-sbx1020-barra-de-sonido-bluetooth\/","title":{"rendered":"Parlante Toshiba \u00abTY-SBX1020\u00bb Barra de sonido (Bluetooth)"},"content":{"rendered":"<h4>Caracter\u00edsticas y especificaciones:<\/h4>\n<p><strong>Toshiba TY-SBX1020 Barra de sonido Bluetooth de 2.1 canales con subwoofer incorporado, AUX y mando a distancia + Smartwatch<\/strong><\/p>\n<p><strong>Mejore el audio de su televisor con esta barra de sonido Toshiba. El subwoofer de funci\u00f3n DSP produce tonos bajos atrevidos para aumentar la profundidad del sonido, y los altavoces se colocan lateralmente para distribuir audio a trav\u00e9s de una habitaci\u00f3n. Esta barra de sonido Toshiba est\u00e1 equipada con Bluetooth, por lo que puede transmitir m\u00fasica de forma inal\u00e1mbrica desde un dispositivo m\u00f3vil.<\/strong><\/p>\n<ul>\n<li><strong>1CH con subwoofer incorporado<\/strong><\/li>\n<li><strong>AMP digital y DSP<\/strong><\/li>\n<li><strong>DRC para sonido inteligente<\/strong><\/li>\n<li><strong>Entrada: AUX en<\/strong><\/li>\n<li><strong>Bluetooth<\/strong><\/li>\n<li><strong>Parrilla de metal y panel de alto brillo<\/strong><\/li>\n<li><strong>Indicador LED<\/strong><\/li>\n<li><strong>Potencia de salida: 15 W x 2 + 30 W<\/strong><\/li>\n<li><strong>Control remoto multifunci\u00f3n<\/strong><\/li>\n<li><strong>Opcional: \u00d3ptico, HDMI ARC con CEC.<\/strong><\/li>\n<\/ul>\n<h5><\/h5>\n<h5><strong>*Las im\u00e1genes son a modo ilustrativo.<\/strong><\/h5>\n","protected":false},"excerpt":{"rendered":"<h3><span style=\"color: #339966;\"><strong>U$S 239<\/strong><\/span><\/h3>\n","protected":false},"featured_media":7560,"comment_status":"open","ping_status":"closed","template":"","meta":[],"_links":{"self":[{"href":"https:\/\/www.appoloviracel.com.uy\/index.php\/wp-json\/wp\/v2\/product\/7559"}],"collection":[{"href":"https:\/\/www.appoloviracel.com.uy\/index.php\/wp-json\/wp\/v2\/product"}],"about":[{"href":"https:\/\/www.appoloviracel.com.uy\/index.php\/wp-json\/wp\/v2\/types\/product"}],"replies":[{"embeddable":true,"href":"https:\/\/www.appoloviracel.com.uy\/index.php\/wp-json\/wp\/v2\/comments?post=7559"}],"wp:featuredmedia":[{"embeddable":true,"href":"https:\/\/www.appoloviracel.com.uy\/index.php\/wp-json\/wp\/v2\/media\/7560"}],"wp:attachment":[{"href":"https:\/\/www.appoloviracel.com.uy\/index.php\/wp-json\/wp\/v2\/media?parent=7559"}],"curies":[{"name":"wp","href":"https:\/\/api.w.org\/{rel}","templated":true}]}}