{"id":738,"date":"2020-10-23T16:08:19","date_gmt":"2020-10-23T19:08:19","guid":{"rendered":"https:\/\/www.appoloviracel.com.uy\/?post_type=product&#038;p=738"},"modified":"2021-03-29T21:54:25","modified_gmt":"2021-03-30T00:54:25","slug":"genius-hs-g710v-gamer-con-microfono","status":"publish","type":"product","link":"https:\/\/www.appoloviracel.com.uy\/index.php\/product\/genius-hs-g710v-gamer-con-microfono\/","title":{"rendered":"Auricular Genius \u00abHS-G710V\u00bb (Gaming-Vincha)"},"content":{"rendered":"<h4>Caracter\u00edsticas y especificaciones:<\/h4>\n<p>AURICULAR GAMER GENIUS GX HS-G710V USB 7.1<\/p>\n<p>Los auriculares con cable para juegos aprovechan los controladores grandes de 40 mm incorporados de alto rendimiento y el sistema de sonido envolvente 7.1 para una experiencia de sonido realista. Asimismo, el micr\u00f3fono de posicionamiento proporciona una transmisi\u00f3n n\u00edtida, que es la base de una comunicaci\u00f3n de voz de calidad. Las c\u00f3modas almohadillas para los o\u00eddos y el puente superior ajustable garantizan largas horas de reproducci\u00f3n o escucha con la m\u00e1xima comodidad. El auricular tiene un control de cable integrado que le permite ajustar el volumen, silenciar o reactivar el micr\u00f3fono. Para la conexi\u00f3n a un ordenador o port\u00e1til se utiliza un cable de 1,8 m de longitud terminado en conector USB.<\/p>\n<ul>\n<li>Micr\u00f3fono: si<\/li>\n<li>Sensibilidad: 110 dB<\/li>\n<li>Rango de frecuencia: 20 Hz \u2013 20 kHz<\/li>\n<li>Longitud del cable: 1,8 m<\/li>\n<li>Impedancia: 32 ohmios<\/li>\n<li>Color original por productor: Negro-rojo<\/li>\n<li>Peso: 396 gramos<\/li>\n<\/ul>\n<p>&nbsp;<\/p>\n<h5><strong>*Las im\u00e1genes son a modo ilustrativo.<\/strong><\/h5>\n","protected":false},"excerpt":{"rendered":"<h3><span style=\"color: #339966;\">$2.490<\/span><\/h3>\n","protected":false},"featured_media":739,"comment_status":"open","ping_status":"closed","template":"","meta":[],"_links":{"self":[{"href":"https:\/\/www.appoloviracel.com.uy\/index.php\/wp-json\/wp\/v2\/product\/738"}],"collection":[{"href":"https:\/\/www.appoloviracel.com.uy\/index.php\/wp-json\/wp\/v2\/product"}],"about":[{"href":"https:\/\/www.appoloviracel.com.uy\/index.php\/wp-json\/wp\/v2\/types\/product"}],"replies":[{"embeddable":true,"href":"https:\/\/www.appoloviracel.com.uy\/index.php\/wp-json\/wp\/v2\/comments?post=738"}],"wp:featuredmedia":[{"embeddable":true,"href":"https:\/\/www.appoloviracel.com.uy\/index.php\/wp-json\/wp\/v2\/media\/739"}],"wp:attachment":[{"href":"https:\/\/www.appoloviracel.com.uy\/index.php\/wp-json\/wp\/v2\/media?parent=738"}],"curies":[{"name":"wp","href":"https:\/\/api.w.org\/{rel}","templated":true}]}}