{"id":7222,"date":"2021-11-18T12:47:16","date_gmt":"2021-11-18T15:47:16","guid":{"rendered":"https:\/\/www.appoloviracel.com.uy\/?post_type=product&#038;p=7222"},"modified":"2023-04-04T21:50:05","modified_gmt":"2023-04-05T00:50:05","slug":"funda-extreme-protection-mous-solo-para-celulares-iphone","status":"publish","type":"product","link":"https:\/\/www.appoloviracel.com.uy\/index.php\/product\/funda-extreme-protection-mous-solo-para-celulares-iphone\/","title":{"rendered":"Funda Extreme Protection \u00abMOUS\u00bb solo para Celulares iPhone"},"content":{"rendered":"<h4>Caracter\u00edsticas y especificaciones:<\/h4>\n<ul>\n<li>Disponible para todos los modelos iPhone<\/li>\n<li>Protecci\u00f3n superior contra impactos: esta funda de ajuste apretado con una parte trasera r\u00edgida evita da\u00f1ar el tel\u00e9fono durante ca\u00eddas.<\/li>\n<li>Nuestra tecnolog\u00eda de alto impacto, AiroShock proteger\u00e1 tu dispositivo de ca\u00eddas y golpes.<\/li>\n<li>Protector de pantalla incluido: viene con un protector de pantalla de TPU antigolpes en la caja.<\/li>\n<li>Funcionalidad de alineaci\u00f3n autom\u00e1tica: contiene nuestra innovadora tecnolog\u00eda AutoAlign, que se conecta perfectamente a nuestra gama de accesorios Limitless 2.0, todos f\u00e1cilmente extra\u00edbles para permitir la carga inal\u00e1mbrica Qi.<\/li>\n<li>Garant\u00eda de por vida: todos los productos Mous vienen con una garant\u00eda limitada de por vida.<\/li>\n<li><strong>Marca: MOUS<\/strong><\/li>\n<li><strong>Caracter\u00edsticas especiales: Protector de pantalla<\/strong><\/li>\n<li><strong>Material: Policarbonato poliuretano termopl\u00e1stico, Cuero, Silicona, Madera<\/strong><\/li>\n<\/ul>\n<h5><\/h5>\n<h5><strong>*Las im\u00e1genes son a modo ilustrativo.<\/strong><\/h5>\n","protected":false},"excerpt":{"rendered":"<h3><strong><span style=\"color: #339966;\">Consultar Precio<\/span><\/strong><\/h3>\n","protected":false},"featured_media":35580,"comment_status":"open","ping_status":"closed","template":"","meta":[],"_links":{"self":[{"href":"https:\/\/www.appoloviracel.com.uy\/index.php\/wp-json\/wp\/v2\/product\/7222"}],"collection":[{"href":"https:\/\/www.appoloviracel.com.uy\/index.php\/wp-json\/wp\/v2\/product"}],"about":[{"href":"https:\/\/www.appoloviracel.com.uy\/index.php\/wp-json\/wp\/v2\/types\/product"}],"replies":[{"embeddable":true,"href":"https:\/\/www.appoloviracel.com.uy\/index.php\/wp-json\/wp\/v2\/comments?post=7222"}],"wp:featuredmedia":[{"embeddable":true,"href":"https:\/\/www.appoloviracel.com.uy\/index.php\/wp-json\/wp\/v2\/media\/35580"}],"wp:attachment":[{"href":"https:\/\/www.appoloviracel.com.uy\/index.php\/wp-json\/wp\/v2\/media?parent=7222"}],"curies":[{"name":"wp","href":"https:\/\/api.w.org\/{rel}","templated":true}]}}