{"id":7195,"date":"2021-11-16T23:20:40","date_gmt":"2021-11-17T02:20:40","guid":{"rendered":"https:\/\/www.appoloviracel.com.uy\/?post_type=product&#038;p=7195"},"modified":"2023-07-12T20:18:27","modified_gmt":"2023-07-12T23:18:27","slug":"celular-motorola-moto-e40-64gb-4gb","status":"publish","type":"product","link":"https:\/\/www.appoloviracel.com.uy\/index.php\/product\/celular-motorola-moto-e40-64gb-4gb\/","title":{"rendered":"Celular Motorola \u00abMoto e40\u00bb (64Gb-4Gb)"},"content":{"rendered":"<h4>Caracter\u00edsticas y especificaciones:<\/h4>\n<p>El Motorola Moto E40 es un nuevo miembro de la serie Moto E. Con una pantalla HD+ de 6.5 pulgadas con tasa de refresco de 90Hz, el Moto E40 est\u00e1 potenciado por un procesador Unisoc T700 de ocho n\u00facleos, acompa\u00f1ado de 4GB de RAM con 64GB de almacenamiento interno expandible. La c\u00e1mara principal cuenta con un lente de 48MP secundado por sensores de 2MP para macro y profundidad y la c\u00e1mara selfie es de 8MP. Con una generosa bater\u00eda de 5000mAh, el Moto E40 completa sus caracter\u00edsticas con un lector de huellas y Android 11.<\/p>\n<ul>\n<li>Pantalla: 6.5&#8243;, 720 * 1600 pixels<\/li>\n<li>Procesador: Unisoc T700 1.8GHz<\/li>\n<li>\u00a0RAM: 4 Gb<\/li>\n<li>Almacenamiento: 64 Gb<\/li>\n<li>Expansi\u00f3n: microSD<\/li>\n<li>C\u00e1mara: Triple, 48MP+2MP+2MP<\/li>\n<li>Bater\u00eda: 5000 mAh<\/li>\n<li>OS: Android 11<\/li>\n<li>Perfil: 9.1 mm<\/li>\n<li>Peso: 198 g<\/li>\n<li>Se incluyen los siguientes accesorios: <strong>Cargador y Manual<\/strong><\/li>\n<li><strong>Garant\u00eda:<\/strong> 12 meses contra defecto de fabricaci\u00f3n<\/li>\n<\/ul>\n<h4><\/h4>\n<h4><span style=\"color: #ff0000;\"><strong>Contado efectivo: 10% de Descuento<\/strong><\/span><\/h4>\n<h5><strong>*Las im\u00e1genes son a modo ilustrativo.<\/strong><\/h5>\n","protected":false},"excerpt":{"rendered":"<h3><strong><span style=\"color: #339966;\">U$S 240<\/span><\/strong><\/h3>\n","protected":false},"featured_media":7196,"comment_status":"open","ping_status":"closed","template":"","meta":[],"_links":{"self":[{"href":"https:\/\/www.appoloviracel.com.uy\/index.php\/wp-json\/wp\/v2\/product\/7195"}],"collection":[{"href":"https:\/\/www.appoloviracel.com.uy\/index.php\/wp-json\/wp\/v2\/product"}],"about":[{"href":"https:\/\/www.appoloviracel.com.uy\/index.php\/wp-json\/wp\/v2\/types\/product"}],"replies":[{"embeddable":true,"href":"https:\/\/www.appoloviracel.com.uy\/index.php\/wp-json\/wp\/v2\/comments?post=7195"}],"wp:featuredmedia":[{"embeddable":true,"href":"https:\/\/www.appoloviracel.com.uy\/index.php\/wp-json\/wp\/v2\/media\/7196"}],"wp:attachment":[{"href":"https:\/\/www.appoloviracel.com.uy\/index.php\/wp-json\/wp\/v2\/media?parent=7195"}],"curies":[{"name":"wp","href":"https:\/\/api.w.org\/{rel}","templated":true}]}}