{"id":719,"date":"2020-10-22T20:35:18","date_gmt":"2020-10-22T23:35:18","guid":{"rendered":"https:\/\/www.appoloviracel.com.uy\/?post_type=product&#038;p=719"},"modified":"2021-03-29T21:20:44","modified_gmt":"2021-03-30T00:20:44","slug":"sony-wh-ch510","status":"publish","type":"product","link":"https:\/\/www.appoloviracel.com.uy\/index.php\/product\/sony-wh-ch510\/","title":{"rendered":"Auricular Sony \u00abWH-CH510\u00bb (Bluetooth)"},"content":{"rendered":"<h4>Caracter\u00edsticas y especificaciones:<\/h4>\n<ul>\n<li>Con una envoltura delgada y ajustable, adem\u00e1s de un dise\u00f1o liviano, los aud\u00edfonos abiertos inal\u00e1mbricos Sony WH-CH510 te permiten disfrutar escuchando tus canciones, audio-libros o pod-casts favoritos cuando est\u00e1s fuera de casa.<\/li>\n<li><strong>Caracter\u00edsticas claves: <\/strong><\/li>\n<li>Equipado con controladores de neodimio de 30 mm para un sonido n\u00edtido y de alta calidad y excelente detalle<\/li>\n<li>La conectividad Bluetooth permite llamadas manos libres y reproducci\u00f3n de audio inal\u00e1mbrica desde su dispositivo compatible<\/li>\n<li>Ajuste el volumen, reproduzca, pause o salte pistas c\u00f3modamente con los botones incorporados<\/li>\n<li>Compatible con asistente de voz, para que pueda pedir direcciones, controlar su m\u00fasica y llamar a un ser querido usando solo su voz<\/li>\n<li>Ofrece una duraci\u00f3n de bater\u00eda de hasta 35 horas cuando est\u00e1 completamente cargada, para que pueda disfrutar escuchando su m\u00fasica favorita durante m\u00e1s tiempo<\/li>\n<li>Tecnolog\u00eda inal\u00e1mbrica Bluetooth\u00ae para disfrutar de un movimiento sin restricciones.<\/li>\n<li>Funci\u00f3n de carga r\u00e1pida y hasta 35 horas de duraci\u00f3n de bater\u00eda para utilizarlos durante todo el d\u00eda.<\/li>\n<li>Sencillas funciones de llamadas con manos libres y comandos del asistente de voz con micr\u00f3fono.<\/li>\n<\/ul>\n<p>&nbsp;<\/p>\n<h5><strong>*Las im\u00e1genes son a modo ilustrativo.<\/strong><\/h5>\n","protected":false},"excerpt":{"rendered":"<h3><span style=\"color: #339966;\"><strong>U$S 89<\/strong><\/span><\/h3>\n","protected":false},"featured_media":720,"comment_status":"open","ping_status":"closed","template":"","meta":[],"_links":{"self":[{"href":"https:\/\/www.appoloviracel.com.uy\/index.php\/wp-json\/wp\/v2\/product\/719"}],"collection":[{"href":"https:\/\/www.appoloviracel.com.uy\/index.php\/wp-json\/wp\/v2\/product"}],"about":[{"href":"https:\/\/www.appoloviracel.com.uy\/index.php\/wp-json\/wp\/v2\/types\/product"}],"replies":[{"embeddable":true,"href":"https:\/\/www.appoloviracel.com.uy\/index.php\/wp-json\/wp\/v2\/comments?post=719"}],"wp:featuredmedia":[{"embeddable":true,"href":"https:\/\/www.appoloviracel.com.uy\/index.php\/wp-json\/wp\/v2\/media\/720"}],"wp:attachment":[{"href":"https:\/\/www.appoloviracel.com.uy\/index.php\/wp-json\/wp\/v2\/media?parent=719"}],"curies":[{"name":"wp","href":"https:\/\/api.w.org\/{rel}","templated":true}]}}