{"id":7160,"date":"2021-11-14T23:15:12","date_gmt":"2021-11-15T02:15:12","guid":{"rendered":"https:\/\/www.appoloviracel.com.uy\/?post_type=product&#038;p=7160"},"modified":"2021-12-13T21:01:47","modified_gmt":"2021-12-14T00:01:47","slug":"case-arco-iris-para-iphone","status":"publish","type":"product","link":"https:\/\/www.appoloviracel.com.uy\/index.php\/product\/case-arco-iris-para-iphone\/","title":{"rendered":"\u00abCase Arco Iris\u00bb para Iphone"},"content":{"rendered":"<h4>Caracter\u00edsticas y especificaciones:<\/h4>\n<ul>\n<li>Funci\u00f3n: Adsorci\u00f3n, nombre de la marca: Zimzalabim-offical-store, compatible con iPhone 8 Plus: funda para iPhone 8 7 6 6s Plus, dise\u00f1o: brillante.<\/li>\n<li>Compatible con: fundas para iPhones, paquete al por menor: no. Marca compatible: iPhones. Compatible con iPhone 6s: funda para iPhone 6, 5, 5S, SE, 5C.<\/li>\n<li>Estilo: colorido arte arco\u00edris, color: funda transparente HD, calidad: 100% nuevo.<\/li>\n<li>Material: silicona suave TPU transparente oficial. Tipo: carcasa ajustada. Compatible con iPhone XS.<\/li>\n<li>Caracter\u00edsticas: carcasa de silicona suave y transparente para iPhone XIR XI MAX, compatible con iPhone XS: funda para iPhone Xs Max XR.<\/li>\n<\/ul>\n<p>&nbsp;<\/p>\n<h4><span style=\"color: #ff0000;\"><strong>Consultar por modelos disponibles<\/strong><\/span><\/h4>\n<h5><strong>*Las im\u00e1genes son a modo ilustrativo.<\/strong><\/h5>\n","protected":false},"excerpt":{"rendered":"<h3><strong><span style=\"color: #339966;\">$ 690<\/span> <\/strong><\/h3>\n","protected":false},"featured_media":7161,"comment_status":"open","ping_status":"closed","template":"","meta":[],"_links":{"self":[{"href":"https:\/\/www.appoloviracel.com.uy\/index.php\/wp-json\/wp\/v2\/product\/7160"}],"collection":[{"href":"https:\/\/www.appoloviracel.com.uy\/index.php\/wp-json\/wp\/v2\/product"}],"about":[{"href":"https:\/\/www.appoloviracel.com.uy\/index.php\/wp-json\/wp\/v2\/types\/product"}],"replies":[{"embeddable":true,"href":"https:\/\/www.appoloviracel.com.uy\/index.php\/wp-json\/wp\/v2\/comments?post=7160"}],"wp:featuredmedia":[{"embeddable":true,"href":"https:\/\/www.appoloviracel.com.uy\/index.php\/wp-json\/wp\/v2\/media\/7161"}],"wp:attachment":[{"href":"https:\/\/www.appoloviracel.com.uy\/index.php\/wp-json\/wp\/v2\/media?parent=7160"}],"curies":[{"name":"wp","href":"https:\/\/api.w.org\/{rel}","templated":true}]}}