{"id":7098,"date":"2021-11-03T18:26:08","date_gmt":"2021-11-03T21:26:08","guid":{"rendered":"https:\/\/www.appoloviracel.com.uy\/?post_type=product&#038;p=7098"},"modified":"2021-12-23T09:33:09","modified_gmt":"2021-12-23T12:33:09","slug":"celular-iphone-x-256gb","status":"publish","type":"product","link":"https:\/\/www.appoloviracel.com.uy\/index.php\/product\/celular-iphone-x-256gb\/","title":{"rendered":"Celular iPhone \u00abXs\u00bb (256Gb-4Gb)"},"content":{"rendered":"<h4>Caracter\u00edsticas y especificaciones:<\/h4>\n<h4><span style=\"color: #ff0000;\"><strong>Equipo Nuevo<\/strong><\/span><\/h4>\n<ul>\n<li>Marca: Apple<\/li>\n<li>Modelo: iPhone XS<\/li>\n<li>2G: GSM 850 900 1800 1900<\/li>\n<li>3G: HSDPA 850 900 1700 1900 2100<\/li>\n<li>4G: LTE B2 1900Mhz (Movistar), B4 17002100 Mhz (Antel,Claro)<\/li>\n<li>SIM: Nano-SIM y eSIM<\/li>\n<li>Tama\u00f1o Pantalla: 5.80<\/li>\n<li>Resoluci\u00f3n: 1125.00<\/li>\n<li>Pantalla Tactil: Super AMOLED capacitiva, 16M colores<\/li>\n<li>Memoria Interna: 256 Gb<\/li>\n<li>Wifi: Si<\/li>\n<li>Bluetooth: Si<\/li>\n<li>NFC: Si<\/li>\n<li>Gps: Si<\/li>\n<li>C\u00e1mara Trasera: Dual 12 MP, f1.8 y f2.4, autofoco por detecci\u00f3n de fase, OIS, Zoom \u00f3ptico 2x, Quad-LED (dual tone) flash<\/li>\n<li>C\u00e1mara Frontal: 7 MP, f2.2, 32mm (standard), HDR<\/li>\n<li>Video: 1080p \u2013 60fps<\/li>\n<li>Sistema Operativo: iOS 12<\/li>\n<li>Procesador: Apple A12 Bionic (7 nm)<\/li>\n<li>Memoria RAM: 4Gb<\/li>\n<li>Libre: Si<\/li>\n<li>Se incluyen los siguientes accesorios: <strong>Cable original y Manual<\/strong><\/li>\n<li><strong>Garant\u00eda:<\/strong> 12 meses contra defecto de fabricaci\u00f3n<\/li>\n<\/ul>\n<h4><\/h4>\n<h4><span style=\"color: #ff0000;\"><strong>Contado efectivo: 10% de Descuento<\/strong><\/span><\/h4>\n<h5><strong>*Las im\u00e1genes son a modo ilustrativo.<\/strong><\/h5>\n","protected":false},"excerpt":{"rendered":"<h3><span style=\"color: #ff0000;\"><strong>\u00abArt\u00edculo Agotado\u00bb<\/strong><\/span><\/h3>\n<h3><span style=\"color: #339966;\"><strong>\u00a0<\/strong><\/span><\/h3>\n","protected":false},"featured_media":7099,"comment_status":"open","ping_status":"closed","template":"","meta":[],"_links":{"self":[{"href":"https:\/\/www.appoloviracel.com.uy\/index.php\/wp-json\/wp\/v2\/product\/7098"}],"collection":[{"href":"https:\/\/www.appoloviracel.com.uy\/index.php\/wp-json\/wp\/v2\/product"}],"about":[{"href":"https:\/\/www.appoloviracel.com.uy\/index.php\/wp-json\/wp\/v2\/types\/product"}],"replies":[{"embeddable":true,"href":"https:\/\/www.appoloviracel.com.uy\/index.php\/wp-json\/wp\/v2\/comments?post=7098"}],"wp:featuredmedia":[{"embeddable":true,"href":"https:\/\/www.appoloviracel.com.uy\/index.php\/wp-json\/wp\/v2\/media\/7099"}],"wp:attachment":[{"href":"https:\/\/www.appoloviracel.com.uy\/index.php\/wp-json\/wp\/v2\/media?parent=7098"}],"curies":[{"name":"wp","href":"https:\/\/api.w.org\/{rel}","templated":true}]}}