{"id":7058,"date":"2021-10-14T20:59:26","date_gmt":"2021-10-14T23:59:26","guid":{"rendered":"https:\/\/www.appoloviracel.com.uy\/?post_type=product&#038;p=7058"},"modified":"2023-08-21T12:04:33","modified_gmt":"2023-08-21T15:04:33","slug":"combo-meetion-c510-gamer","status":"publish","type":"product","link":"https:\/\/www.appoloviracel.com.uy\/index.php\/product\/combo-meetion-c510-gamer\/","title":{"rendered":"Combo Meetion \u00abC510\u00bb Gamer"},"content":{"rendered":"<h4>Caracter\u00edsticas y especificaciones:<\/h4>\n<p>\u2013 Teclado con 19 teclas Anti-efecto fantasma<br \/>\n\u2013 Luz de fondo RGB<br \/>\n\u2013 Teclado de membrana de alta calidad, sensaci\u00f3n virtual<br \/>\n\u2013 Configurado con luz de fondo colorida<br \/>\n\u2013 Respiraci\u00f3n de cuatro colores, la luz cambia con DPI y es f\u00e1cilmente identificable<br \/>\n\u2013 Dise\u00f1o ergon\u00f3mico, temperamento de juego, dise\u00f1o ergon\u00f3mico para manos derechas<br \/>\n\u2013 Mute Mouse Wheel Material de goma<br \/>\n\u2013 Rueda de desplazamiento antideslizante y resistente a los ara\u00f1azos para m\u00faltiples modos de navegaci\u00f3n<br \/>\n\u2013 Fuerte durabilidad probado en m\u00e1s de 5 millones de pulsaciones de teclas.<\/p>\n<p>TECLADO<br \/>\n\u2013 Dise\u00f1o del teclado: ENG \/ ARA \/ ESN \/ RUS<br \/>\n\u2013 Botones de acceso directo: 12<br \/>\n\u2013 Compatibilidad del sistema operativo: Windows XP \/ Vista \/ 7\/8\/10 MAC OS X<br \/>\n\u2013 Interfaz: USB<br \/>\n\u2013 Longitud de cable: 180 cm<br \/>\n\u2013 Dimensiones: 47.5 * 20 * 3.7 cm.<\/p>\n<p>MOUSE<br \/>\n\u2013 Cantidad de botones: 6 + 1 botones<br \/>\n\u2013 Resoluci\u00f3n: 800\/1200\/1600\/2400 ppp<br \/>\n\u2013 Velocidad de fotogramas m\u00e1xima: 4000 fps<br \/>\n\u2013 Velocidad m\u00e1xima de seguimiento: 30ips<br \/>\n\u2013 M\u00e1xima aceleraci\u00f3n: 8 g<br \/>\n\u2013 Longitud de cable: 180 cm<br \/>\n\u2013 Dimensiones: 12.3 * 6.8 * 4 cm.<\/p>\n<h5><strong>*Las im\u00e1genes son a modo ilustrativo.<\/strong><\/h5>\n","protected":false},"excerpt":{"rendered":"<h3><span style=\"color: #339966;\"><strong>$ 1.190<\/strong><\/span><\/h3>\n","protected":false},"featured_media":7059,"comment_status":"open","ping_status":"closed","template":"","meta":[],"_links":{"self":[{"href":"https:\/\/www.appoloviracel.com.uy\/index.php\/wp-json\/wp\/v2\/product\/7058"}],"collection":[{"href":"https:\/\/www.appoloviracel.com.uy\/index.php\/wp-json\/wp\/v2\/product"}],"about":[{"href":"https:\/\/www.appoloviracel.com.uy\/index.php\/wp-json\/wp\/v2\/types\/product"}],"replies":[{"embeddable":true,"href":"https:\/\/www.appoloviracel.com.uy\/index.php\/wp-json\/wp\/v2\/comments?post=7058"}],"wp:featuredmedia":[{"embeddable":true,"href":"https:\/\/www.appoloviracel.com.uy\/index.php\/wp-json\/wp\/v2\/media\/7059"}],"wp:attachment":[{"href":"https:\/\/www.appoloviracel.com.uy\/index.php\/wp-json\/wp\/v2\/media?parent=7058"}],"curies":[{"name":"wp","href":"https:\/\/api.w.org\/{rel}","templated":true}]}}