{"id":7041,"date":"2021-10-12T22:27:43","date_gmt":"2021-10-13T01:27:43","guid":{"rendered":"https:\/\/www.appoloviracel.com.uy\/?post_type=product&#038;p=7041"},"modified":"2022-04-11T22:27:46","modified_gmt":"2022-04-12T01:27:46","slug":"combo-meetion-c4120-inalambrico","status":"publish","type":"product","link":"https:\/\/www.appoloviracel.com.uy\/index.php\/product\/combo-meetion-c4120-inalambrico\/","title":{"rendered":"Combo Meetion \u00abC4120\u00bb (Inal\u00e1mbrico)"},"content":{"rendered":"<h4>Caracter\u00edsticas y especificaciones:<\/h4>\n<p>Con un dise\u00f1o suave y ergon\u00f3mico, la combinaci\u00f3n de teclado y mouse inal\u00e1mbricos MT-C4120 brinda un nuevo nivel de comodidad al uso diario de la computadora. Con un teclado de tama\u00f1o completo y un mouse elegante que se han hecho para producir un ruido m\u00ednimo cuando est\u00e1n en uso, realmente se concentra en su trabajo en lugar de tratar infructuosamente de bloquear el toque de las teclas o el clic de los botones.<\/p>\n<p>Con un radio de conexi\u00f3n de 10 metros, este combo de teclado y mouse puede ser perfecto para el uso general de la oficina, pero tambi\u00e9n funciona c\u00f3modamente en una sala de conferencias, garantizada para mantener la conexi\u00f3n incluso en las salas de reuniones m\u00e1s grandes.<\/p>\n<p>CARACTER\u00cdSTICAS:<\/p>\n<p>&#8211; Dise\u00f1ado pensando en la m\u00e1xima comodidad y para su uso diario.<br \/>\n&#8211; Incre\u00edblemente duradero para resistir el uso frecuente.<br \/>\n&#8211; Configuraci\u00f3n extremadamente conveniente que requiere solo un puerto USB.<\/p>\n<p>ESPECIFICACIONES:<\/p>\n<p>&#8211; N\u00famero de teclas de m\u00e9todo abreviado: 12.<br \/>\n&#8211; Alcance m\u00e1ximo: 10 metros.<br \/>\n&#8211; Tres niveles de DPI ajustable: 800\/1200\/1600.<br \/>\n&#8211; Bot\u00f3n integrado en el mouse para ajustar DPI.<\/p>\n<h5><strong>*Las im\u00e1genes son a modo ilustrativo.<\/strong><\/h5>\n","protected":false},"excerpt":{"rendered":"<h3><span style=\"color: #339966;\"><strong>$ 1.150<\/strong><\/span><\/h3>\n","protected":false},"featured_media":7042,"comment_status":"open","ping_status":"closed","template":"","meta":[],"_links":{"self":[{"href":"https:\/\/www.appoloviracel.com.uy\/index.php\/wp-json\/wp\/v2\/product\/7041"}],"collection":[{"href":"https:\/\/www.appoloviracel.com.uy\/index.php\/wp-json\/wp\/v2\/product"}],"about":[{"href":"https:\/\/www.appoloviracel.com.uy\/index.php\/wp-json\/wp\/v2\/types\/product"}],"replies":[{"embeddable":true,"href":"https:\/\/www.appoloviracel.com.uy\/index.php\/wp-json\/wp\/v2\/comments?post=7041"}],"wp:featuredmedia":[{"embeddable":true,"href":"https:\/\/www.appoloviracel.com.uy\/index.php\/wp-json\/wp\/v2\/media\/7042"}],"wp:attachment":[{"href":"https:\/\/www.appoloviracel.com.uy\/index.php\/wp-json\/wp\/v2\/media?parent=7041"}],"curies":[{"name":"wp","href":"https:\/\/api.w.org\/{rel}","templated":true}]}}