{"id":7027,"date":"2021-10-04T23:47:02","date_gmt":"2021-10-05T02:47:02","guid":{"rendered":"https:\/\/www.appoloviracel.com.uy\/?post_type=product&#038;p=7027"},"modified":"2021-11-24T21:39:44","modified_gmt":"2021-11-25T00:39:44","slug":"mouse-meetion-mt-m930-gamer-usb","status":"publish","type":"product","link":"https:\/\/www.appoloviracel.com.uy\/index.php\/product\/mouse-meetion-mt-m930-gamer-usb\/","title":{"rendered":"Mouse Meetion \u00abMT-M930\u00bb Gamer USB"},"content":{"rendered":"<h4>Caracter\u00edsticas y especificaciones:<\/h4>\n<ul>\n<li><strong>Punto destacado de la variable<\/strong><\/li>\n<li><strong>Dise\u00f1o sim\u00e9trico ergon\u00f3mico para la mano derecha \/ izquierda<\/strong><\/li>\n<li><strong>Tacto suave<\/strong><\/li>\n<li><strong>Dos botones de navegaci\u00f3n adicionales (Adelante y Atr\u00e1s)<\/strong><\/li>\n<li><strong>Resoluci\u00f3n del interruptor DPI<\/strong><\/li>\n<li><strong>Sensor \u00f3ptico de precisi\u00f3n<\/strong><\/li>\n<li><strong>Tipo de mouse: \u00f3ptico con cable<\/strong><\/li>\n<li><strong>Compatibilidad con SO: Windows XP \/ Vista \/ 7\/8\/10<\/strong><\/li>\n<li><strong>N\u00famero de teclas: 5 + 1 (rueda de desplazamiento)<\/strong><\/li>\n<li><strong>Resoluci\u00f3n: 800\/1200\/1600\/2000 DPI (Sensores: \u00f3ptico A704)<\/strong><\/li>\n<li><strong>Interfaz: USB<\/strong><\/li>\n<li><strong>Tiempo de ejecuci\u00f3n sin errores, golpes: m\u00e1s de 3,000,000<\/strong><\/li>\n<li><strong>Longitud del cable: 1.50 m<\/strong><\/li>\n<li><strong>Dimensi\u00f3n: 130 * 72 * 40 mm<\/strong><\/li>\n<li><strong>Peso: 130 grs<\/strong><\/li>\n<\/ul>\n<p><strong>\u00a0<\/strong><\/p>\n<h5><strong>*Las im\u00e1genes son a modo ilustrativo.<\/strong><\/h5>\n","protected":false},"excerpt":{"rendered":"<h3><strong><span style=\"color: #339966;\">$ 499<\/span> <\/strong><\/h3>\n","protected":false},"featured_media":7028,"comment_status":"open","ping_status":"closed","template":"","meta":[],"_links":{"self":[{"href":"https:\/\/www.appoloviracel.com.uy\/index.php\/wp-json\/wp\/v2\/product\/7027"}],"collection":[{"href":"https:\/\/www.appoloviracel.com.uy\/index.php\/wp-json\/wp\/v2\/product"}],"about":[{"href":"https:\/\/www.appoloviracel.com.uy\/index.php\/wp-json\/wp\/v2\/types\/product"}],"replies":[{"embeddable":true,"href":"https:\/\/www.appoloviracel.com.uy\/index.php\/wp-json\/wp\/v2\/comments?post=7027"}],"wp:featuredmedia":[{"embeddable":true,"href":"https:\/\/www.appoloviracel.com.uy\/index.php\/wp-json\/wp\/v2\/media\/7028"}],"wp:attachment":[{"href":"https:\/\/www.appoloviracel.com.uy\/index.php\/wp-json\/wp\/v2\/media?parent=7027"}],"curies":[{"name":"wp","href":"https:\/\/api.w.org\/{rel}","templated":true}]}}