{"id":7013,"date":"2021-10-01T21:20:21","date_gmt":"2021-10-02T00:20:21","guid":{"rendered":"https:\/\/www.appoloviracel.com.uy\/?post_type=product&#038;p=7013"},"modified":"2021-11-23T22:01:44","modified_gmt":"2021-11-24T01:01:44","slug":"celular-samsung-galaxy-a12-128gb-4gb","status":"publish","type":"product","link":"https:\/\/www.appoloviracel.com.uy\/index.php\/product\/celular-samsung-galaxy-a12-128gb-4gb\/","title":{"rendered":"Celular Samsung \u00abGalaxy A12\u00bb (128Gb-4Gb)"},"content":{"rendered":"<h4><strong>Caracter\u00edsticas y especificaciones<\/strong><\/h4>\n<p>El <strong>Samsung Galaxy A12<\/strong> llega como sucesor del Galaxy A11 con una pantalla HD+ de 6.5 pulgadas y potenciado por un procesador de ocho n\u00facleos, con variantes disponibles de 3GB de RAM con 32GB de almacenamiento, 4GB de RAM con 64GB de almacenamiento o 6GB de RAM con 128GB de almacenamiento, este \u00faltimo expandible en todos los casos mediante ranura microSD. La c\u00e1mara posterior del Galaxy A12 es cu\u00e1druple, con lentes de 48MP, 5MP, 2MP y 2MP, mientras que la c\u00e1mara frontal para selfies es de 8 megapixels. Completando las caracter\u00edsticas del Samsung Galaxy A12 econtramos una bater\u00eda de 5000 mAh de carga r\u00e1pida, lector de huellas montado de lado, y Android 10 a bordo.<\/p>\n<ul>\n<li>Pantalla: 6,5&#8243; HD+ TFT<\/li>\n<li>Dimensiones: 164 * 75.8 * 8.9 mm<\/li>\n<li>Peso: 205 grs<\/li>\n<li>Procesador: Octa-Core (2,3GHz + 1,8 GHz)<\/li>\n<li>Memoria: 4 Gb<\/li>\n<li>Almacenamiento: 128 Gb + microSD<\/li>\n<li>C\u00e1maras traseras: Principal: 48 MP, f\/2.0<\/li>\n<li>Gran angular: 5 MP, f\/2.2<\/li>\n<li>Macro: 2 MP, f\/2.4<\/li>\n<li>Profundidad: 2 MP, f\/2.4<\/li>\n<li>C\u00e1mara frontal: 8 MP, f\/2.2<\/li>\n<li>Bater\u00eda: 5.000 mAh<\/li>\n<li>Carga de 15W<\/li>\n<li>Conectividad LTE, lector de huellas lateral<\/li>\n<li>Se incluyen los siguientes accesorios: <strong>Cargador y Manual<\/strong><\/li>\n<li><span style=\"color: #000000;\"><strong>Garant\u00eda:<\/strong> 12 meses contra defecto de fabricaci\u00f3n<\/span><\/li>\n<\/ul>\n<h4><span style=\"color: #ff0000;\"><strong>\u00a0<\/strong><\/span><\/h4>\n<h4><span style=\"color: #ff0000;\"><strong>Contado efectivo: 10% de Descuento<\/strong><\/span><\/h4>\n<h5><strong>*Las im\u00e1genes son a modo ilustrativo.<\/strong><\/h5>\n","protected":false},"excerpt":{"rendered":"<h3><span style=\"color: #339966;\"><strong>U$S 305<\/strong><\/span><\/h3>\n","protected":false},"featured_media":7014,"comment_status":"open","ping_status":"closed","template":"","meta":[],"_links":{"self":[{"href":"https:\/\/www.appoloviracel.com.uy\/index.php\/wp-json\/wp\/v2\/product\/7013"}],"collection":[{"href":"https:\/\/www.appoloviracel.com.uy\/index.php\/wp-json\/wp\/v2\/product"}],"about":[{"href":"https:\/\/www.appoloviracel.com.uy\/index.php\/wp-json\/wp\/v2\/types\/product"}],"replies":[{"embeddable":true,"href":"https:\/\/www.appoloviracel.com.uy\/index.php\/wp-json\/wp\/v2\/comments?post=7013"}],"wp:featuredmedia":[{"embeddable":true,"href":"https:\/\/www.appoloviracel.com.uy\/index.php\/wp-json\/wp\/v2\/media\/7014"}],"wp:attachment":[{"href":"https:\/\/www.appoloviracel.com.uy\/index.php\/wp-json\/wp\/v2\/media?parent=7013"}],"curies":[{"name":"wp","href":"https:\/\/api.w.org\/{rel}","templated":true}]}}