{"id":7004,"date":"2021-09-30T19:26:51","date_gmt":"2021-09-30T22:26:51","guid":{"rendered":"https:\/\/www.appoloviracel.com.uy\/?post_type=product&#038;p=7004"},"modified":"2021-11-22T20:12:20","modified_gmt":"2021-11-22T23:12:20","slug":"home-theatre-zynk-ksb-260-para-tv-con-subwoofer","status":"publish","type":"product","link":"https:\/\/www.appoloviracel.com.uy\/index.php\/product\/home-theatre-zynk-ksb-260-para-tv-con-subwoofer\/","title":{"rendered":"Home Theatre Klip Xtreme Zynk \u00abZYNK KSB 260\u00bb Para TV Con Subwoofer"},"content":{"rendered":"<h4>Caracter\u00edsticas y especificaciones:<\/h4>\n<ul>\n<li><strong>Configuraci\u00f3n vers\u00e1til: Torres id\u00e9nticas (con base), instalaci\u00f3n tradicional al lado izquierdo y derecho (montaje en pared), barra de sonido (como una sola unidad)<\/strong><\/li>\n<li><strong>Sistema de sonido envolvente de 2.1 canales que combina un dise\u00f1o \u00fanico, tecnolog\u00eda inal\u00e1mbrica con una calidad ac\u00fastica inigualable<\/strong><\/li>\n<li><strong>Elegante acabado en color negro armoniza con tu moderno espacio interior<\/strong><\/li>\n<li><strong>200 watts de potencia de salida a trav\u00e9s de un parlante de ultragraves de 8 pulgadas y dos parlantes sat\u00e9lite<\/strong><\/li>\n<li><strong>Entrada \u00f3ptica digital garantiza un audio sorprendentemente n\u00edtido y natural<\/strong><\/li>\n<li><strong>Puerto USB y conector de 3,5mm<\/strong><\/li>\n<li><strong>Panel de control frontal<\/strong><\/li>\n<li><strong>Pr\u00e1ctico control remoto<\/strong><\/li>\n<\/ul>\n<p><strong>Dispositivo<\/strong><\/p>\n<ul>\n<li><strong>Tipo: Sistema de sonido convertible inal\u00e1mbrico, de 2.1 canales<\/strong><\/li>\n<li><strong>RMS referencial: 200W<\/strong><\/li>\n<li><strong>Entrada de CA: 100-220V-50\/60Hz (detecci\u00f3n autom\u00e1tica)<\/strong><\/li>\n<\/ul>\n<p><strong>Parlante sat\u00e9lite<\/strong><\/p>\n<ul>\n<li><strong>Unidad del parlante: Dos sat\u00e9lites de 3in por canal<\/strong><\/li>\n<li><strong>Frecuencia: 120Hz 20kHz<\/strong><\/li>\n<li><strong>Impedancia: 4 \u03a9<\/strong><\/li>\n<li><strong>Potencia RMS de referencia: 80W<\/strong><\/li>\n<\/ul>\n<h5><\/h5>\n<h5><strong>*Las im\u00e1genes son a modo ilustrativo.<\/strong><\/h5>\n","protected":false},"excerpt":{"rendered":"<h3><span style=\"color: #339966;\">$ 10.290<\/span><\/h3>\n","protected":false},"featured_media":7005,"comment_status":"open","ping_status":"closed","template":"","meta":[],"_links":{"self":[{"href":"https:\/\/www.appoloviracel.com.uy\/index.php\/wp-json\/wp\/v2\/product\/7004"}],"collection":[{"href":"https:\/\/www.appoloviracel.com.uy\/index.php\/wp-json\/wp\/v2\/product"}],"about":[{"href":"https:\/\/www.appoloviracel.com.uy\/index.php\/wp-json\/wp\/v2\/types\/product"}],"replies":[{"embeddable":true,"href":"https:\/\/www.appoloviracel.com.uy\/index.php\/wp-json\/wp\/v2\/comments?post=7004"}],"wp:featuredmedia":[{"embeddable":true,"href":"https:\/\/www.appoloviracel.com.uy\/index.php\/wp-json\/wp\/v2\/media\/7005"}],"wp:attachment":[{"href":"https:\/\/www.appoloviracel.com.uy\/index.php\/wp-json\/wp\/v2\/media?parent=7004"}],"curies":[{"name":"wp","href":"https:\/\/api.w.org\/{rel}","templated":true}]}}