{"id":6982,"date":"2021-09-28T20:21:21","date_gmt":"2021-09-28T23:21:21","guid":{"rendered":"https:\/\/www.appoloviracel.com.uy\/?post_type=product&#038;p=6982"},"modified":"2023-05-16T22:25:24","modified_gmt":"2023-05-17T01:25:24","slug":"celular-iphone-8-plus-a-256gb-3gb","status":"publish","type":"product","link":"https:\/\/www.appoloviracel.com.uy\/index.php\/product\/celular-iphone-8-plus-a-256gb-3gb\/","title":{"rendered":"Celular iPhone \u00ab8Plus\u00bb A+(256Gb-3Gb)"},"content":{"rendered":"<h4>Caracter\u00edsticas y especificaciones:<\/h4>\n<h4><span style=\"color: #ff0000;\"><strong><em>Equipo A+<\/em><\/strong><\/span><\/h4>\n<p><strong>PANTALLA<\/strong><br \/>\nTipo: IPS Retina HD con 3D Touch<br \/>\nTama\u00f1o: 5.5 pulgadas<br \/>\nResoluci\u00f3n: 1920 x 1080<br \/>\nColores: 24 bits (16777216 colores)<br \/>\nBrillo: 625 nits<br \/>\nT\u00e1ctil: 3D Touch multit\u00e1ctil<br \/>\nDensidad: 401 ppi<br \/>\nRelaci\u00f3n de aspecto: 16:09<br \/>\nFormato: Barra<\/p>\n<p><strong>C\u00c1MARA<\/strong><br \/>\nC\u00c1MARA TRASERA (PRINCIPAL)<br \/>\nResoluci\u00f3n modo foto: 12 MP (4000 x 3000)<br \/>\nResoluci\u00f3n modo v\u00eddeo: 4K (3840 \u00d7 2160)<br \/>\nFPS m\u00e1ximo de grabaci\u00f3n: 60<br \/>\nApertura: f. 1.8<br \/>\nC\u00c1MARA TRASERA (SEGUNDA)<br \/>\nTipo de c\u00e1mara: Telezoom<br \/>\nResoluci\u00f3n: 12 MP (4000 x 3000)<br \/>\nC\u00c1MARA FRONTAL<br \/>\nResoluci\u00f3n modo foto: 7 MP<br \/>\nResoluci\u00f3n modo v\u00eddeo: Full HD 1080p (1920 x 1080)<\/p>\n<p><strong>GENERAL\u00a0\/\u00a0\u00a0SISTEMA \/ AUTONOM\u00cdA<\/strong><br \/>\nSO: iOS 11<br \/>\nSensores: Lector de huella dactilar, Aceler\u00f3metro, Giroscopio, Proximidad, Br\u00fajula, Luz ambiente,<br \/>\nN\u00facleo: Apple A11 Bionic (6 n\u00facleos)<br \/>\nFrecuencia: 2500 MHz<br \/>\nGeoposicionamiento: GPS, A-GPS, Glonass<br \/>\nBater\u00eda: Li-Po 2675mAh<br \/>\nCarga r\u00e1pida: S\u00ed<\/p>\n<p><strong>CONECTIVIDAD \/ ALMACENAMIENTO<\/strong><br \/>\nUSB: Lightning<br \/>\nAlmacenamiento interno: 256 GB<br \/>\nMemoria RAM: 3GB<br \/>\nSIM: nano SIM<\/p>\n<ul>\n<li>Se incluyen los siguientes accesorios: <strong>Cable original y Manual<\/strong><\/li>\n<li><strong>Garant\u00eda:<\/strong> 6 meses contra defecto de fabricaci\u00f3n<\/li>\n<\/ul>\n<h4><\/h4>\n<h4><span style=\"color: #ff0000;\"><strong>Contado efectivo: 5% de Descuento<\/strong><\/span><\/h4>\n<h5><strong>*Las im\u00e1genes son a modo ilustrativo.<\/strong><\/h5>\n<h4><em>\u00a0<\/em><\/h4>\n","protected":false},"excerpt":{"rendered":"<h5><span style=\"color: #000000;\"><strong>Antes <del>U$S 779.<\/del><\/strong><\/span><\/h5>\n<h3><span style=\"color: #339966;\">Ahora U$S 599 <span style=\"color: #ff0000;\">(30% OFF)<\/span><\/span><\/h3>\n","protected":false},"featured_media":6983,"comment_status":"open","ping_status":"closed","template":"","meta":[],"_links":{"self":[{"href":"https:\/\/www.appoloviracel.com.uy\/index.php\/wp-json\/wp\/v2\/product\/6982"}],"collection":[{"href":"https:\/\/www.appoloviracel.com.uy\/index.php\/wp-json\/wp\/v2\/product"}],"about":[{"href":"https:\/\/www.appoloviracel.com.uy\/index.php\/wp-json\/wp\/v2\/types\/product"}],"replies":[{"embeddable":true,"href":"https:\/\/www.appoloviracel.com.uy\/index.php\/wp-json\/wp\/v2\/comments?post=6982"}],"wp:featuredmedia":[{"embeddable":true,"href":"https:\/\/www.appoloviracel.com.uy\/index.php\/wp-json\/wp\/v2\/media\/6983"}],"wp:attachment":[{"href":"https:\/\/www.appoloviracel.com.uy\/index.php\/wp-json\/wp\/v2\/media?parent=6982"}],"curies":[{"name":"wp","href":"https:\/\/api.w.org\/{rel}","templated":true}]}}