{"id":6953,"date":"2021-09-24T20:37:09","date_gmt":"2021-09-24T23:37:09","guid":{"rendered":"https:\/\/www.appoloviracel.com.uy\/?post_type=product&#038;p=6953"},"modified":"2024-11-18T15:31:40","modified_gmt":"2024-11-18T18:31:40","slug":"auricular-jbl-tune-115-bluetooth-earbuds","status":"publish","type":"product","link":"https:\/\/www.appoloviracel.com.uy\/index.php\/product\/auricular-jbl-tune-115-bluetooth-earbuds\/","title":{"rendered":"Auricular JBL \u00abTune 115\u00bb (Bluetooth) Earbuds"},"content":{"rendered":"<h4>Caracter\u00edsticas y especificaciones:<\/h4>\n<p>Sum\u00e9rgete en tu propio universo sonoro. Disfruta de una libertad ilimitada sin cables tanto para escuchar m\u00fasica como para realizar llamadas. Dual Connect te permite usar ambos auriculares o solo uno, como prefieras, y en modo est\u00e9reo o mono. El incre\u00edble sonido de tus artistas favoritos resulta a\u00fan m\u00e1s espectacular con JBL Pure Bass. Con hasta 21\u00a0horas de bater\u00eda y un ajuste muy c\u00f3modo, puedes divertirte d\u00eda y noche. Y si te desconectas del mundo, puedes recibir llamadas o hablar con tu asistente de voz utilizando solo un dedo. \u00a1Tan sencillo como parece!<\/p>\n<ul>\n<li><strong>Versi\u00f3n Bluetooth: 5.0<\/strong><\/li>\n<li><strong>Material del tap\u00f3n del auricular: Silicona<\/strong><\/li>\n<li><strong>Driver: 5.8 mm<\/strong><\/li>\n<li><strong>Sensibilidad del driver a 1kHz 1mW: 108dB<\/strong><\/li>\n<li><strong>Respuesta de frecuencia din\u00e1mica: 20 Hz \u2013 20 kHz<\/strong><\/li>\n<li><strong>Impedancia de entrada: 14 ohms<\/strong><\/li>\n<li><strong>N\u00famero de drivers por auricular: 1<\/strong><\/li>\n<li><strong>Peso Earbud L\/R combined: 10.3grs; Charging case: 41.5grs; Total : 51.8grs<\/strong><\/li>\n<li><strong>Perfiles Bluetooth: A2DP 1.3; AVRCP 1.5, HFP V1.7<\/strong><\/li>\n<li><strong>Rango de frecuencia de transmisi\u00f3n Bluetooth: 2.4 GHz \u2013 2.4835 GHz<\/strong><\/li>\n<li><strong>Transmisi\u00f3n de modulaci\u00f3n GFSK v\u00eda Bluetooth: GFSK; \u03c0\/4DQPSK; 8DPSK<\/strong><\/li>\n<li><strong>Potencia de transmisi\u00f3n Bluetooth: 0 &#8211; 12dbm<\/strong><\/li>\n<li><strong>Tipo de bater\u00eda Earbuds: Li-ion Charging Case: Li-ion<\/strong><\/li>\n<li><strong>Tiempo de carga: aprox.2 horas<\/strong><\/li>\n<li><strong>Tiempo de carga: aprox.15 min charge = 1 hour play<\/strong><\/li>\n<\/ul>\n<h5><\/h5>\n<h5><strong>*Las im\u00e1genes son a modo ilustrativo.<\/strong><\/h5>\n","protected":false},"excerpt":{"rendered":"<h3><span style=\"color: #ff0000;\"><strong>AGOTADO<\/strong><\/span><\/h3>\n","protected":false},"featured_media":6954,"comment_status":"open","ping_status":"closed","template":"","meta":[],"_links":{"self":[{"href":"https:\/\/www.appoloviracel.com.uy\/index.php\/wp-json\/wp\/v2\/product\/6953"}],"collection":[{"href":"https:\/\/www.appoloviracel.com.uy\/index.php\/wp-json\/wp\/v2\/product"}],"about":[{"href":"https:\/\/www.appoloviracel.com.uy\/index.php\/wp-json\/wp\/v2\/types\/product"}],"replies":[{"embeddable":true,"href":"https:\/\/www.appoloviracel.com.uy\/index.php\/wp-json\/wp\/v2\/comments?post=6953"}],"wp:featuredmedia":[{"embeddable":true,"href":"https:\/\/www.appoloviracel.com.uy\/index.php\/wp-json\/wp\/v2\/media\/6954"}],"wp:attachment":[{"href":"https:\/\/www.appoloviracel.com.uy\/index.php\/wp-json\/wp\/v2\/media?parent=6953"}],"curies":[{"name":"wp","href":"https:\/\/api.w.org\/{rel}","templated":true}]}}