{"id":6917,"date":"2021-09-21T19:21:13","date_gmt":"2021-09-21T22:21:13","guid":{"rendered":"https:\/\/www.appoloviracel.com.uy\/?post_type=product&#038;p=6917"},"modified":"2022-10-12T21:26:47","modified_gmt":"2022-10-13T00:26:47","slug":"celular-xiaomi-redmi-note-8-2021-64gb-4gb","status":"publish","type":"product","link":"https:\/\/www.appoloviracel.com.uy\/index.php\/product\/celular-xiaomi-redmi-note-8-2021-64gb-4gb\/","title":{"rendered":"Celular Xiaomi \u00abRedmi Note 8\u00bb 2021 (64Gb-4Gb)"},"content":{"rendered":"<h4>Caracter\u00edsticas y especificaciones:<\/h4>\n<p>El <a href=\"https:\/\/www.xatakandroid.com\/moviles-android\/redmi-note-8-redmi-note-8-pro-caracteristicas-precio-ficha-tecnica\">Xiaomi Redmi Note 8<\/a> fue uno de los m\u00f3viles m\u00e1s populares de la marca asi\u00e1tica en 2019. Tanto fue as\u00ed, que Xiaomi lo ha devuelto a la vida dos a\u00f1os despu\u00e9s, <strong>cambi\u00e1ndole el procesador<\/strong> y manteniendo el resto de especificaciones intactas, incluido el dise\u00f1o.<\/p>\n<p>A nivel de dise\u00f1o y pantalla el Xiaomi Redmi Note 8 2021 es exactamente igual que el modelo de 2019. El punto positivo es que <strong>es un m\u00f3vil acabado pl\u00e1stico por los laterales y cristal por su parte trasera<\/strong>. A pesar de ser un acabado con brillo, no se llena demasiado de huellas. La c\u00e1mara queda ubicada en una franja vertical, todo un respiro en estos tiempos de m\u00f3dulos gigantescos.<\/p>\n<h5><span style=\"color: #ff0000;\"><strong>Apto para LTE de todas las compa\u00f1\u00edas.<\/strong><\/span><\/h5>\n<ul>\n<li>Pantalla: LCD 6,3&#8243;; Full HD+<\/li>\n<li>Dimensiones: 158,3 * 75,3 * 8,35 mm<\/li>\n<li>Peso: 190 grs.<\/li>\n<li>Procesador: Helio G85<\/li>\n<li>RAM: 4Gb<\/li>\n<li>Almacenamiento: 64Gb; MicroSD hasta 256 Gb<\/li>\n<li>C\u00e1mara frontal: 13 MP f\/2.0<\/li>\n<li>C\u00e1mara trasera: 48 MP f\/1.79; 8 MP f\/2.2 UGA; 2 MP f\/2.4 macro; 2 MP f\/2.4 bokeh<\/li>\n<li>Bater\u00eda: 4000 mAh; Carga r\u00e1pida 18W<\/li>\n<li>Sistema operativo: Android 11; MIUI 12.5<\/li>\n<li>Conectividad: LTE; Wi-Fi ac; Bluetooth 5.2; Minijack; Infrarrojos<\/li>\n<li>Otros: Lector de huellas trasero<\/li>\n<li>Se incluyen los siguientes accesorios: <strong>Cargador y Manual<\/strong><\/li>\n<li><strong>Garant\u00eda:<\/strong> 12 meses contra defecto de fabricaci\u00f3n<\/li>\n<\/ul>\n<h4><\/h4>\n<h4><span style=\"color: #ff0000;\"><strong>Contado efectivo: 10% de Descuento<\/strong><\/span><\/h4>\n<h5><strong>*Las im\u00e1genes son a modo ilustrativo.<\/strong><\/h5>\n","protected":false},"excerpt":{"rendered":"<h3><span style=\"color: #339966;\"><strong>U$S 285<\/strong><\/span><\/h3>\n","protected":false},"featured_media":6918,"comment_status":"open","ping_status":"closed","template":"","meta":[],"_links":{"self":[{"href":"https:\/\/www.appoloviracel.com.uy\/index.php\/wp-json\/wp\/v2\/product\/6917"}],"collection":[{"href":"https:\/\/www.appoloviracel.com.uy\/index.php\/wp-json\/wp\/v2\/product"}],"about":[{"href":"https:\/\/www.appoloviracel.com.uy\/index.php\/wp-json\/wp\/v2\/types\/product"}],"replies":[{"embeddable":true,"href":"https:\/\/www.appoloviracel.com.uy\/index.php\/wp-json\/wp\/v2\/comments?post=6917"}],"wp:featuredmedia":[{"embeddable":true,"href":"https:\/\/www.appoloviracel.com.uy\/index.php\/wp-json\/wp\/v2\/media\/6918"}],"wp:attachment":[{"href":"https:\/\/www.appoloviracel.com.uy\/index.php\/wp-json\/wp\/v2\/media?parent=6917"}],"curies":[{"name":"wp","href":"https:\/\/api.w.org\/{rel}","templated":true}]}}