{"id":6896,"date":"2021-09-20T19:25:30","date_gmt":"2021-09-20T22:25:30","guid":{"rendered":"https:\/\/www.appoloviracel.com.uy\/?post_type=product&#038;p=6896"},"modified":"2021-11-05T22:43:28","modified_gmt":"2021-11-06T01:43:28","slug":"auricular-jbl-tune-510bt","status":"publish","type":"product","link":"https:\/\/www.appoloviracel.com.uy\/index.php\/product\/auricular-jbl-tune-510bt\/","title":{"rendered":"Auricular JBL \u00abTUNE 510BT\u00bb (Bluetooth)"},"content":{"rendered":"<h4>Caracter\u00edsticas y especificaciones:<\/h4>\n<p>Los auriculares JBL Tune 510BT te permiten disfrutar del potente sonido JBL Pure Bass sin nada que te ate. F\u00e1ciles de usar, estos auriculares te ofrecen hasta 40 horas de puro placer y 2 horas m\u00e1s de m\u00fasica con tan solo 5 minutos de carga con el cable USB-C. Si mientras ves un v\u00eddeo en otro dispositivo entra una llamada, los auriculares JBL Tune 510BT cambian a tu m\u00f3vil sin ning\u00fan problema. Con Bluetooth 5.0 habilitado y dise\u00f1ados para ser c\u00f3modos, los auriculares JBL Tune 510BT tambi\u00e9n te permiten conectarte a Siri o Google sin usar tu dispositivo m\u00f3vil. Disponibles en distintos colores y plegables para un transporte sencillo, los auriculares JBL 510BT son una soluci\u00f3n f\u00e1cil para llevar la m\u00fasica a todos los aspectos de tu vida diaria.<\/p>\n<p><u>Sonido JBL Pure Bass<\/u> &lt;&gt; Los auriculares cuentan con el reconocido sonido JBL Pure Bass, presente en las salas de conciertos m\u00e1s famosas de todo el mundo.<\/p>\n<p><u>Transmisi\u00f3n inal\u00e1mbrica por Bluetooth 5.0<\/u> &lt;&gt; Transmite sonido de gran calidad desde tu m\u00f3vil de forma inal\u00e1mbrica, sin ataduras de cables.<\/p>\n<p><u>Hasta 40 horas de autonom\u00eda y carga r\u00e1pida (5 min = 2 horas)<\/u> &lt;&gt; Para una diversi\u00f3n m\u00e1s duradera, disfruta de 40 horas de audio inal\u00e1mbrico y recarga en tan solo 2 horas con el cable USB-C. Con una carga r\u00e1pida de 5 minutos podr\u00e1s volver a disfrutar de 2 horas m\u00e1s de m\u00fasica.<\/p>\n<ul>\n<li>Versi\u00f3n Bluetooth: 5.0<\/li>\n<li>Driver: 32 mm<\/li>\n<li>Tiempo de reproducci\u00f3n de musica: aprox. 40 horas<\/li>\n<li>Sensibilidad del driver a 1kHz1mW: 103.5 db<\/li>\n<li>Respuesta de frecuencia din\u00e1mica: 20 Hz \u2013 20 kHz<\/li>\n<li>Impedancia de entrada: 32 ohms<\/li>\n<li>Peso: 160grs.<\/li>\n<li>Perfiles Bluetooth: A2DP v1.3; AVRCP v1.6; HFP v1.7<\/li>\n<li>Rango de frecuencia de transmisi\u00f3n Bluetooth: 2.4 GHz \u2013 2.4835 GHz<\/li>\n<li>Transmisi\u00f3n de modulaci\u00f3n GFSK v\u00eda Bluetooth: GFSK; x001E\/4DQPSK; 8DPSK<\/li>\n<li>Potencia de transmisi\u00f3n Bluetooth: &lt;8 dBm<\/li>\n<li>Tipo de bater\u00eda: 3.7V \/ 450 mAh<\/li>\n<li>Tiempo de carga: aprox. 2 horas<\/li>\n<\/ul>\n<h5><\/h5>\n<h5><strong>*Las im\u00e1genes son a modo ilustrativo.<\/strong><\/h5>\n","protected":false},"excerpt":{"rendered":"<h3><span style=\"color: #339966;\"><strong>U$S 69<\/strong><\/span><\/h3>\n","protected":false},"featured_media":6897,"comment_status":"open","ping_status":"closed","template":"","meta":[],"_links":{"self":[{"href":"https:\/\/www.appoloviracel.com.uy\/index.php\/wp-json\/wp\/v2\/product\/6896"}],"collection":[{"href":"https:\/\/www.appoloviracel.com.uy\/index.php\/wp-json\/wp\/v2\/product"}],"about":[{"href":"https:\/\/www.appoloviracel.com.uy\/index.php\/wp-json\/wp\/v2\/types\/product"}],"replies":[{"embeddable":true,"href":"https:\/\/www.appoloviracel.com.uy\/index.php\/wp-json\/wp\/v2\/comments?post=6896"}],"wp:featuredmedia":[{"embeddable":true,"href":"https:\/\/www.appoloviracel.com.uy\/index.php\/wp-json\/wp\/v2\/media\/6897"}],"wp:attachment":[{"href":"https:\/\/www.appoloviracel.com.uy\/index.php\/wp-json\/wp\/v2\/media?parent=6896"}],"curies":[{"name":"wp","href":"https:\/\/api.w.org\/{rel}","templated":true}]}}