{"id":6886,"date":"2021-09-19T14:36:12","date_gmt":"2021-09-19T17:36:12","guid":{"rendered":"https:\/\/www.appoloviracel.com.uy\/?post_type=product&#038;p=6886"},"modified":"2023-11-21T19:42:32","modified_gmt":"2023-11-21T22:42:32","slug":"celular-xiaomi-poco-x3-128gb-8gb","status":"publish","type":"product","link":"https:\/\/www.appoloviracel.com.uy\/index.php\/product\/celular-xiaomi-poco-x3-128gb-8gb\/","title":{"rendered":"Celular Xiaomi \u00abPoco X3NFC\u00bb (128Gb-8Gb)"},"content":{"rendered":"<h4><strong>Caracter\u00edsticas y especificaciones<\/strong><\/h4>\n<p>No es poco mencionar que la pantalla del POCO X3 cuenta con una tasa de refresco de 120Hz, mucho m\u00e1s de lo que ofrecen varios <em>flagships<\/em> de la m\u00e1s alta jerarqu\u00eda. En el centro del extremo superior de su pantalla vemos una c\u00e1mara de 20MP incrustada. Esta sigue siendo una opci\u00f3n menos intrusiva en comparaci\u00f3n con las muescas, por muy discretas que se hayan vuelto estas.<\/p>\n<p>Si hablamos de fotograf\u00eda obligatoriamente tenemos que referirnos a su c\u00e1mara cu\u00e1druple dorsal con sensor principal de 64MP en una lente gran angular. Esta c\u00e1mara est\u00e1 acompa\u00f1ada por un sensor de 8MP en una lente ultra gran angular con campo de visi\u00f3n de 119\u00b0, un sensor de 2MP en una lente macro con 4cm de distancia focal y un sensor de 2MP en una lente de profundidades.<\/p>\n<p>De esta manera las lentes que integran el m\u00f3dulo de multic\u00e1mara del POCO X3 son las mismas que las que hemos visto ya en tantos otros <em>flagships<\/em> y <em>midrangers<\/em> de mediana y mediana-alta jerarqu\u00eda a lo largo de este 2020: fotos de amplio campo de visi\u00f3n, con la posibilidad de capturar peque\u00f1os objetivos con sus lentes macro y hacer uso del efecto <em>bokeh<\/em> con sus lentes de profundidades.<\/p>\n<p>La potencia del POCO X3 sigue estando a cargo del Qualcomm Snapdragon 732G que est\u00e1 escoltado por hasta 8GB de memoria RAM LPDDR4X y hasta 128GB de capacidad de almacenamiento interno UFS 2.1. Pero es a la hora de hablar de su alimentaci\u00f3n que vemos la primera diferencia entre el POCO X3 y el POCO X3 NFC.<\/p>\n<p>La bater\u00eda del m\u00e1s nuevo de estos smartphones es de 6000mAh de capacidad en lugar de la ya suficientemente grande pero menos generosa bater\u00eda de 5160mAh del POCO X3 NFC. Y para fortuna de los usuarios del POCO X3 este conserva la potencia de cargado r\u00e1pido de 33W.<\/p>\n<p>POCO anuncia el Xiaomi POCO X3 en los mismos colores \u00abShadow Gray\u00bb y \u00abCobalt Blue\u00bb del modelo original y con precios similares.<\/p>\n<ul>\n<li>PANTALLA: IPS 6,67 pulgadas 120 Hz; 240 Hz t\u00e1ctil, 450 nits; Gorilla Glass 6, HDR10<\/li>\n<li>PROCESADOR: Qualcomm Snapdragon 860<\/li>\n<li>RAM: 8 GB LPDDR4X<\/li>\n<li>ALMACENAMIENTO: 256 GB UFS 3.1 (hasta 1 TB con microSD)<\/li>\n<li>C\u00c1MARAS TRASERAS: 48 MP, f\/1.79, AF; Gran angular 8 MP, f\/2.2, 119; 2 MP macro, f\/2.4, FF; 2 MP profundidad, f\/2.4, FF<\/li>\n<li>C\u00c1MARA FRONTAL: 20 MP, f\/2.2<\/li>\n<li>BATER\u00cdA: 5.160 mAh; Carga r\u00e1pida 33 W<\/li>\n<li>SISTEMA OPERATIVO:Android 11 + MIUI 12<\/li>\n<li>CONECTIVIDAD: 4G; Bluetooth 5.0; WiFi 5; NFC<\/li>\n<li>OTROS: Jack 3,5 mm; Est\u00e9reo<\/li>\n<li>INFRARROJOS: Dual Sim (h\u00edbrido);\u00a0 Lector de huellas lateral<\/li>\n<li>DIMENSIONES: 165,3 * 76,8 * 9,4 mm<\/li>\n<li>PESO: 215 grs.<\/li>\n<li>Se incluyen los siguientes accesorios: <strong>Cargador y Manual<\/strong><\/li>\n<li><strong>Garant\u00eda:<\/strong> 12 meses contra defecto de fabricaci\u00f3n<\/li>\n<\/ul>\n<h4><\/h4>\n<h4><span style=\"color: #ff0000;\"><strong>Contado efectivo: 10% de Descuento<\/strong><\/span><\/h4>\n<h5><strong>*Las im\u00e1genes son a modo ilustrativo.<\/strong><\/h5>\n","protected":false},"excerpt":{"rendered":"<h3><span style=\"color: #ff0000;\"><strong>\u00abArticulo Agotado\u00bb<\/strong><\/span><\/h3>\n","protected":false},"featured_media":6887,"comment_status":"open","ping_status":"closed","template":"","meta":[],"_links":{"self":[{"href":"https:\/\/www.appoloviracel.com.uy\/index.php\/wp-json\/wp\/v2\/product\/6886"}],"collection":[{"href":"https:\/\/www.appoloviracel.com.uy\/index.php\/wp-json\/wp\/v2\/product"}],"about":[{"href":"https:\/\/www.appoloviracel.com.uy\/index.php\/wp-json\/wp\/v2\/types\/product"}],"replies":[{"embeddable":true,"href":"https:\/\/www.appoloviracel.com.uy\/index.php\/wp-json\/wp\/v2\/comments?post=6886"}],"wp:featuredmedia":[{"embeddable":true,"href":"https:\/\/www.appoloviracel.com.uy\/index.php\/wp-json\/wp\/v2\/media\/6887"}],"wp:attachment":[{"href":"https:\/\/www.appoloviracel.com.uy\/index.php\/wp-json\/wp\/v2\/media?parent=6886"}],"curies":[{"name":"wp","href":"https:\/\/api.w.org\/{rel}","templated":true}]}}