{"id":6850,"date":"2021-09-15T00:35:15","date_gmt":"2021-09-15T03:35:15","guid":{"rendered":"https:\/\/www.appoloviracel.com.uy\/?post_type=product&#038;p=6850"},"modified":"2022-04-08T12:49:07","modified_gmt":"2022-04-08T15:49:07","slug":"celular-samsung-galaxy-a03s-64gb","status":"publish","type":"product","link":"https:\/\/www.appoloviracel.com.uy\/index.php\/product\/celular-samsung-galaxy-a03s-64gb\/","title":{"rendered":"Celular Samsung \u00abGalaxy A03s\u00bb (64Gb-3Gb)"},"content":{"rendered":"<h4><strong>Caracter\u00edsticas y especificaciones<\/strong><\/h4>\n<p>El <strong>Samsung Galaxy A03s<\/strong> es un nuevo smartphone econ\u00f3mico, con una pantalla HD+ de 6.5 pulgadas y potenciado por un procesador MediaTek Helio P35. Con variantes de 3GB de RAM con 32GB de almacenamiento o 4GB de RAM con 64GB de almacenamiento, el Galaxy A03s cuenta con una c\u00e1mara triple en su posterior, con sensor principal de 13MP y un par de sensores secundarios de 2MP, y la c\u00e1mara frontal para selfies es de 5MP. Completando las caracter\u00edsticas del Galaxy A03s encontramos un lector de huellas lateral, una bater\u00eda de 5000 mAh de carga r\u00e1pida, y corre One UI 3.1 Core basado en Android 11. El Samsung Galaxy A03s es un nuevo m\u00f3vil de gama de entrada, barato y sin muchas pretensiones. hecho de que, ahora s\u00ed, se integre el lector de huellas en uno de sus laterales.<\/p>\n<ul>\n<li>Pantalla: LCD 6,3&#8243;; HD+<\/li>\n<li>Dimensiones: 164,2 * 75,9 * 9,1 mm<\/li>\n<li>Peso:196 grs.<\/li>\n<li>Procesador: Ocho n\u00facleos a 2,3 GHz y 1,8 GHz<\/li>\n<li>RAM:3Gb<\/li>\n<li>Almacenamiento: 64 Gb<\/li>\n<li>C\u00e1mara frontal: 5 MP f\/2.2<\/li>\n<li>C\u00e1mara trasera: 13 MP f\/2.2; 2 MP f\/2.4; 2 MP f\/2.4<\/li>\n<li>Bater\u00eda: 5.000 mAh<\/li>\n<li>Sistema operativo: Android; One UI<\/li>\n<li>Conectividad: LTE: Wi-Fi b\/g\/n; Bluetooth 5.0; USB-C; Minijack<\/li>\n<li>Otros: Lector de huellas en un lateral<\/li>\n<li><strong>S<\/strong>e incluyen los siguientes accesorios: <strong>Cargador y Manual <\/strong><\/li>\n<li><strong>Garant\u00eda:<\/strong> 12 meses contra defecto de fabricaci\u00f3n<\/li>\n<\/ul>\n<h4><\/h4>\n<h4><span style=\"color: #ff0000;\"><strong>Contado efectivo: 10% de Descuento<\/strong><\/span><\/h4>\n<h5><strong>*Las im\u00e1genes son a modo ilustrativo.<\/strong><\/h5>\n","protected":false},"excerpt":{"rendered":"<h3><span style=\"color: #ff0000;\"><strong>\u00abArt\u00edculo Agotado\u00bb<\/strong><\/span><\/h3>\n<h3><span style=\"color: #339966;\"><strong>\u00a0<\/strong><\/span><\/h3>\n","protected":false},"featured_media":13095,"comment_status":"open","ping_status":"closed","template":"","meta":[],"_links":{"self":[{"href":"https:\/\/www.appoloviracel.com.uy\/index.php\/wp-json\/wp\/v2\/product\/6850"}],"collection":[{"href":"https:\/\/www.appoloviracel.com.uy\/index.php\/wp-json\/wp\/v2\/product"}],"about":[{"href":"https:\/\/www.appoloviracel.com.uy\/index.php\/wp-json\/wp\/v2\/types\/product"}],"replies":[{"embeddable":true,"href":"https:\/\/www.appoloviracel.com.uy\/index.php\/wp-json\/wp\/v2\/comments?post=6850"}],"wp:featuredmedia":[{"embeddable":true,"href":"https:\/\/www.appoloviracel.com.uy\/index.php\/wp-json\/wp\/v2\/media\/13095"}],"wp:attachment":[{"href":"https:\/\/www.appoloviracel.com.uy\/index.php\/wp-json\/wp\/v2\/media?parent=6850"}],"curies":[{"name":"wp","href":"https:\/\/api.w.org\/{rel}","templated":true}]}}