{"id":6797,"date":"2021-09-08T21:43:10","date_gmt":"2021-09-09T00:43:10","guid":{"rendered":"https:\/\/www.appoloviracel.com.uy\/?post_type=product&#038;p=6797"},"modified":"2024-05-20T21:07:04","modified_gmt":"2024-05-21T00:07:04","slug":"parlante-jbl-charge-5-bluetooht","status":"publish","type":"product","link":"https:\/\/www.appoloviracel.com.uy\/index.php\/product\/parlante-jbl-charge-5-bluetooht\/","title":{"rendered":"Parlante JBL \u00abCharge 5\u00bb (Bluetooth)"},"content":{"rendered":"<h4>Caracter\u00edsticas y especificaciones:<\/h4>\n<p>JBL da la bienvenida al \u00faltimo dispositivo de su gama <em>Charge<\/em>, el altavoz <strong>JBL Charge 5<\/strong>. Con un dise\u00f1o mejorado, a prueba de polvo y agua, y una oferta de audio superior, esta versi\u00f3n del conocido altavoz lleva la gama de altavoces port\u00e1tiles de JBL a un nuevo nivel, perfeccionando el sonido <em>Signature Pro de JBL<\/em> para los amantes de la m\u00fasica.<\/p>\n<p>El altavoz consta de un conductor en forma de pista, altavoces de agudos separados y radiadores pasivos duales para una claridad de audio sorprendente y unos bajos profundos, ofreciendo el JBL Signature Pro Sound en un dise\u00f1o duradero. Con 20 horas de tiempo de reproducci\u00f3n y un banco de energ\u00eda incorporado, los oyentes pueden cargar f\u00e1cilmente los dispositivos a trav\u00e9s del puerto de carga del altavoz sin interrumpir nunca sus melod\u00edas. Habilitado con JBL PartyBoost, los usuarios pueden conectar el Charge 5 a otros altavoces port\u00e1tiles compatibles con JBL para amplificar su sonido.<\/p>\n<p>La \u00faltima versi\u00f3n de la Serie Charge de JBL incluye topes de silicona y un llamativo logo de JBL, para dar un nuevo giro al dise\u00f1o ic\u00f3nico de JBL. El altavoz combina una estructura resistente y duradera con un dise\u00f1o elegante y audaz que se destacar\u00e1 en cualquier escenario. El Charge 5 llega en varios colores, incluyendo Black, Blue, Gray, Red, Teal y Camo.<\/p>\n<ul>\n<li>Dise\u00f1o IP67 resistente al agua y al polvo<\/li>\n<li>Conectado con JBL PartyBoost<\/li>\n<li>Conexi\u00f3n inal\u00e1mbrica Bluetooth v5.1<\/li>\n<li>Controlador con forma de pista de carreras, tweeter separado y radiadores de bajos JBL pasivos duales<\/li>\n<li>Powerbank de 7500mAh incorporado: La bater\u00eda recargable de Li-ion permite hasta 20 horas de reproducci\u00f3n y ofrece la posibilidad de cargar dispositivos a trav\u00e9s de una salida USB.<\/li>\n<\/ul>\n<h5><strong>*Las im\u00e1genes son a modo ilustrativo.<\/strong><\/h5>\n","protected":false},"excerpt":{"rendered":"<h3><span style=\"color: #339966;\"><strong>U$S \u00a0229<\/strong><\/span><\/h3>\n","protected":false},"featured_media":6818,"comment_status":"open","ping_status":"closed","template":"","meta":[],"_links":{"self":[{"href":"https:\/\/www.appoloviracel.com.uy\/index.php\/wp-json\/wp\/v2\/product\/6797"}],"collection":[{"href":"https:\/\/www.appoloviracel.com.uy\/index.php\/wp-json\/wp\/v2\/product"}],"about":[{"href":"https:\/\/www.appoloviracel.com.uy\/index.php\/wp-json\/wp\/v2\/types\/product"}],"replies":[{"embeddable":true,"href":"https:\/\/www.appoloviracel.com.uy\/index.php\/wp-json\/wp\/v2\/comments?post=6797"}],"wp:featuredmedia":[{"embeddable":true,"href":"https:\/\/www.appoloviracel.com.uy\/index.php\/wp-json\/wp\/v2\/media\/6818"}],"wp:attachment":[{"href":"https:\/\/www.appoloviracel.com.uy\/index.php\/wp-json\/wp\/v2\/media?parent=6797"}],"curies":[{"name":"wp","href":"https:\/\/api.w.org\/{rel}","templated":true}]}}