{"id":6775,"date":"2021-08-26T20:01:41","date_gmt":"2021-08-26T23:01:41","guid":{"rendered":"https:\/\/www.appoloviracel.com.uy\/?post_type=product&#038;p=6775"},"modified":"2021-12-06T22:05:12","modified_gmt":"2021-12-07T01:05:12","slug":"celular-samsung-galaxy-s10-plus-128gb-8gb","status":"publish","type":"product","link":"https:\/\/www.appoloviracel.com.uy\/index.php\/product\/celular-samsung-galaxy-s10-plus-128gb-8gb\/","title":{"rendered":"Celular Samsung \u00abGalaxy s10 Plus\u00bb (128Gb-8Gb)"},"content":{"rendered":"<h4>Caracter\u00edsticas y especificaciones:<\/h4>\n<p>El\u00a0<strong>Samsung Galaxy S10<\/strong> Plus llega mejorando en varios aspectos al Galaxy S9. El Galaxy S10 Plustiene una pantalla QHD+ Dynamic AMOLED de 6.4 pulgadas, y est\u00e1 potenciado por el nuevo procesador Exynos 9820 de ocho n\u00facleos o bien un Snapdragon 855, con 8GB de RAM y 128GB de almacenamiento. La c\u00e1mara principal del Galaxy S10 es triple, con un sensor principal de 12 MP con OIS, un telefoto de 12 MP con AF, y un lente ultra-wide de 16 MP. La c\u00e1mara frontal es de 10 MP. Completando sus caracter\u00edsticas, el Galaxy S10 cuenta con lector de huellas embebido en pantalla, puerto USB-C, parlantes stereo optimizados por AKG, sonido Dolby Atmos, bater\u00eda de 3400 mAh con carga r\u00e1pida inal\u00e1mbrica, carga reversible para funcionar como power bank y Android 10.0 con la interfaz One UI.<\/p>\n<p>Descubre, explora, conoce a la nueva generaci\u00f3n de Samsung y reinventa tu celular, con Samsung Galaxy S10 Plus tienes un celular que se destaca y se distingue por s\u00ed solo. Disfruta como nunca antes tu contenido, con una pantalla totalmente nueva y redise\u00f1ada para ti, d\u00f3nde no hay l\u00edmites, ni interrupciones ni b\u00edseles que evitan disfrutar.<\/p>\n<ul>\n<li>Memoria Interna: 128 GB<\/li>\n<li>RAM: 8GB<\/li>\n<li>Memoria Externa: microSD, hasta 512GB (No incluido)<\/li>\n<li>Lector de Huellas Digitales \u2013 Si<\/li>\n<li>Pantalla: 6.4 pulgadas, primera pantalla de celular con certificaci\u00f3n HDR+ (QHD+ Dynamic AMOLED)<\/li>\n<li>Resoluci\u00f3n: 3,040 *1,440 pixeles.<\/li>\n<li>Procesador: 2.84GHz Snapdragon 855 \/ 2.73GHz Exynos 9820 de ocho n\u00facleos<\/li>\n<li>Carga inal\u00e1mbrica r\u00e1pida<\/li>\n<li>Bluetooth 5.0<\/li>\n<li>Bater\u00eda de 4100 mAh de larga duraci\u00f3n<\/li>\n<li>Se incluyen los siguientes accesorios: <strong>Cargador y Manual<\/strong><\/li>\n<li><strong>Garant\u00eda:<\/strong> 12 meses contra defecto de fabricaci\u00f3n<\/li>\n<\/ul>\n<h4><\/h4>\n<h4><span style=\"color: #ff0000;\"><strong>Contado efectivo: 10% de Descuento<\/strong><\/span><\/h4>\n<h5><strong>*Las im\u00e1genes son a modo ilustrativo.<\/strong><\/h5>\n","protected":false},"excerpt":{"rendered":"<h3><span style=\"color: #ff0000;\"><strong>\u00abArt\u00edculo Agotado\u00bb<\/strong><\/span><\/h3>\n<h3><span style=\"color: #ff0000;\"><strong>\u00a0<\/strong><\/span><\/h3>\n","protected":false},"featured_media":6776,"comment_status":"open","ping_status":"closed","template":"","meta":[],"_links":{"self":[{"href":"https:\/\/www.appoloviracel.com.uy\/index.php\/wp-json\/wp\/v2\/product\/6775"}],"collection":[{"href":"https:\/\/www.appoloviracel.com.uy\/index.php\/wp-json\/wp\/v2\/product"}],"about":[{"href":"https:\/\/www.appoloviracel.com.uy\/index.php\/wp-json\/wp\/v2\/types\/product"}],"replies":[{"embeddable":true,"href":"https:\/\/www.appoloviracel.com.uy\/index.php\/wp-json\/wp\/v2\/comments?post=6775"}],"wp:featuredmedia":[{"embeddable":true,"href":"https:\/\/www.appoloviracel.com.uy\/index.php\/wp-json\/wp\/v2\/media\/6776"}],"wp:attachment":[{"href":"https:\/\/www.appoloviracel.com.uy\/index.php\/wp-json\/wp\/v2\/media?parent=6775"}],"curies":[{"name":"wp","href":"https:\/\/api.w.org\/{rel}","templated":true}]}}