{"id":6675,"date":"2021-08-12T20:58:25","date_gmt":"2021-08-12T23:58:25","guid":{"rendered":"https:\/\/www.appoloviracel.com.uy\/?post_type=product&#038;p=6675"},"modified":"2021-11-27T14:55:55","modified_gmt":"2021-11-27T17:55:55","slug":"tablet-amazon-fire-7-whith-alexa-16gb","status":"publish","type":"product","link":"https:\/\/www.appoloviracel.com.uy\/index.php\/product\/tablet-amazon-fire-7-whith-alexa-16gb\/","title":{"rendered":"Tablet Amazon Fire 7 \u00abWhith Alexa\u00bb (16Gb)"},"content":{"rendered":"<h4>Caracter\u00edsticas y especificaciones:<\/h4>\n<ul>\n<li>Tablet Amazon Fire 7&#8243; 16Gb<br \/>\nPantalla t\u00e1ctil de alta definici\u00f3n de 7 pulgadas<\/li>\n<li>Resoluci\u00f3n de 1280 * 800 a 189 ppp<\/li>\n<li>Reproducci\u00f3n de video Hd, con tecnolog\u00eda Ips (conmutaci\u00f3n en plano) y filtro polarizador avanzado<br \/>\nAlmacenamiento: 16 GB (9,6 Gb disponibles para el usuario) de almacenamiento Iiterno.<\/li>\n<li>Agrega una tarjeta microsd hasta 400 Gb de almacenamiento adicional para tener a\u00fan m\u00e1s pel\u00edculas, programas de Tv, m\u00fasica, fotos, videos personales y aplicaciones.<\/li>\n<li>Algunas aplicaciones pueden requerir que est\u00e9n instaladas en el almacenamiento interno.<br \/>\nPuertos:USB 2.0 (conector Micro-b) para conectar a una computadora PC\/macintosh, o para cargar el dispositivo con el adaptador de corriente inclu\u00eddo<\/li>\n<li>Ranura micro SD para almacenamiento externo<br \/>\nAudio: entrada est\u00e9reo de 3,5 mm y altavoz integrado con Dolby audio<br \/>\nSensores: aceler\u00f3metro, sensor de luz ambiental<br \/>\nEspecificaciones de la c\u00e1mara: c\u00e1mara frontal de 2 Mp y c\u00e1mara HD trasera de 2 Mp<\/li>\n<li>Se incluyen los siguientes accesorios: <strong>Cargador y Manual<\/strong><\/li>\n<li><strong>Garant\u00eda:<\/strong> 12 meses contra defecto de fabricaci\u00f3n<\/li>\n<\/ul>\n<h4><strong>\u00a0<\/strong><\/h4>\n<h4><span style=\"color: #ff0000;\"><strong>Contado efectivo: 10% de Descuento<\/strong><\/span><\/h4>\n<h5><strong>*Las im\u00e1genes son a modo ilustrativo.<\/strong><\/h5>\n","protected":false},"excerpt":{"rendered":"<h3><span style=\"color: #339966;\"><strong><span style=\"color: #ff0000;\">\u00abArt\u00edculo Agotado\u00bb<\/span><br \/>\n<\/strong><\/span><\/h3>\n","protected":false},"featured_media":6682,"comment_status":"open","ping_status":"closed","template":"","meta":[],"_links":{"self":[{"href":"https:\/\/www.appoloviracel.com.uy\/index.php\/wp-json\/wp\/v2\/product\/6675"}],"collection":[{"href":"https:\/\/www.appoloviracel.com.uy\/index.php\/wp-json\/wp\/v2\/product"}],"about":[{"href":"https:\/\/www.appoloviracel.com.uy\/index.php\/wp-json\/wp\/v2\/types\/product"}],"replies":[{"embeddable":true,"href":"https:\/\/www.appoloviracel.com.uy\/index.php\/wp-json\/wp\/v2\/comments?post=6675"}],"wp:featuredmedia":[{"embeddable":true,"href":"https:\/\/www.appoloviracel.com.uy\/index.php\/wp-json\/wp\/v2\/media\/6682"}],"wp:attachment":[{"href":"https:\/\/www.appoloviracel.com.uy\/index.php\/wp-json\/wp\/v2\/media?parent=6675"}],"curies":[{"name":"wp","href":"https:\/\/api.w.org\/{rel}","templated":true}]}}