{"id":6668,"date":"2021-08-11T20:37:32","date_gmt":"2021-08-11T23:37:32","guid":{"rendered":"https:\/\/www.appoloviracel.com.uy\/?post_type=product&#038;p=6668"},"modified":"2021-09-23T19:40:04","modified_gmt":"2021-09-23T22:40:04","slug":"tablet-amazon-fire-7-kids-edition-16gb","status":"publish","type":"product","link":"https:\/\/www.appoloviracel.com.uy\/index.php\/product\/tablet-amazon-fire-7-kids-edition-16gb\/","title":{"rendered":"Tablet Amazon Fire 7 \u00abKids Edition\u00bb (16Gb)"},"content":{"rendered":"<h4>Caracter\u00edsticas y especificaciones:<\/h4>\n<p>Las tabletas de Amaz\u00f3n Fire han estado disponibles como modelos especiales para la Edici\u00f3n Infantil desde hace mucho tiempo, y ofrecen mucho m\u00e1s que una caja robusta. En el coraz\u00f3n de Kids Edition se encuentran amplias opciones de software para hacer que la tableta sea m\u00e1s amigable para los ni\u00f1os.<\/p>\n<p>La cascasa est\u00e1 hecha de pl\u00e1stico resistente y muy bien hecho. Las diferencias en comparaci\u00f3n con su predecesor directo en 2017 son marginales y se pueden encontrar en nuestra revisi\u00f3n Fire se\u00a0diferencia del modelo normal, la Kids Edition est\u00e1 envuelta en una funda de espuma dura, que tiene casi 0,5 pulgadas de grosor en los laterales y sobresale unos 5 mm (0,2 pulgadas) por encima de la pantalla. La parte trasera est\u00e1 reforzada e incluye un robusto soporte plegable con el que se puede apoyar la tableta en modo horizontal, aunque algo tambaleante.<\/p>\n<ul>\n<li><strong>Procesador<\/strong>: Qualcomm<\/li>\n<li><strong>N\u00facleos del procesador<\/strong>: Quad Core<\/li>\n<li><strong>Tama\u00f1o de la pantalla<\/strong>: 7 pulgadas<\/li>\n<li><strong>Velocidad del procesador<\/strong>: Quad-core 1.3 GHz<\/li>\n<li><strong>Memoria RAM<\/strong>: 1GB<\/li>\n<li>MediaTek MT8163 V\/B 1.3 GHz 4 * 1.3 GHz, Cortex-A53.<\/li>\n<li>ARM Mali-T720 MP2.<\/li>\n<li><strong>16 GB<\/strong> eMMC Flash, <strong>16 GB<\/strong>. , 10 GB libre.<\/li>\n<li>456 g<\/li>\n<li>Se incluyen los siguientes accesorios: <strong>Cargador y Manual<\/strong><\/li>\n<li><strong>Garant\u00eda:<\/strong> 12 meses contra defecto de fabricaci\u00f3n<\/li>\n<\/ul>\n<h4><\/h4>\n<h4><span style=\"color: #ff0000;\"><strong>Contado efectivo: 10% de Descuento<\/strong><\/span><\/h4>\n<h5><strong>*Las im\u00e1genes son a modo ilustrativo.<\/strong><\/h5>\n","protected":false},"excerpt":{"rendered":"<h3><span style=\"color: #339966;\"><strong>U$S 139<\/strong><\/span><\/h3>\n","protected":false},"featured_media":6669,"comment_status":"open","ping_status":"closed","template":"","meta":[],"_links":{"self":[{"href":"https:\/\/www.appoloviracel.com.uy\/index.php\/wp-json\/wp\/v2\/product\/6668"}],"collection":[{"href":"https:\/\/www.appoloviracel.com.uy\/index.php\/wp-json\/wp\/v2\/product"}],"about":[{"href":"https:\/\/www.appoloviracel.com.uy\/index.php\/wp-json\/wp\/v2\/types\/product"}],"replies":[{"embeddable":true,"href":"https:\/\/www.appoloviracel.com.uy\/index.php\/wp-json\/wp\/v2\/comments?post=6668"}],"wp:featuredmedia":[{"embeddable":true,"href":"https:\/\/www.appoloviracel.com.uy\/index.php\/wp-json\/wp\/v2\/media\/6669"}],"wp:attachment":[{"href":"https:\/\/www.appoloviracel.com.uy\/index.php\/wp-json\/wp\/v2\/media?parent=6668"}],"curies":[{"name":"wp","href":"https:\/\/api.w.org\/{rel}","templated":true}]}}