{"id":6653,"date":"2021-08-10T20:43:40","date_gmt":"2021-08-10T23:43:40","guid":{"rendered":"https:\/\/www.appoloviracel.com.uy\/?post_type=product&#038;p=6653"},"modified":"2022-03-12T12:13:50","modified_gmt":"2022-03-12T15:13:50","slug":"celular-iphone-8-256gb-2","status":"publish","type":"product","link":"https:\/\/www.appoloviracel.com.uy\/index.php\/product\/celular-iphone-8-256gb-2\/","title":{"rendered":"Celular iPhone \u00ab8\u00bb (256Gb)"},"content":{"rendered":"<h4>Caracter\u00edsticas y especificaciones:<\/h4>\n<h4><span style=\"color: #ff0000;\"><strong>Equipo Nuevo<\/strong><\/span><\/h4>\n<p>Si buscas un <em>smartphone<\/em> <strong>potente<\/strong>, que soporte tu ritmo de vida diario y que adem\u00e1s no te salga muy caro, tenemos la soluci\u00f3n perfecta para ti. Las caracter\u00edsticas del iPhone 8, 256 GB lo mantienen, incluso despu\u00e9s de unos a\u00f1os de su lanzamiento, como <strong>uno de los tel\u00e9fonos m\u00e1s deseados<\/strong>.<\/p>\n<ul>\n<li><strong>Certificado IP67. SUMERGIBLE: Hasta 1 metros y 30 minutos.<\/strong><\/li>\n<li><strong>Pantalla: 4,7\u2033 MULTIT\u00c1CTIL IPS CAPACITIVA, 750 * 1334 p\u00edxeles. Cristal ION Reforzado. Cubierta Ole\u00f3fuga.<\/strong><\/li>\n<li><strong>2G: (850 \/ 900 \/ 1800 \/ 1900), COMPATIBLE CON CLARO, MOVISTAR Y ANTEL.<\/strong><\/li>\n<li><strong>3G: (850 \/ 900 \/ 1700 \/ 1900 \/ 2100), COMPATIBLE CON CLARO, MOVISTAR Y ANTEL.<\/strong><\/li>\n<li><strong>4G: (700 \/ 800 \/ 850 \/ 900 \/ 1700 (BANDA 4) \/ 1800 \/ 1900 \/ 2100 (BANDA 4) \/ 2300 \/ 2500 \/ 2600), COMPATIBLE CON CLARO, MOVISTAR Y ANTEL.<\/strong><\/li>\n<li><strong>Procesador: HEXA CORE (Dual Core Monsoon \/ Quad Core Mistral).<\/strong><\/li>\n<li><strong>Sistema Operativo: IOS 11.<\/strong><\/li>\n<li><strong>Memoria RAM: 2 GB.<\/strong><\/li>\n<li><strong>Memoria ROM: 256 GB.<\/strong><\/li>\n<li><strong>C\u00e1mara Principal Imagen: 12 MP, F\/1.8, 28 mm, AF. <\/strong><strong>Quad-LED Dual-Tone Flash, HDR.<\/strong><\/li>\n<li>Se incluyen los siguientes accesorios: <strong>Auriculares,<\/strong> <strong>Cargador y Manual<\/strong><\/li>\n<li><strong>Garant\u00eda:<\/strong> 6 meses contra defecto de fabricaci\u00f3n<\/li>\n<\/ul>\n<h4><\/h4>\n<h4><span style=\"color: #ff0000;\"><strong>Contado efectivo: 10% de Descuento<\/strong><\/span><\/h4>\n<h5><strong>*Las im\u00e1genes son a modo ilustrativo.<\/strong><\/h5>\n","protected":false},"excerpt":{"rendered":"<h3><span style=\"color: #ff0000;\"><strong>ARTICULO AGOTADO<\/strong><\/span><\/h3>\n","protected":false},"featured_media":6654,"comment_status":"open","ping_status":"closed","template":"","meta":[],"_links":{"self":[{"href":"https:\/\/www.appoloviracel.com.uy\/index.php\/wp-json\/wp\/v2\/product\/6653"}],"collection":[{"href":"https:\/\/www.appoloviracel.com.uy\/index.php\/wp-json\/wp\/v2\/product"}],"about":[{"href":"https:\/\/www.appoloviracel.com.uy\/index.php\/wp-json\/wp\/v2\/types\/product"}],"replies":[{"embeddable":true,"href":"https:\/\/www.appoloviracel.com.uy\/index.php\/wp-json\/wp\/v2\/comments?post=6653"}],"wp:featuredmedia":[{"embeddable":true,"href":"https:\/\/www.appoloviracel.com.uy\/index.php\/wp-json\/wp\/v2\/media\/6654"}],"wp:attachment":[{"href":"https:\/\/www.appoloviracel.com.uy\/index.php\/wp-json\/wp\/v2\/media?parent=6653"}],"curies":[{"name":"wp","href":"https:\/\/api.w.org\/{rel}","templated":true}]}}