{"id":6567,"date":"2021-07-26T10:58:39","date_gmt":"2021-07-26T13:58:39","guid":{"rendered":"https:\/\/www.appoloviracel.com.uy\/?post_type=product&#038;p=6567"},"modified":"2022-06-30T16:37:49","modified_gmt":"2022-06-30T19:37:49","slug":"smartwatch-xiaomi-mi-band-6","status":"publish","type":"product","link":"https:\/\/www.appoloviracel.com.uy\/index.php\/product\/smartwatch-xiaomi-mi-band-6\/","title":{"rendered":"Smartwatch Xiaomi \u00abMi Band 6\u00bb"},"content":{"rendered":"<h4>Caracter\u00edsticas y especificaciones:<\/h4>\n<p>La <strong>Xiaomi Mi Band 6<\/strong> ya es una realidad. La multinacional ha presentado la nueva versi\u00f3n de su &#8216;wearable superventas&#8217; y ha mejorado la autonom\u00eda, la pantalla y la medici\u00f3n de algunos aspectos como la calidad del sue\u00f1o o la actividad f\u00edsica.<\/p>\n<ul>\n<li>Dimensiones del cuerpo: 47,4 * 18,6 * 12,7 mm<\/li>\n<li>Peso neto del cuerpo: 12,8 grs.<\/li>\n<li>Pantalla: AMOLED de 1,56\u201d pulgada; Resoluci\u00f3n 152 * 486 p\u00edxeles;326 ppp; 450 nits; Cristal templado; Recubrimiento antihuellas<\/li>\n<li>Sensor de 6 ejes de alta precisi\u00f3n y sensor de frecuencia cardiaca PPG; Aceler\u00f3metro de tres ejes; Giroscopio de tres ejes<\/li>\n<li>30 modos deportivos<\/li>\n<li>Resistencia: Sumergible 5 ATM.<\/li>\n<li>Monitorizaci\u00f3n de la frecuencia cardiaca y del sue\u00f1o con seguimiento de la salud femenina.<\/li>\n<li>Notificaci\u00f3n de mensajes\/llamadas, alertas de aplicaciones, calendario, alarma, reloj, cron\u00f3metro, y mucho m\u00e1s.<\/li>\n<li>Conectividad inal\u00e1mbrica: Bluetooth 5.0<\/li>\n<li>Longitud ajustable: 155 \u2013 219 mm<\/li>\n<li>Tipo de bater\u00eda: Bater\u00eda de pol\u00edmero de iones de litio<\/li>\n<li>Capacidad de la bater\u00eda: 125 mAh<\/li>\n<li>Bater\u00eda: con una duraci\u00f3n extralarga aproximadamente de 14 d\u00edas con cargador magn\u00e9tico; 125 mAh; Carga en dos horas<\/li>\n<li>Material de la correa: TPU<\/li>\n<li>Material de la hebilla de la pulsera: Aleaci\u00f3n de aluminio<\/li>\n<li>Material de la cubierta de la pantalla: Cristal templado con revestimiento antihuellas<\/li>\n<li>Material del estuche: Pl\u00e1stico de policarbonato<\/li>\n<li>Temperatura de funcionamiento: De 0 a 45 \u00b0C<\/li>\n<li>Idioma del sistema: Ingl\u00e9s, alem\u00e1n, italiano, franc\u00e9s, espa\u00f1ol, y muchos m\u00e1s.<\/li>\n<li>Sistemas compatibles: Android 5.0 e iOS 10.0 o versiones posteriores<\/li>\n<li>OTROS: Monitorizaci\u00f3n de frecuencia card\u00edaca; Monitorizaci\u00f3n del sue\u00f1o; Seguimiento SpO2; Seguimiento de salud femenina; Monitorizaci\u00f3n de estr\u00e9s; PAI; Notificaciones; Control musical; Obturador remoto de c\u00e1mara;30 modos deportivos<\/li>\n<li>Garant\u00eda: 6 meses contra defecto de fabricaci\u00f3n<\/li>\n<\/ul>\n<h4><\/h4>\n<h4><span style=\"color: #ff0000;\"><strong>* La garant\u00eda no cubre falla que se pueda dar por un uso intensivo.<\/strong><\/span><\/h4>\n<h5><strong>*Las im\u00e1genes son a modo ilustrativo.<\/strong><\/h5>\n","protected":false},"excerpt":{"rendered":"<h3><span style=\"color: #339966;\"><strong>U$S 65<\/strong><\/span><\/h3>\n","protected":false},"featured_media":6568,"comment_status":"open","ping_status":"closed","template":"","meta":[],"_links":{"self":[{"href":"https:\/\/www.appoloviracel.com.uy\/index.php\/wp-json\/wp\/v2\/product\/6567"}],"collection":[{"href":"https:\/\/www.appoloviracel.com.uy\/index.php\/wp-json\/wp\/v2\/product"}],"about":[{"href":"https:\/\/www.appoloviracel.com.uy\/index.php\/wp-json\/wp\/v2\/types\/product"}],"replies":[{"embeddable":true,"href":"https:\/\/www.appoloviracel.com.uy\/index.php\/wp-json\/wp\/v2\/comments?post=6567"}],"wp:featuredmedia":[{"embeddable":true,"href":"https:\/\/www.appoloviracel.com.uy\/index.php\/wp-json\/wp\/v2\/media\/6568"}],"wp:attachment":[{"href":"https:\/\/www.appoloviracel.com.uy\/index.php\/wp-json\/wp\/v2\/media?parent=6567"}],"curies":[{"name":"wp","href":"https:\/\/api.w.org\/{rel}","templated":true}]}}