{"id":6533,"date":"2021-07-22T17:01:23","date_gmt":"2021-07-22T20:01:23","guid":{"rendered":"https:\/\/www.appoloviracel.com.uy\/?post_type=product&#038;p=6533"},"modified":"2022-10-17T19:03:11","modified_gmt":"2022-10-17T22:03:11","slug":"smartwatch-xiaomi-amazfit-bip-s","status":"publish","type":"product","link":"https:\/\/www.appoloviracel.com.uy\/index.php\/product\/smartwatch-xiaomi-amazfit-bip-s\/","title":{"rendered":"Smartwatch Xiaomi \u00abAmazfit BIP s\u00bb"},"content":{"rendered":"<h4>Caracter\u00edsticas y especificaciones:<\/h4>\n<p><strong>El Amazfit Bip S llega para repetir el enorme \u00e9xito del modelo original Bip, apostando por peque\u00f1os cambios que mejoran un poco m\u00e1s la experiencia con \u00e9l, incluyendo un nuevo chip GPS con mayor precisi\u00f3n, pero incidiendo de nuevo en los aspectos que m\u00e1s le hac\u00edan destacar, como su largu\u00edsima duraci\u00f3n de bater\u00eda. <\/strong>El Amazfit Bip S Lite te acompa\u00f1ar\u00e1 a donde quieras. Cuenta con una bater\u00eda que puede durar hasta 30 d\u00edas, ideal si viajas y te olvidas del cargador. Es muy liviano y c\u00f3modo. Su pantalla transflectiva siempre est\u00e1 activa, haci\u00e9ndolo ideal para los deportes al aire libre.<\/p>\n<ul>\n<li><strong>Cuerpo ultraligero de 31 grs.<\/strong><\/li>\n<li><strong>Bater\u00eda de muy larga duraci\u00f3n. <\/strong><\/li>\n<li><strong>Pantalla transflectiva a color.<\/strong><\/li>\n<li><strong>GPS de alta precisi\u00f3n Sony 28nm de baja potencia, aproximado 22 horas de funcionamiento continuo.<\/strong><\/li>\n<li><strong>Sensor \u00f3ptico de seguimiento biol\u00f3gico Biotracker PPG.<\/strong><\/li>\n<li><strong>Pantalla t\u00e1ctil TFT de 1.28&#8243;.<\/strong><\/li>\n<li><strong>Resiste hasta 50m bajo el agua.<\/strong><\/li>\n<li><strong>Con GPS integrado.<\/strong><\/li>\n<li><strong>Conectividad por bluetooth.<\/strong><\/li>\n<li><strong>Sensores incluidos: aceler\u00f3metro, sensor geomagn\u00e9tico, sensor \u00f3ptico de frecuencia card\u00edaca ppg. <\/strong><\/li>\n<li><strong>Garant\u00eda<\/strong>: 6 meses contra defecto de fabricaci\u00f3n<\/li>\n<\/ul>\n<h4><\/h4>\n<h4><span style=\"color: #ff0000;\"><strong>* La garant\u00eda no cubre falla que se pueda dar por un uso intensivo.<\/strong><\/span><\/h4>\n<h5><strong>*Las im\u00e1genes son a modo ilustrativo.<\/strong><\/h5>\n","protected":false},"excerpt":{"rendered":"<h3><span style=\"color: #ff0000;\"><strong>\u00abArt\u00edculo Agotado\u00bb<\/strong><\/span><\/h3>\n<h3><span style=\"color: #ff0000;\"><strong>\u00a0<\/strong><\/span><\/h3>\n","protected":false},"featured_media":6534,"comment_status":"open","ping_status":"closed","template":"","meta":[],"_links":{"self":[{"href":"https:\/\/www.appoloviracel.com.uy\/index.php\/wp-json\/wp\/v2\/product\/6533"}],"collection":[{"href":"https:\/\/www.appoloviracel.com.uy\/index.php\/wp-json\/wp\/v2\/product"}],"about":[{"href":"https:\/\/www.appoloviracel.com.uy\/index.php\/wp-json\/wp\/v2\/types\/product"}],"replies":[{"embeddable":true,"href":"https:\/\/www.appoloviracel.com.uy\/index.php\/wp-json\/wp\/v2\/comments?post=6533"}],"wp:featuredmedia":[{"embeddable":true,"href":"https:\/\/www.appoloviracel.com.uy\/index.php\/wp-json\/wp\/v2\/media\/6534"}],"wp:attachment":[{"href":"https:\/\/www.appoloviracel.com.uy\/index.php\/wp-json\/wp\/v2\/media?parent=6533"}],"curies":[{"name":"wp","href":"https:\/\/api.w.org\/{rel}","templated":true}]}}