{"id":652,"date":"2020-10-21T18:28:04","date_gmt":"2020-10-21T21:28:04","guid":{"rendered":"https:\/\/www.appoloviracel.com.uy\/?post_type=product&#038;p=652"},"modified":"2021-03-29T22:00:37","modified_gmt":"2021-03-30T01:00:37","slug":"hyperx-cloud-stinger-core-auriculares-gamer","status":"publish","type":"product","link":"https:\/\/www.appoloviracel.com.uy\/index.php\/product\/hyperx-cloud-stinger-core-auriculares-gamer\/","title":{"rendered":"Auricular HyperX \u00abCloud Stinger Core\u00bb (Gaming-Vincha)"},"content":{"rendered":"<h4>Caracter\u00edsticas y especificaciones:<\/h4>\n<p>Conexi\u00f3n 1 jack 3.5mm con adaptador para 2 jack 3.5mm (PC)<\/p>\n<p>HyperX Cloud Stinger \u2122 es el auricular ideal para los jugadores que buscan comodidad ligera, calidad de sonido superior y mayor comodidad.<br \/>\nCon s\u00f3lo 275 gramos, es c\u00f3modo en su cuello y sus tazas de o\u00eddo giran en un \u00e1ngulo de 90 grados para un mejor ajuste.<br \/>\nLa posici\u00f3n de los conductores direccionales de 50mm hacen que suene directamente en el o\u00eddo para la precisi\u00f3n del audio y la calidad de sonido del juegoo.<br \/>\nLargo del cable: 130cm<br \/>\nAuriculares ligeros con copas giratorias de 90 grados<br \/>\nControladores direccionales de 50mm para precisi\u00f3n de audio<br \/>\nEspuma de memoria de marca HyperX<br \/>\nControl deslizante de acero ajustable<br \/>\nControl de volumen intuitivo en el auricular<br \/>\n<strong>Micr\u00f3fono <\/strong>con cancelaci\u00f3n de ruido giratorio a mute<br \/>\nCompatibilidad con m\u00faltiples plataformas- (PS4, XBOX ONE y Nintendo Switch)<strong>.<\/strong><\/p>\n<h5><strong>*Las im\u00e1genes son a modo ilustrativo.<\/strong><\/h5>\n","protected":false},"excerpt":{"rendered":"<h3><span style=\"color: #339966;\">$ 2.655<\/span><\/h3>\n","protected":false},"featured_media":653,"comment_status":"open","ping_status":"closed","template":"","meta":[],"_links":{"self":[{"href":"https:\/\/www.appoloviracel.com.uy\/index.php\/wp-json\/wp\/v2\/product\/652"}],"collection":[{"href":"https:\/\/www.appoloviracel.com.uy\/index.php\/wp-json\/wp\/v2\/product"}],"about":[{"href":"https:\/\/www.appoloviracel.com.uy\/index.php\/wp-json\/wp\/v2\/types\/product"}],"replies":[{"embeddable":true,"href":"https:\/\/www.appoloviracel.com.uy\/index.php\/wp-json\/wp\/v2\/comments?post=652"}],"wp:featuredmedia":[{"embeddable":true,"href":"https:\/\/www.appoloviracel.com.uy\/index.php\/wp-json\/wp\/v2\/media\/653"}],"wp:attachment":[{"href":"https:\/\/www.appoloviracel.com.uy\/index.php\/wp-json\/wp\/v2\/media?parent=652"}],"curies":[{"name":"wp","href":"https:\/\/api.w.org\/{rel}","templated":true}]}}