{"id":6519,"date":"2021-07-21T19:37:59","date_gmt":"2021-07-21T22:37:59","guid":{"rendered":"https:\/\/www.appoloviracel.com.uy\/?post_type=product&#038;p=6519"},"modified":"2021-09-08T22:16:50","modified_gmt":"2021-09-09T01:16:50","slug":"tablet-alcatel-1t-10-pulgadas-smart-32gb-2gb","status":"publish","type":"product","link":"https:\/\/www.appoloviracel.com.uy\/index.php\/product\/tablet-alcatel-1t-10-pulgadas-smart-32gb-2gb\/","title":{"rendered":"Tablet Alcatel \u00ab1T\u00bb 10 pulgadas &#8211; SMART (32Gb-2Gb)"},"content":{"rendered":"<h4>Caracter\u00edsticas y especificaciones:<\/h4>\n<h6><strong>Tableta con pantalla HD de 10 \u2019pulgadas con un dise\u00f1o incre\u00edblemente liviano<\/strong><\/h6>\n<p><strong>\u00a0<\/strong>Con una pantalla IPS de 10 pulgadas y un peso de 415g, la tableta Wi-Fi Alcatel 1T 10 es la tableta m\u00e1s liviana que puede obtener con esta dimensi\u00f3n. Disfrute de su f\u00e1cil portabilidad y control parental para que pueda compartirlo con sus hijos con seguridad. Su bater\u00eda de 4000mAh le garantiza que podr\u00e1 ver, jugar y trabajar durante ocho horas con una sola carga.<\/p>\n<h6>Liviana y delgada<\/h6>\n<p>Con una pantalla IPS de 10 pulgadas y un peso de 415 gr, la tableta Wi-Fi Alcatel 1T 10 es la tableta m\u00e1s ligera que puede obtener en su tama\u00f1o.\u00a0Disfruta de su f\u00e1cil portabilidad y pantalla para compartir con familiares y amigos.\u00a0Su bater\u00eda de 4000 mAh garantiza que podr\u00e1 ver, jugar y trabajar durante ocho horas con una sola carga, junto con 16 GB de almacenamiento interno ampliable mediante tarjeta microSD de hasta 128 GB.<\/p>\n<h6>Modo ni\u00f1os<\/h6>\n<p>El Modo Ni\u00f1os brindar\u00e1 alegr\u00eda y seguridad tanto a los ni\u00f1os como a los padres.\u00a0A los ni\u00f1os les encantar\u00e1n las aplicaciones sin publicidad precargadas de la tableta preaprobadas para uso de los ni\u00f1os.\u00a0Los padres apreciar\u00e1n su panel de control parental f\u00e1cil de usar incorporado que les permite establecer el tiempo de uso y seleccionar qu\u00e9 aplicaciones est\u00e1n disponibles para los ni\u00f1os.<\/p>\n<h6>Eye Care<\/h6>\n<p>Eye Care te permite ver sin esfuerzo. Reduce la luz azul para aliviar la fatiga visual y reducir su impacto en tus patrones de sue\u00f1o. Para los usuarios ni\u00f1os, Eye Care ofrece recordatorios regulares para que descansen sus ojos y usen la tableta en una posici\u00f3n beneficiosa para su vista.<\/p>\n<h6>\u00a0Personaliz\u00e1 tu tablet<\/h6>\n<p>Gracias a la memoria interna de la tablet Alcatel 1T utilizar tus aplicaciones favoritas, manejar tus redes sociales, llevar tus juegos preferidos y guardar tu m\u00fasica, fotos e inclusive libros. Cuenta con 32GB disponibles y la posibilidad de expandirlo hasta 128GB con una tarjeta MicroSD.<\/p>\n<h6>Disfrut\u00e1 un mayor rendimiento<\/h6>\n<p>Disfrut\u00e1 de gr\u00e1ficos con una resoluci\u00f3n de 1280&#215;800 hasta megap\u00edxeles en la pantalla de 10&#8243; pulgadas. Asimismo, su sistema operativo Android 10 GO y su procesador Quad Core 1.3GHz, permitir\u00e1n mejorar el rendimiento de tu tablet.<\/p>\n<h6>Conect\u00e1 tus dispositivos<\/h6>\n<p>La Tablet Samsung, cuenta con una entrada de puerto Type C USB 2.0 High Speed . Adem\u00e1s, pod\u00e9s conectarte inal\u00e1mbricamente a internet y otros dispositivos gracias a su placa de red Wi-fi.<\/p>\n<h6>Captur\u00e1 tus momentos<\/h6>\n<p>Con su c\u00e1mara principal de 2MP vas a poder capturar im\u00e1genes con una resoluci\u00f3n incre\u00edble. Mientras que, con la c\u00e1mara frontal de 2MP realizar videollamadas o sacarte fotos va a resultar muy sencillo.<\/p>\n<ul>\n<li>Imagen: Tama\u00f1o de Pantalla10&#8243;; Resoluci\u00f3n de pantalla1280 * 800<\/li>\n<li>Memoria: Interna 32 Gb; RAM 2Gb<\/li>\n<li>Sistema Operativo: Sistema Operativo Android 10 GO<\/li>\n<li>C\u00e1mara: C\u00e1mara Trasera 2 Mpx; C\u00e1mara Frontal 2 Mp<\/li>\n<li>Conectividad: Wi-Fi; Bluetooth<\/li>\n<li>Bater\u00eda: Bater\u00eda 4.000 mAh<\/li>\n<li>Medidas 243,2 mm de alto * 162,2 mm ancho * 9,55 mm de largo<\/li>\n<li>Peso 450 grs.<\/li>\n<li>Modelo y origen: Modelo1T<\/li>\n<li>Se incluyen los siguientes accesorios: <strong>Cargador y Manual<\/strong><\/li>\n<li>Garant\u00eda: 12 meses contra defecto de fabricaci\u00f3n<\/li>\n<\/ul>\n<h5><\/h5>\n<h5><span style=\"color: #ff0000;\">Contado efectivo: 10% de Descuento<\/span><\/h5>\n<h4><\/h4>\n<h4><strong>*Las im\u00e1genes son a modo ilustrativo.<\/strong><\/h4>\n","protected":false},"excerpt":{"rendered":"<h3><span style=\"color: #339966;\"><strong>U$S 219<\/strong><\/span><\/h3>\n","protected":false},"featured_media":6520,"comment_status":"open","ping_status":"closed","template":"","meta":[],"_links":{"self":[{"href":"https:\/\/www.appoloviracel.com.uy\/index.php\/wp-json\/wp\/v2\/product\/6519"}],"collection":[{"href":"https:\/\/www.appoloviracel.com.uy\/index.php\/wp-json\/wp\/v2\/product"}],"about":[{"href":"https:\/\/www.appoloviracel.com.uy\/index.php\/wp-json\/wp\/v2\/types\/product"}],"replies":[{"embeddable":true,"href":"https:\/\/www.appoloviracel.com.uy\/index.php\/wp-json\/wp\/v2\/comments?post=6519"}],"wp:featuredmedia":[{"embeddable":true,"href":"https:\/\/www.appoloviracel.com.uy\/index.php\/wp-json\/wp\/v2\/media\/6520"}],"wp:attachment":[{"href":"https:\/\/www.appoloviracel.com.uy\/index.php\/wp-json\/wp\/v2\/media?parent=6519"}],"curies":[{"name":"wp","href":"https:\/\/api.w.org\/{rel}","templated":true}]}}