{"id":6493,"date":"2021-07-19T18:39:02","date_gmt":"2021-07-19T21:39:02","guid":{"rendered":"https:\/\/www.appoloviracel.com.uy\/?post_type=product&#038;p=6493"},"modified":"2022-06-29T16:22:23","modified_gmt":"2022-06-29T19:22:23","slug":"celular-iphone-8-256gb","status":"publish","type":"product","link":"https:\/\/www.appoloviracel.com.uy\/index.php\/product\/celular-iphone-8-256gb\/","title":{"rendered":"Celular iPhone \u00ab8\u00bb A+ (256Gb)"},"content":{"rendered":"<h4>Caracter\u00edsticas y especificaciones:<\/h4>\n<h4><strong><span lang=\"ES\" style=\"font-family: 'Calibri','sans-serif'; color: red;\">Equipo A+<\/span><\/strong><\/h4>\n<h5>Capacidad: 256 GB<\/h5>\n<h5>Dimensiones y peso<\/h5>\n<ul>\n<li>Alto: 13,84 cm<\/li>\n<li>Ancho: 6,73 cm<\/li>\n<li>Grosor: 0,73 cm<\/li>\n<li>Peso: 148 g<\/li>\n<\/ul>\n<h5><\/h5>\n<h5>Pantalla<\/h5>\n<ul>\n<li>Retina HD<\/li>\n<li>Pantalla panor\u00e1mica LCD Multi\u2011Touch de 4,7 pulgadas (en diagonal) con tecnolog\u00eda IPS<\/li>\n<li>Resoluci\u00f3n de 1.334 por 750 p\u00edxeles a 326 p\/p<\/li>\n<li>Contraste de 1.400:1 (t\u00edpico)<\/li>\n<li>Pantalla True Tone<\/li>\n<li>Gama crom\u00e1tica amplia (P3)<\/li>\n<li>3D Touch<\/li>\n<li>Brillo m\u00e1ximo de 625 nits (t\u00edpico)<\/li>\n<li>P\u00edxeles de doble dominio para un gran \u00e1ngulo de visi\u00f3n<\/li>\n<li>Cubierta ole\u00f3fuga antihuellas<\/li>\n<li>Compatibles con la presentaci\u00f3n simult\u00e1nea de m\u00faltiples idiomas y grupos de caracteres<\/li>\n<li>Zoom de Pantalla<\/li>\n<li>F\u00e1cil Alcance<\/li>\n<\/ul>\n<h5><\/h5>\n<h5>Resistencia a las salpicaduras, el agua y el polvo<\/h5>\n<ul>\n<li>Calificaci\u00f3n IP67 seg\u00fan la norma IEC 60529\u00a0(hasta 1 metro de profundidad durante un m\u00e1ximo de 30 minutos)<\/li>\n<li>Se incluyen los siguientes accesorios: <strong>Auriculares,<\/strong> <strong>Cargador y Manual<\/strong><\/li>\n<li><strong>Garant\u00eda:<\/strong> 6 meses contra defecto de fabricaci\u00f3n<\/li>\n<\/ul>\n<h4><\/h4>\n<h4><span style=\"color: #ff0000;\"><strong>Contado efectivo: 10% de Descuento<\/strong><\/span><\/h4>\n<h5><strong>*Las im\u00e1genes son a modo ilustrativo.<\/strong><\/h5>\n","protected":false},"excerpt":{"rendered":"<h3><span style=\"color: #339966;\">U$S 435<\/span><\/h3>\n<h3><span style=\"color: #339966;\"><strong>\u00a0<\/strong><\/span><\/h3>\n","protected":false},"featured_media":6515,"comment_status":"open","ping_status":"closed","template":"","meta":[],"_links":{"self":[{"href":"https:\/\/www.appoloviracel.com.uy\/index.php\/wp-json\/wp\/v2\/product\/6493"}],"collection":[{"href":"https:\/\/www.appoloviracel.com.uy\/index.php\/wp-json\/wp\/v2\/product"}],"about":[{"href":"https:\/\/www.appoloviracel.com.uy\/index.php\/wp-json\/wp\/v2\/types\/product"}],"replies":[{"embeddable":true,"href":"https:\/\/www.appoloviracel.com.uy\/index.php\/wp-json\/wp\/v2\/comments?post=6493"}],"wp:featuredmedia":[{"embeddable":true,"href":"https:\/\/www.appoloviracel.com.uy\/index.php\/wp-json\/wp\/v2\/media\/6515"}],"wp:attachment":[{"href":"https:\/\/www.appoloviracel.com.uy\/index.php\/wp-json\/wp\/v2\/media?parent=6493"}],"curies":[{"name":"wp","href":"https:\/\/api.w.org\/{rel}","templated":true}]}}