{"id":6476,"date":"2021-07-16T21:43:13","date_gmt":"2021-07-17T00:43:13","guid":{"rendered":"https:\/\/www.appoloviracel.com.uy\/?post_type=product&#038;p=6476"},"modified":"2021-10-19T13:53:17","modified_gmt":"2021-10-19T16:53:17","slug":"auricular-gorsun-e62-bluetooth-cable","status":"publish","type":"product","link":"https:\/\/www.appoloviracel.com.uy\/index.php\/product\/auricular-gorsun-e62-bluetooth-cable\/","title":{"rendered":"Auricular Gorsun \u00abE62\u00bb (Bluetooth + cable)"},"content":{"rendered":"<h4>Caracter\u00edsticas y especificaciones:<\/h4>\n<ul>\n<li><strong>Auriculares inal\u00e1mbricos para ni\u00f1os gorsun E62 con regulador de volumen de 85dB, Wireless para ni\u00f1os<\/strong><\/li>\n<li><strong>*** Volumen limitado de protecci\u00f3n: 85dB<\/strong><\/li>\n<li><strong>Volumen limitado para protecci\u00f3n auditiva: los auriculares supraaurales gorsun para ni\u00f1os protegen a sus ni\u00f1os y ni\u00f1as de da\u00f1o auditivo cuando juegan durante mucho tiempo con un volumen limitado de 85dB. El volumen se puede cambiar de 85dB a normal.<\/strong><\/li>\n<li><strong>A 95dB en un entorno ruidoso. Bloquea el ruido ambiental y escucha cada melod\u00eda y letra claramente<\/strong><\/li>\n<li><strong>*** Modo inal\u00e1mbrico o por cable: Integrado<\/strong><\/li>\n<li><strong>Bater\u00eda recargable de 400 mAh, solo tarda 1 hora en cargarse y los ni\u00f1os pueden disfrutar de hasta 15 horas de diversi\u00f3n. Tambi\u00e9n proporcionamos un cable de audio de 3,5 mm, libremente cambie al modo cableado para que la m\u00fasica siga sonando cuando se agote la bater\u00eda.<\/strong><\/li>\n<li><strong>Funciona con tel\u00e9fonos inteligentes, tabletas, PC y reproductores de m\u00fasica.<\/strong><\/li>\n<li><strong>*** Material para ni\u00f1os: Seguro<\/strong><\/li>\n<li><strong>El material suave de calidad alimentaria sin esquinas afiladas protege a sus hijos de cualquier lesi\u00f3n por rasgu\u00f1o. Los auriculares son duraderos, lo que permite torcerlos o doblados. Calidad superior y no hay necesidad de preocuparse por el comportamiento travieso de los ni\u00f1os hacia eso.<\/strong><\/li>\n<li><strong>*** Dise\u00f1o plegable<\/strong><\/li>\n<li><strong>El dise\u00f1o hace que los auriculares Gorsun para ni\u00f1os se plieguen f\u00e1cilmente, adecuados para el almacenamiento, mochila, escritorio en la escuela o maleta. Lleve los auriculares ligeros para ni\u00f1os a la escuela, campamentos, caminatas y otras actividades al aire libre.<\/strong><\/li>\n<li><strong>*** Par\u00e1metros:<\/strong><\/li>\n<li><strong>Rango de trabajo: 1 2 m<\/strong><\/li>\n<li><strong>Voltaje de la bater\u00eda: 3. 7<\/strong><\/li>\n<li><strong>Capacidad de la bater\u00eda: 4OO mah<\/strong><\/li>\n<li><strong>Voltaje de carga de la bater\u00eda: DC4. 2-5,5 V<\/strong><\/li>\n<li><strong>Tiempo de carga: aproximadamente 2 H<\/strong><\/li>\n<li><strong>Tiempo de trabajo: alrededor de 15 horas<\/strong><\/li>\n<li><strong>Sensibilidad: 85\/95 dB<\/strong><\/li>\n<li><strong>Di\u00e1metro del altavoz: 40 mm<\/strong><\/li>\n<li><strong>El paquete incluye:<\/strong><\/li>\n<li><strong>1 x ni\u00f1os<\/strong><\/li>\n<li><strong>Auriculares<\/strong><\/li>\n<li><strong>1 x cable de carga USB<\/strong><\/li>\n<li><strong>1 cable de 3,5 mm.<\/strong><\/li>\n<\/ul>\n<h5><strong>*Las im\u00e1genes son a modo ilustrativo.<\/strong><\/h5>\n","protected":false},"excerpt":{"rendered":"<h3><span style=\"color: #339966;\"><strong>$ 1190<\/strong><\/span><\/h3>\n","protected":false},"featured_media":6477,"comment_status":"open","ping_status":"closed","template":"","meta":[],"_links":{"self":[{"href":"https:\/\/www.appoloviracel.com.uy\/index.php\/wp-json\/wp\/v2\/product\/6476"}],"collection":[{"href":"https:\/\/www.appoloviracel.com.uy\/index.php\/wp-json\/wp\/v2\/product"}],"about":[{"href":"https:\/\/www.appoloviracel.com.uy\/index.php\/wp-json\/wp\/v2\/types\/product"}],"replies":[{"embeddable":true,"href":"https:\/\/www.appoloviracel.com.uy\/index.php\/wp-json\/wp\/v2\/comments?post=6476"}],"wp:featuredmedia":[{"embeddable":true,"href":"https:\/\/www.appoloviracel.com.uy\/index.php\/wp-json\/wp\/v2\/media\/6477"}],"wp:attachment":[{"href":"https:\/\/www.appoloviracel.com.uy\/index.php\/wp-json\/wp\/v2\/media?parent=6476"}],"curies":[{"name":"wp","href":"https:\/\/api.w.org\/{rel}","templated":true}]}}