{"id":6422,"date":"2021-06-30T18:00:59","date_gmt":"2021-06-30T21:00:59","guid":{"rendered":"https:\/\/www.appoloviracel.com.uy\/?post_type=product&#038;p=6422"},"modified":"2021-08-21T22:26:56","modified_gmt":"2021-08-22T01:26:56","slug":"celular-tecno-spark-7pro-128gb4gbf-ace-a2se","status":"publish","type":"product","link":"https:\/\/www.appoloviracel.com.uy\/index.php\/product\/celular-tecno-spark-7pro-128gb4gbf-ace-a2se\/","title":{"rendered":"Celular TECNO \u00abSpark 7Pro\u00bb (128Gb+4Gb)F + Ace \u00abA2se\u00bb"},"content":{"rendered":"<h4>Caracter\u00edsticas y especificaciones:<\/h4>\n<ul>\n<li>Tecno ha lanzado un nuevo tel\u00e9fono inteligente llamado \u2018Spark 7 Pro\u2019 bajo la serie Spark 7. Es un tel\u00e9fono de gama alta.<\/li>\n<li>El celular Tecno Spark 7 Pro 128GB\/4GB Negro est\u00e1 equipado con una pantalla LCD Full HD de 6.6 pulgadas. La pantalla viene con una actualizaci\u00f3n de 90Hz y resoluci\u00f3n HD +. Adem\u00e1s el dispositivo ejecuta HiOS 7.5 basado en el sistema operativo Android 11.<\/li>\n<li>El Tecno Spark 7 Pro 128GB\/4GB Negro, se alimenta del chipset MediaTek Helio G80 con hasta 4 GB de RAM y 128 GB de almacenamiento y este se puede expandir\u00a0 a trav\u00e9s de una microSD para obtener m\u00e1s espacio.<\/li>\n<li>En la parte trasera, el tel\u00e9fono tiene un sistema de c\u00e1mara triple con un sensor primario de 48 megap\u00edxeles, un sensor de profundidad y una lente AI. En la parte frontal, el tel\u00e9fono tiene un autofoto de 8 megap\u00edxeles.<\/li>\n<li>El tel\u00e9fono incluye una bater\u00eda de 5.000 mAh con soporte de carga de 10 W. El panel posterior del tel\u00e9fono tambi\u00e9n cuenta con un esc\u00e1ner de huellas dactilares.<\/li>\n<li>Tiene Sistema Operativo Android Go: una experiencia para los tel\u00e9fonos inteligentes de entrada. Es lo mejor en Android, construido con aplicaciones nuevas y reinventadas.<\/li>\n<\/ul>\n<p>&nbsp;<\/p>\n<ul>\n<li>Pantalla t\u00e1ctil de 6.6\u201d<\/li>\n<li>720 * 1600 pixeles<\/li>\n<li><strong>Procesador:<\/strong> Octa-core (2\u00d72.0 GHz Cortex-A75 &amp; 6*1.8 GHz Cortex-A55<\/li>\n<li><strong>Memoria:<\/strong> 128Gb<\/li>\n<li><strong>RAM:\u00a0<\/strong>4Gb<\/li>\n<li><strong>C\u00e1mara trasera: <\/strong>Triple 48 MP + 48MP + 48MP<\/li>\n<li><strong>C\u00e1mara delantera:<\/strong> 12MP<\/li>\n<li><strong>Bater\u00eda:\u00a0<\/strong>5000 mAh<\/li>\n<li><strong>OS:\u00a0<\/strong>Android 10<\/li>\n<li>Se incluyen los siguientes accesorios: <strong>Cargador y Manual<\/strong><\/li>\n<li><strong>Garant\u00eda:<\/strong> 12 meses contra defecto de fabricaci\u00f3n<\/li>\n<\/ul>\n<h4><\/h4>\n<h4><span style=\"color: #ff0000;\"><strong>Contado efectivo: 10% de Descuento<\/strong><\/span><\/h4>\n<h5><strong>*Las im\u00e1genes son a modo ilustrativo.<\/strong><\/h5>\n","protected":false},"excerpt":{"rendered":"<h3><span style=\"color: #339966;\"><strong>U$S 275<\/strong><\/span><\/h3>\n","protected":false},"featured_media":6423,"comment_status":"open","ping_status":"closed","template":"","meta":[],"_links":{"self":[{"href":"https:\/\/www.appoloviracel.com.uy\/index.php\/wp-json\/wp\/v2\/product\/6422"}],"collection":[{"href":"https:\/\/www.appoloviracel.com.uy\/index.php\/wp-json\/wp\/v2\/product"}],"about":[{"href":"https:\/\/www.appoloviracel.com.uy\/index.php\/wp-json\/wp\/v2\/types\/product"}],"replies":[{"embeddable":true,"href":"https:\/\/www.appoloviracel.com.uy\/index.php\/wp-json\/wp\/v2\/comments?post=6422"}],"wp:featuredmedia":[{"embeddable":true,"href":"https:\/\/www.appoloviracel.com.uy\/index.php\/wp-json\/wp\/v2\/media\/6423"}],"wp:attachment":[{"href":"https:\/\/www.appoloviracel.com.uy\/index.php\/wp-json\/wp\/v2\/media?parent=6422"}],"curies":[{"name":"wp","href":"https:\/\/api.w.org\/{rel}","templated":true}]}}