{"id":6357,"date":"2021-06-17T19:02:54","date_gmt":"2021-06-17T22:02:54","guid":{"rendered":"https:\/\/www.appoloviracel.com.uy\/?post_type=product&#038;p=6357"},"modified":"2021-08-12T21:21:12","modified_gmt":"2021-08-13T00:21:12","slug":"parlante-xo-f25-bluetooth","status":"publish","type":"product","link":"https:\/\/www.appoloviracel.com.uy\/index.php\/product\/parlante-xo-f25-bluetooth\/","title":{"rendered":"Parlante XO \u00abF25\u00bb (Bluetooth)"},"content":{"rendered":"<h4>Caracter\u00edsticas y especificaciones:<\/h4>\n<p>Caracter\u00edsticas:<\/p>\n<ul>\n<li>\u00a0\u00a0 Altavoz: Bluetooth<\/li>\n<li>\u00a0\u00a0\u00a0 Radio: FM<\/li>\n<li>\u00a0\u00a0\u00a0 TWS: Puedes comprar una segunda unidad y emparejar<\/li>\n<li>\u00a0\u00a0\u00a0 Auxiliar In: puede conectar su PC, tableta o dispositivo externo a trav\u00e9s de un cable de 3,5 mm<\/li>\n<li>\u00a0\u00a0\u00a0 Entrada USB: reproduce m\u00fasica a trav\u00e9s de una memoria USB<\/li>\n<li>\u00a0\u00a0\u00a0 Ranura para tarjeta SD: reproduce m\u00fasica a trav\u00e9s de la tarjeta SD<\/li>\n<li>\u00a0\u00a0\u00a0 Karaoke: ven con un micr\u00f3fono y te permite cantar tu melod\u00eda favorita o simplemente \u00fasalo como un sistema de anuncios p\u00fablicos (PA)<\/li>\n<\/ul>\n<p>Especificaci\u00f3n:<\/p>\n<ul>\n<li>\u00a0\u00a0\u00a0 Marca: XO<\/li>\n<li>\u00a0\u00a0\u00a0 Versi\u00f3n de Bluetooth: Bluetooth V5.0<\/li>\n<li>\u00a0\u00a0\u00a0 Capacidad de la bater\u00eda: 1500 mA<\/li>\n<li>\u00a0\u00a0\u00a0 Tiempo de m\u00fasica: alrededor de 4 horas.<\/li>\n<li>\u00a0\u00a0\u00a0 Tiempo de carga: alrededor de 3-4 horas<\/li>\n<li>\u00a0\u00a0\u00a0 Tama\u00f1o del producto: 250 x 100 mm<\/li>\n<li>\u00a0\u00a0\u00a0 Tama\u00f1o del paquete: 255 x 160 x 115 mm<\/li>\n<li>\u00a0\u00a0\u00a0 Distancia de Bluetooth: unos 10 metros<\/li>\n<li>\u00a0\u00a0\u00a0 Est\u00e1ndar de carga: Micro USB, DC5V, 600mA<\/li>\n<li>\u00a0\u00a0\u00a0 Material del producto: ABS<\/li>\n<li>\u00a0\u00a0\u00a0 Frecuencia de trabajo: 2.402GHz &#8211; 2.480GHz<\/li>\n<li>\u00a0\u00a0\u00a0 Potencia de salida 2 * 5 W<\/li>\n<li>\u00a0\u00a0\u00a0 Modo de reproducci\u00f3n: tarjeta TF, unidad USB, reproducci\u00f3n AUX, FM<\/li>\n<li>\u00a0\u00a0\u00a0 Color: negro<\/li>\n<\/ul>\n<h5><\/h5>\n<h5><strong>*Las im\u00e1genes son a modo ilustrativo.<\/strong><\/h5>\n","protected":false},"excerpt":{"rendered":"<h3><span style=\"color: #339966;\"><strong>$ 2.350 \u00a0<\/strong><\/span><\/h3>\n","protected":false},"featured_media":6358,"comment_status":"open","ping_status":"closed","template":"","meta":[],"_links":{"self":[{"href":"https:\/\/www.appoloviracel.com.uy\/index.php\/wp-json\/wp\/v2\/product\/6357"}],"collection":[{"href":"https:\/\/www.appoloviracel.com.uy\/index.php\/wp-json\/wp\/v2\/product"}],"about":[{"href":"https:\/\/www.appoloviracel.com.uy\/index.php\/wp-json\/wp\/v2\/types\/product"}],"replies":[{"embeddable":true,"href":"https:\/\/www.appoloviracel.com.uy\/index.php\/wp-json\/wp\/v2\/comments?post=6357"}],"wp:featuredmedia":[{"embeddable":true,"href":"https:\/\/www.appoloviracel.com.uy\/index.php\/wp-json\/wp\/v2\/media\/6358"}],"wp:attachment":[{"href":"https:\/\/www.appoloviracel.com.uy\/index.php\/wp-json\/wp\/v2\/media?parent=6357"}],"curies":[{"name":"wp","href":"https:\/\/api.w.org\/{rel}","templated":true}]}}