{"id":6175,"date":"2021-05-30T12:02:13","date_gmt":"2021-05-30T15:02:13","guid":{"rendered":"https:\/\/www.appoloviracel.com.uy\/?post_type=product&#038;p=6175"},"modified":"2021-06-30T18:10:28","modified_gmt":"2021-06-30T21:10:28","slug":"soporte-xo-c46b-plegable-para-escritorio-smartphone-tablets-hasta-12-9-pulgadas","status":"publish","type":"product","link":"https:\/\/www.appoloviracel.com.uy\/index.php\/product\/soporte-xo-c46b-plegable-para-escritorio-smartphone-tablets-hasta-12-9-pulgadas\/","title":{"rendered":"Soporte XO \u00abC46B\u00bb plegable para escritorio &#8211;  Smartphone\/Tablets hasta 12.9 pulgadas"},"content":{"rendered":"<h4>Caracter\u00edsticas y especificaciones:<\/h4>\n<ul>\n<li>Mini plegable y f\u00e1cil de transportar.<\/li>\n<li>Ajuste de altura y posici\u00f3n<\/li>\n<li>Admite Tablet hasta 12.9\u2033<\/li>\n<li>Dise\u00f1o de doble eje para c\u00f3mo ajuste del \u00e1ngulo<\/li>\n<li>Antideslizante.<\/li>\n<\/ul>\n<h5><\/h5>\n<h5><strong>*Las im\u00e1genes son a modo ilustrativo.<\/strong><\/h5>\n","protected":false},"excerpt":{"rendered":"<h3><span style=\"color: #339966;\"><strong>$ 1.050 \u00a0<\/strong><\/span><\/h3>\n","protected":false},"featured_media":6176,"comment_status":"open","ping_status":"closed","template":"","meta":[],"_links":{"self":[{"href":"https:\/\/www.appoloviracel.com.uy\/index.php\/wp-json\/wp\/v2\/product\/6175"}],"collection":[{"href":"https:\/\/www.appoloviracel.com.uy\/index.php\/wp-json\/wp\/v2\/product"}],"about":[{"href":"https:\/\/www.appoloviracel.com.uy\/index.php\/wp-json\/wp\/v2\/types\/product"}],"replies":[{"embeddable":true,"href":"https:\/\/www.appoloviracel.com.uy\/index.php\/wp-json\/wp\/v2\/comments?post=6175"}],"wp:featuredmedia":[{"embeddable":true,"href":"https:\/\/www.appoloviracel.com.uy\/index.php\/wp-json\/wp\/v2\/media\/6176"}],"wp:attachment":[{"href":"https:\/\/www.appoloviracel.com.uy\/index.php\/wp-json\/wp\/v2\/media?parent=6175"}],"curies":[{"name":"wp","href":"https:\/\/api.w.org\/{rel}","templated":true}]}}