{"id":613,"date":"2020-10-20T18:54:17","date_gmt":"2020-10-20T21:54:17","guid":{"rendered":"https:\/\/www.appoloviracel.com.uy\/?post_type=product&#038;p=613"},"modified":"2021-03-29T22:55:21","modified_gmt":"2021-03-30T01:55:21","slug":"apple-ear-pods-mmmtn2z-a","status":"publish","type":"product","link":"https:\/\/www.appoloviracel.com.uy\/index.php\/product\/apple-ear-pods-mmmtn2z-a\/","title":{"rendered":"Auricular Apple \u00abEarPods Headphone Plug\u00bb (Intrauditivo)"},"content":{"rendered":"<h4>Caracter\u00edsticas y especificaciones:<\/h4>\n<p>Dise\u00f1ados por Apple.<br \/>\nTonos bajos m\u00e1s ricos y profundos.<br \/>\nM\u00e1s protecci\u00f3n contra el agua y la transpiraci\u00f3n.<br \/>\nControle la reproducci\u00f3n de m\u00fasica y videos.<br \/>\nResponda y finaliza llamadas.<br \/>\nIncluye control in-line y micr\u00f3fono.<br \/>\nConector de 3.5mm.<\/p>\n<h5><strong>*Las im\u00e1genes son a modo ilustrativo.<\/strong><\/h5>\n","protected":false},"excerpt":{"rendered":"<h3><span style=\"color: #339966;\">$ 950<\/span><\/h3>\n","protected":false},"featured_media":614,"comment_status":"open","ping_status":"closed","template":"","meta":[],"_links":{"self":[{"href":"https:\/\/www.appoloviracel.com.uy\/index.php\/wp-json\/wp\/v2\/product\/613"}],"collection":[{"href":"https:\/\/www.appoloviracel.com.uy\/index.php\/wp-json\/wp\/v2\/product"}],"about":[{"href":"https:\/\/www.appoloviracel.com.uy\/index.php\/wp-json\/wp\/v2\/types\/product"}],"replies":[{"embeddable":true,"href":"https:\/\/www.appoloviracel.com.uy\/index.php\/wp-json\/wp\/v2\/comments?post=613"}],"wp:featuredmedia":[{"embeddable":true,"href":"https:\/\/www.appoloviracel.com.uy\/index.php\/wp-json\/wp\/v2\/media\/614"}],"wp:attachment":[{"href":"https:\/\/www.appoloviracel.com.uy\/index.php\/wp-json\/wp\/v2\/media?parent=613"}],"curies":[{"name":"wp","href":"https:\/\/api.w.org\/{rel}","templated":true}]}}