{"id":6128,"date":"2021-05-25T14:15:06","date_gmt":"2021-05-25T17:15:06","guid":{"rendered":"https:\/\/www.appoloviracel.com.uy\/?post_type=product&#038;p=6128"},"modified":"2021-06-14T21:48:32","modified_gmt":"2021-06-15T00:48:32","slug":"microfono-altavoz-wster-ws-858-inalambrico-bluetooth-hifi-para-karaoke-portatil","status":"publish","type":"product","link":"https:\/\/www.appoloviracel.com.uy\/index.php\/product\/microfono-altavoz-wster-ws-858-inalambrico-bluetooth-hifi-para-karaoke-portatil\/","title":{"rendered":"Micr\u00f3fono-Altavoz WSTER \u00abWS-858\u00bb Inal\u00e1mbrico, Bluetooth, HiFi, para karaoke, port\u00e1til"},"content":{"rendered":"<h4>Caracter\u00edsticas y especificaciones:<\/h4>\n<ul>\n<li>Port\u00e1til y duradero, ligero, f\u00e1cil de transportar la tecnolog\u00eda Bluetooth para un consumo de energ\u00eda m\u00e1s bajo pero una conexi\u00f3n m\u00e1s estable y acelera la transmisi\u00f3n inal\u00e1mbrica de la velocidad, distancia de funcionamiento eficaz. La protecci\u00f3n de la c\u00e1scara met\u00e1lica y el sonido sin p\u00e9rdida de Super Baja crean una experiencia de escucha de alta calidad.<\/li>\n<li>Funci\u00f3n de supresi\u00f3n de ruido inal\u00e1mbrica micr\u00f3fono capacitiva, puedes disfrutar de cantar la m\u00fasica maravillosa por s\u00ed mismo. Dise\u00f1o inal\u00e1mbrico Bluetooth para la conexi\u00f3n a todos los dispositivos inteligentes compatibles con Bluetooth. La distorsi\u00f3n es inferior a 0,5\u00a0para%, reducir eficazmente la p\u00e9rdida de calidad de sonido. Dise\u00f1o de bolsa al aire libre de modo, se engancha sobre el bicicleta o tomado en la mano, le permiten disfrutar de la m\u00fasica de todo el camino.<\/li>\n<li>Tambi\u00e9n puede grabar con un tel\u00e9fono m\u00f3vil, conectar el cable de grabaci\u00f3n y abrir el karaoke App en el tel\u00e9fono m\u00f3vil y, a continuaci\u00f3n, puede grabar la canci\u00f3n y la grabar. Adecuado para los viajes de picnic, fiesta, entretenimiento familiar, karaoke canto, etc., compatible con la mayor\u00eda de los tel\u00e9fonos m\u00f3viles y tabletas.<\/li>\n<li>Especificaci\u00f3n:<\/li>\n<li>Potencia de salida: 5\u00a0W<\/li>\n<li>Rango de frecuencia: 100\u00a0Hz ~ 10\u00a0kHz<\/li>\n<li>Nivel de presi\u00f3n ac\u00fastica m\u00e1ximo: &gt; 115dB 1\u00a0kHz<\/li>\n<li>TDH &lt; 1% modo de reverberaci\u00f3n: Reflexi\u00f3n de la Efecto de sonido<\/li>\n<li>Bater\u00eda: li-18650\u00a0integrada<\/li>\n<li>capacidad de la bater\u00eda: 1800\u00a0mAh<\/li>\n<li>Potencia de carga: DC 5\u00a0V<\/li>\n<li>Color: Champ\u00e1n\/Negro\/Oro<\/li>\n<li>Tama\u00f1o: 20\u00a0* 7\u00a0* 7\u00a0cm.<\/li>\n<\/ul>\n<p><strong>\u00a0<\/strong><\/p>\n<h5><strong>*Las im\u00e1genes son a modo ilustrativo.<\/strong><\/h5>\n","protected":false},"excerpt":{"rendered":"<h3><span style=\"color: #339966;\"><strong>$ 730 \u00a0<\/strong><\/span><\/h3>\n","protected":false},"featured_media":6129,"comment_status":"open","ping_status":"closed","template":"","meta":[],"_links":{"self":[{"href":"https:\/\/www.appoloviracel.com.uy\/index.php\/wp-json\/wp\/v2\/product\/6128"}],"collection":[{"href":"https:\/\/www.appoloviracel.com.uy\/index.php\/wp-json\/wp\/v2\/product"}],"about":[{"href":"https:\/\/www.appoloviracel.com.uy\/index.php\/wp-json\/wp\/v2\/types\/product"}],"replies":[{"embeddable":true,"href":"https:\/\/www.appoloviracel.com.uy\/index.php\/wp-json\/wp\/v2\/comments?post=6128"}],"wp:featuredmedia":[{"embeddable":true,"href":"https:\/\/www.appoloviracel.com.uy\/index.php\/wp-json\/wp\/v2\/media\/6129"}],"wp:attachment":[{"href":"https:\/\/www.appoloviracel.com.uy\/index.php\/wp-json\/wp\/v2\/media?parent=6128"}],"curies":[{"name":"wp","href":"https:\/\/api.w.org\/{rel}","templated":true}]}}